{"id":4204,"date":"2020-06-29T19:52:32","date_gmt":"2020-06-29T19:52:32","guid":{"rendered":"http:\/\/lali-begood.com\/personalitzats\/"},"modified":"2021-04-30T11:43:51","modified_gmt":"2021-04-30T11:43:51","slug":"personalizados","status":"publish","type":"page","link":"https:\/\/lali-begood.com\/es\/personalizados\/","title":{"rendered":"Audiocuentos personalizados"},"content":{"rendered":"<p>[spb_row element_name=\u00bbRow\u00bb wrap_type=\u00bbstandard-width\u00bb row_bg_type=\u00bbcolor\u00bb color_row_height=\u00bbcontent-height\u00bb bg_type=\u00bbcover\u00bb parallax_image_height=\u00bbcontent-height\u00bb parallax_image_movement=\u00bbfixed\u00bb parallax_image_speed=\u00bbstandard\u00bb bg_video_loop=\u00bbyes\u00bb parallax_video_height=\u00bbwindow-height\u00bb row_top_style=\u00bbnone\u00bb row_bottom_style=\u00bbnone\u00bb parallax_video_overlay=\u00bbnone\u00bb row_overlay_opacity=\u00bb0&#8243; remove_element_spacing=\u00bbno\u00bb row_col_spacing=\u00bb0&#8243; row_col_pos=\u00bbtop\u00bb row_col_content_pos=\u00bbtop\u00bb row_col_equal_heights=\u00bbno\u00bb row_expanding=\u00bbno\u00bb row_animation=\u00bbnone\u00bb row_animation_delay=\u00bb0&#8243; minimize_row=\u00bbno\u00bb simplified_controls=\u00bbyes\u00bb custom_css_percentage=\u00bbyes\u00bb custom_css=\u00bbmargin-top: 0%;margin-bottom: 0%;padding-top: 4%;padding-bottom: 4%;\u00bb border_styling_global=\u00bbdefault\u00bb width=\u00bb1\/1&#8243; el_position=\u00bbfirst last\u00bb] [spb_image image=\u00bb4239&#8243; image_size=\u00bbfull\u00bb frame=\u00bbnoframe\u00bb caption_pos=\u00bbhover\u00bb remove_rounded=\u00bbyes\u00bb fullwidth=\u00bbno\u00bb overflow_mode=\u00bbnone\u00bb link_target=\u00bb_self\u00bb lightbox=\u00bbno\u00bb intro_animation=\u00bbnone\u00bb animation_delay=\u00bb200&#8243; width=\u00bb1\/3&#8243; el_position=\u00bbfirst\u00bb][\/spb_image] [spb_text_block animation=\u00bbnone\u00bb animation_delay=\u00bb0&#8243; simplified_controls=\u00bbyes\u00bb custom_css_percentage=\u00bbno\u00bb padding_vertical=\u00bb0&#8243; padding_horizontal=\u00bb0&#8243; margin_vertical=\u00bb0&#8243; custom_css=\u00bbmargin-top: 0px;margin-bottom: 0px;\u00bb border_size=\u00bb0&#8243; border_styling_global=\u00bbdefault\u00bb width=\u00bb2\/3&#8243; el_position=\u00bblast\u00bb]<\/p>\n<h6 style=\"text-align: center;\">Tu peque ser\u00e1 el protagonista principal de un audiocuento lleno de m\u00fasica, aventuras y buen humor.<\/h6>\n<p style=\"text-align: center;\">\u00a1Su nombre <strong>aparecer\u00e1 en lugar del personaje principal<\/strong> durante toda la historia!<\/p>\n<p>[\/spb_text_block] [spb_text_block animation=\u00bbnone\u00bb animation_delay=\u00bb0&#8243; simplified_controls=\u00bbyes\u00bb custom_css_percentage=\u00bbno\u00bb padding_vertical=\u00bb0&#8243; padding_horizontal=\u00bb0&#8243; margin_vertical=\u00bb0&#8243; custom_css=\u00bbmargin-top: 0px;margin-bottom: 0px;\u00bb border_size=\u00bb0&#8243; border_styling_global=\u00bbdefault\u00bb width=\u00bb1\/1&#8243; el_position=\u00bbfirst last\u00bb]<\/p>\n<hr \/>\n<h2 style=\"text-align: center;\">\u00a1Pide tu nombre!<\/h2>\n<p style=\"text-align: center;\">Consulta la lista que encontrar\u00e1s a continuaci\u00f3n para saber en qu\u00e9 t\u00edtulos est\u00e1\u00a0<strong>disponible<\/strong> el nombre de tu peque.<\/p>\n<p style=\"text-align: center;\">Luego <a href=\"https:\/\/lali-begood.com\/contacte\/\" target=\"_blank\" rel=\"noopener noreferrer\"><b>cont\u00e1ctanos<\/b><\/a> para solicitar tu pedido. Si vienes del club <strong>TR3SC indica tu c\u00f3digo para el 15% de descuento!<\/strong><\/p>\n<p style=\"text-align: center;\"><a class=\"sf-button large accent sf-icon-reveal  sf-button-rounded dropshadow sf-button-has-icon\" href=\"https:\/\/docs.google.com\/spreadsheets\/d\/1x6EykGh-bLiNvnyuCMYtDxJplGU_jDQrKw8i_f4JLhk\/edit?usp=sharing\" target=\"_blank\" rel=\"\"><i class=\"fas fa-angle-right\"><\/i><span class=\"text\">Consulta los nombres disponibles<\/span><\/a><\/p>\n<p>[\/spb_text_block] [spb_blank_spacer height=\u00bb30px\u00bb width=\u00bb1\/1&#8243; el_position=\u00bbfirst last\u00bb] [spb_text_block animation=\u00bbnone\u00bb animation_delay=\u00bb0&#8243; simplified_controls=\u00bbyes\u00bb custom_css_percentage=\u00bbyes\u00bb padding_vertical=\u00bb0&#8243; padding_horizontal=\u00bb2&#8243; margin_vertical=\u00bb0&#8243; custom_css=\u00bbmargin-top: 0%;margin-bottom: 0%;padding-left: 2%;padding-right: 2%;\u00bb border_size=\u00bb0&#8243; border_styling_global=\u00bbdefault\u00bb width=\u00bb1\/1&#8243; el_position=\u00bbfirst last\u00bb]<\/p>\n<h4 style=\"text-align: center;\">\u00bfPor qu\u00e9 es un regalo tan original?<\/h4>\n<ul>\n<li>Historias llenas de aventuras y sentido del humor que transmiten\u00a0 <strong>valores contempor\u00e1neos<\/strong> (ecolog\u00eda, diversidad cultural, la importancia de equivocarse, el trabajo en equipo&#8230;).<\/li>\n<li>Con <strong>canciones<\/strong>, m\u00fasica y ambientaci\u00f3n sonora de alta calidad para hacer la experiencia m\u00e1s inmersiva.<\/li>\n<li>Influyen en la <strong>imaginaci\u00f3n<\/strong> y la <strong>autoestima<\/strong>, ya que el peque se siente muy especial.<\/li>\n<li>Estimulan <strong>la escucha activa<\/strong> y el inter\u00e9s por la <strong>lectura<\/strong>.<\/li>\n<li>El audiocuento \u00abAventura de cumplea\u00f1os\u00bb menciona <strong>la edad del peque<\/strong> (te pediremos cu\u00e1ntos a\u00f1os cumple).<\/li>\n<li>Los audiocuentos personalizados tienen un <strong>coste de 19\u20ac<\/strong> y se env\u00edan en formato\u00a0 <strong>digital<\/strong> (MP3). El pack digital incluye el audiocuento, la cover, las canciones por separado y la gu\u00eda did\u00e1ctica de actividades (aquellos que la tienen).<\/li>\n<\/ul>\n<p>&nbsp;<\/p>\n<h4 style=\"text-align: center;\">Escucha los t\u00edtulos disponibles<\/h4>\n<p style=\"text-align: center;\">Una vez personalizado, el nombre de tu peque se escuchar\u00e1 cada vez que oyes \u00abLali\u00bb en el gen\u00e9rico.<\/p>\n<p>[\/spb_text_block] [spb_text_block element_name=\u00bbBosc OK\u00bb animation=\u00bbnone\u00bb animation_delay=\u00bb0&#8243; simplified_controls=\u00bbyes\u00bb custom_css_percentage=\u00bbno\u00bb padding_vertical=\u00bb0&#8243; padding_horizontal=\u00bb0&#8243; margin_vertical=\u00bb0&#8243; custom_css=\u00bbmargin-top: 0px;margin-bottom: 0px;\u00bb border_size=\u00bb0&#8243; border_styling_global=\u00bbdefault\u00bb width=\u00bb1\/3&#8243; el_position=\u00bbfirst\u00bb]<\/p>\n<iframe loading=\"lazy\" width=\"350\" height=\"470\" style=\"position: relative; display: block; width: 350px; height: 470px;\" src=\"\/\/bandcamp.com\/EmbeddedPlayer\/v=2\/album=1287324301\/size=large\/bgcol=ffffff\/linkcol=0687f5\/tracklist=false\/\" allowtransparency=\"true\" frameborder=\"0\"><\/iframe>\n<p>[\/spb_text_block] [spb_text_block element_name=\u00bbAventura\u00bb animation=\u00bbnone\u00bb animation_delay=\u00bb0&#8243; simplified_controls=\u00bbyes\u00bb custom_css_percentage=\u00bbno\u00bb padding_vertical=\u00bb0&#8243; padding_horizontal=\u00bb0&#8243; margin_vertical=\u00bb0&#8243; custom_css=\u00bbmargin-top: 0px;margin-bottom: 0px;\u00bb border_size=\u00bb0&#8243; border_styling_global=\u00bbdefault\u00bb width=\u00bb1\/3&#8243;]<\/p>\n<iframe loading=\"lazy\" width=\"350\" height=\"470\" style=\"position: relative; display: block; width: 350px; height: 470px;\" src=\"\/\/bandcamp.com\/EmbeddedPlayer\/v=2\/album=1870059922\/size=large\/bgcol=ffffff\/linkcol=0687f5\/tracklist=false\/\" allowtransparency=\"true\" frameborder=\"0\"><\/iframe>\n<p>[\/spb_text_block] [spb_text_block element_name=\u00bbGrill\u00bb animation=\u00bbnone\u00bb animation_delay=\u00bb0&#8243; simplified_controls=\u00bbyes\u00bb custom_css_percentage=\u00bbno\u00bb padding_vertical=\u00bb0&#8243; padding_horizontal=\u00bb0&#8243; margin_vertical=\u00bb0&#8243; custom_css=\u00bbmargin-top: 0px;margin-bottom: 0px;\u00bb border_size=\u00bb0&#8243; border_styling_global=\u00bbdefault\u00bb width=\u00bb1\/3&#8243; el_position=\u00bblast\u00bb]<\/p>\n<iframe loading=\"lazy\" width=\"350\" height=\"470\" style=\"position: relative; display: block; width: 350px; height: 470px;\" src=\"\/\/bandcamp.com\/EmbeddedPlayer\/v=2\/album=1357086961\/size=large\/bgcol=ffffff\/linkcol=0687f5\/tracklist=false\/\" allowtransparency=\"true\" frameborder=\"0\"><\/iframe>\n<p>[\/spb_text_block] [spb_text_block element_name=\u00bbLle\u00f3\u00bb animation=\u00bbnone\u00bb animation_delay=\u00bb0&#8243; simplified_controls=\u00bbyes\u00bb custom_css_percentage=\u00bbno\u00bb padding_vertical=\u00bb0&#8243; padding_horizontal=\u00bb0&#8243; margin_vertical=\u00bb0&#8243; custom_css=\u00bbmargin-top: 0px;margin-bottom: 0px;\u00bb border_size=\u00bb0&#8243; border_styling_global=\u00bbdefault\u00bb width=\u00bb1\/3&#8243; el_position=\u00bbfirst\u00bb]<\/p>\n<iframe loading=\"lazy\" width=\"350\" height=\"470\" style=\"position: relative; display: block; width: 350px; height: 470px;\" src=\"\/\/bandcamp.com\/EmbeddedPlayer\/v=2\/album=1642622319\/size=large\/bgcol=ffffff\/linkcol=0687f5\/tracklist=false\/\" allowtransparency=\"true\" frameborder=\"0\"><\/iframe>\n<p>[\/spb_text_block] [spb_text_block element_name=\u00bbPessebre\u00bb animation=\u00bbnone\u00bb animation_delay=\u00bb0&#8243; simplified_controls=\u00bbyes\u00bb custom_css_percentage=\u00bbno\u00bb padding_vertical=\u00bb0&#8243; padding_horizontal=\u00bb0&#8243; margin_vertical=\u00bb0&#8243; custom_css=\u00bbmargin-top: 0px;margin-bottom: 0px;\u00bb border_size=\u00bb0&#8243; border_styling_global=\u00bbdefault\u00bb width=\u00bb1\/3&#8243; el_position=\u00bblast\u00bb]<\/p>\n<iframe loading=\"lazy\" width=\"350\" height=\"470\" style=\"position: relative; display: block; width: 350px; height: 470px;\" src=\"\/\/bandcamp.com\/EmbeddedPlayer\/v=2\/album=3510038639\/size=large\/bgcol=ffffff\/linkcol=0687f5\/tracklist=false\/\" allowtransparency=\"true\" frameborder=\"0\"><\/iframe>\n<p>[\/spb_text_block] [\/spb_row] [spb_section spb_section_id=\u00bb4157&#8243; width=\u00bb1\/1&#8243; el_position=\u00bbfirst last\u00bb]<\/p>\n","protected":false},"excerpt":{"rendered":"<p>[spb_row element_name=\u00bbRow\u00bb wrap_type=\u00bbstandard-width\u00bb row_bg_type=\u00bbcolor\u00bb color_row_height=\u00bbcontent-height\u00bb bg_type=\u00bbcover\u00bb parallax_image_height=\u00bbcontent-height\u00bb parallax_image_movement=\u00bbfixed\u00bb parallax_image_speed=\u00bbstandard\u00bb bg_video_loop=\u00bbyes\u00bb parallax_video_height=\u00bbwindow-height\u00bb row_top_style=\u00bbnone\u00bb row_bottom_style=\u00bbnone\u00bb parallax_video_overlay=\u00bbnone\u00bb row_overlay_opacity=\u00bb0&#8243; remove_element_spacing=\u00bbno\u00bb row_col_spacing=\u00bb0&#8243; row_col_pos=\u00bbtop\u00bb row_col_content_pos=\u00bbtop\u00bb row_col_equal_heights=\u00bbno\u00bb row_expanding=\u00bbno\u00bb row_animation=\u00bbnone\u00bb row_animation_delay=\u00bb0&#8243; minimize_row=\u00bbno\u00bb simplified_controls=\u00bbyes\u00bb custom_css_percentage=\u00bbyes\u00bb custom_css=\u00bbmargin-top: 0%;margin-bottom: 0%;padding-top: 4%;padding-bottom: 4%;\u00bb border_styling_global=\u00bbdefault\u00bb width=\u00bb1\/1&#8243; el_position=\u00bbfirst last\u00bb] [spb_image image=\u00bb4239&#8243; image_size=\u00bbfull\u00bb frame=\u00bbnoframe\u00bb caption_pos=\u00bbhover\u00bb remove_rounded=\u00bbyes\u00bb fullwidth=\u00bbno\u00bb overflow_mode=\u00bbnone\u00bb link_target=\u00bb_self\u00bb lightbox=\u00bbno\u00bb intro_animation=\u00bbnone\u00bb animation_delay=\u00bb200&#8243; width=\u00bb1\/3&#8243; el_position=\u00bbfirst\u00bb][\/spb_image] [spb_text_block animation=\u00bbnone\u00bb animation_delay=\u00bb0&#8243; simplified_controls=\u00bbyes\u00bb custom_css_percentage=\u00bbno\u00bb padding_vertical=\u00bb0&#8243; padding_horizontal=\u00bb0&#8243; margin_vertical=\u00bb0&#8243; custom_css=\u00bbmargin-top: 0px;margin-bottom: 0px;\u00bb [&hellip;]<\/p>\n","protected":false},"author":1,"featured_media":0,"parent":0,"menu_order":0,"comment_status":"closed","ping_status":"closed","template":"","meta":{"jetpack_post_was_ever_published":false,"footnotes":""},"yoast_head":"<!-- This site is optimized with the Yoast SEO plugin v23.0 - https:\/\/yoast.com\/wordpress\/plugins\/seo\/ -->\n<title>Audiocuentos personalizados - Lali BeGood<\/title>\n<meta name=\"robots\" content=\"index, follow, max-snippet:-1, max-image-preview:large, max-video-preview:-1\" \/>\n<link rel=\"canonical\" href=\"https:\/\/lali-begood.com\/audiocontes\/\" \/>\n<meta property=\"og:locale\" content=\"es_ES\" \/>\n<meta property=\"og:type\" content=\"article\" \/>\n<meta property=\"og:title\" content=\"Audiocuentos personalizados - Lali BeGood\" \/>\n<meta property=\"og:description\" content=\"[spb_row element_name=\u00bbRow\u00bb wrap_type=\u00bbstandard-width\u00bb row_bg_type=\u00bbcolor\u00bb color_row_height=\u00bbcontent-height\u00bb bg_type=\u00bbcover\u00bb parallax_image_height=\u00bbcontent-height\u00bb parallax_image_movement=\u00bbfixed\u00bb parallax_image_speed=\u00bbstandard\u00bb bg_video_loop=\u00bbyes\u00bb parallax_video_height=\u00bbwindow-height\u00bb row_top_style=\u00bbnone\u00bb row_bottom_style=\u00bbnone\u00bb parallax_video_overlay=\u00bbnone\u00bb row_overlay_opacity=\u00bb0&#8243; remove_element_spacing=\u00bbno\u00bb row_col_spacing=\u00bb0&#8243; row_col_pos=\u00bbtop\u00bb row_col_content_pos=\u00bbtop\u00bb row_col_equal_heights=\u00bbno\u00bb row_expanding=\u00bbno\u00bb row_animation=\u00bbnone\u00bb row_animation_delay=\u00bb0&#8243; minimize_row=\u00bbno\u00bb simplified_controls=\u00bbyes\u00bb custom_css_percentage=\u00bbyes\u00bb custom_css=\u00bbmargin-top: 0%;margin-bottom: 0%;padding-top: 4%;padding-bottom: 4%;\u00bb border_styling_global=\u00bbdefault\u00bb width=\u00bb1\/1&#8243; el_position=\u00bbfirst last\u00bb] [spb_image image=\u00bb4239&#8243; image_size=\u00bbfull\u00bb frame=\u00bbnoframe\u00bb caption_pos=\u00bbhover\u00bb remove_rounded=\u00bbyes\u00bb fullwidth=\u00bbno\u00bb overflow_mode=\u00bbnone\u00bb link_target=\u00bb_self\u00bb lightbox=\u00bbno\u00bb intro_animation=\u00bbnone\u00bb animation_delay=\u00bb200&#8243; width=\u00bb1\/3&#8243; el_position=\u00bbfirst\u00bb][\/spb_image] [spb_text_block animation=\u00bbnone\u00bb animation_delay=\u00bb0&#8243; simplified_controls=\u00bbyes\u00bb custom_css_percentage=\u00bbno\u00bb padding_vertical=\u00bb0&#8243; padding_horizontal=\u00bb0&#8243; margin_vertical=\u00bb0&#8243; custom_css=\u00bbmargin-top: 0px;margin-bottom: 0px;\u00bb [&hellip;]\" \/>\n<meta property=\"og:url\" content=\"https:\/\/lali-begood.com\/audiocontes\/\" \/>\n<meta property=\"og:site_name\" content=\"Lali BeGood\" \/>\n<meta property=\"article:publisher\" content=\"https:\/\/es-es.facebook.com\/lali.begood\/\" \/>\n<meta property=\"article:modified_time\" content=\"2021-04-30T11:43:51+00:00\" \/>\n<meta name=\"twitter:card\" content=\"summary_large_image\" \/>\n<meta name=\"twitter:site\" content=\"@LaliBeGood\" \/>\n<meta name=\"twitter:label1\" content=\"Tiempo de lectura\" \/>\n\t<meta name=\"twitter:data1\" content=\"4 minutos\" \/>\n<script type=\"application\/ld+json\" class=\"yoast-schema-graph\">{\"@context\":\"https:\/\/schema.org\",\"@graph\":[{\"@type\":\"WebPage\",\"@id\":\"https:\/\/lali-begood.com\/audiocontes\/\",\"url\":\"https:\/\/lali-begood.com\/audiocontes\/\",\"name\":\"Audiocuentos personalizados - Lali BeGood\",\"isPartOf\":{\"@id\":\"https:\/\/lali-begood.com\/#website\"},\"datePublished\":\"2020-06-29T19:52:32+00:00\",\"dateModified\":\"2021-04-30T11:43:51+00:00\",\"breadcrumb\":{\"@id\":\"https:\/\/lali-begood.com\/audiocontes\/#breadcrumb\"},\"inLanguage\":\"es\",\"potentialAction\":[{\"@type\":\"ReadAction\",\"target\":[\"https:\/\/lali-begood.com\/audiocontes\/\"]}]},{\"@type\":\"BreadcrumbList\",\"@id\":\"https:\/\/lali-begood.com\/audiocontes\/#breadcrumb\",\"itemListElement\":[{\"@type\":\"ListItem\",\"position\":1,\"name\":\"Inici\",\"item\":\"https:\/\/lali-begood.com\/\"},{\"@type\":\"ListItem\",\"position\":2,\"name\":\"Audiocuentos personalizados\"}]},{\"@type\":\"WebSite\",\"@id\":\"https:\/\/lali-begood.com\/#website\",\"url\":\"https:\/\/lali-begood.com\/\",\"name\":\"Lali BeGood\",\"description\":\"Love&amp;Roll\",\"publisher\":{\"@id\":\"https:\/\/lali-begood.com\/#organization\"},\"potentialAction\":[{\"@type\":\"SearchAction\",\"target\":{\"@type\":\"EntryPoint\",\"urlTemplate\":\"https:\/\/lali-begood.com\/?s={search_term_string}\"},\"query-input\":\"required name=search_term_string\"}],\"inLanguage\":\"es\"},{\"@type\":\"Organization\",\"@id\":\"https:\/\/lali-begood.com\/#organization\",\"name\":\"Lali BeGood\",\"url\":\"https:\/\/lali-begood.com\/\",\"logo\":{\"@type\":\"ImageObject\",\"inLanguage\":\"es\",\"@id\":\"https:\/\/lali-begood.com\/#\/schema\/logo\/image\/\",\"url\":\"https:\/\/lali-begood.com\/wp-content\/uploads\/2023\/08\/cropped-Logo_LALYBgood_colors.png\",\"contentUrl\":\"https:\/\/lali-begood.com\/wp-content\/uploads\/2023\/08\/cropped-Logo_LALYBgood_colors.png\",\"width\":2354,\"height\":1811,\"caption\":\"Lali BeGood\"},\"image\":{\"@id\":\"https:\/\/lali-begood.com\/#\/schema\/logo\/image\/\"},\"sameAs\":[\"https:\/\/es-es.facebook.com\/lali.begood\/\",\"https:\/\/x.com\/LaliBeGood\",\"https:\/\/www.youtube.com\/c\/LaliBeGood\",\"https:\/\/www.instagram.com\/lali.begood\/\",\"https:\/\/www.tiktok.com\/@lali.begood\"]}]}<\/script>\n<!-- \/ Yoast SEO plugin. -->","yoast_head_json":{"title":"Audiocuentos personalizados - Lali BeGood","robots":{"index":"index","follow":"follow","max-snippet":"max-snippet:-1","max-image-preview":"max-image-preview:large","max-video-preview":"max-video-preview:-1"},"canonical":"https:\/\/lali-begood.com\/audiocontes\/","og_locale":"es_ES","og_type":"article","og_title":"Audiocuentos personalizados - Lali BeGood","og_description":"[spb_row element_name=\u00bbRow\u00bb wrap_type=\u00bbstandard-width\u00bb row_bg_type=\u00bbcolor\u00bb color_row_height=\u00bbcontent-height\u00bb bg_type=\u00bbcover\u00bb parallax_image_height=\u00bbcontent-height\u00bb parallax_image_movement=\u00bbfixed\u00bb parallax_image_speed=\u00bbstandard\u00bb bg_video_loop=\u00bbyes\u00bb parallax_video_height=\u00bbwindow-height\u00bb row_top_style=\u00bbnone\u00bb row_bottom_style=\u00bbnone\u00bb parallax_video_overlay=\u00bbnone\u00bb row_overlay_opacity=\u00bb0&#8243; remove_element_spacing=\u00bbno\u00bb row_col_spacing=\u00bb0&#8243; row_col_pos=\u00bbtop\u00bb row_col_content_pos=\u00bbtop\u00bb row_col_equal_heights=\u00bbno\u00bb row_expanding=\u00bbno\u00bb row_animation=\u00bbnone\u00bb row_animation_delay=\u00bb0&#8243; minimize_row=\u00bbno\u00bb simplified_controls=\u00bbyes\u00bb custom_css_percentage=\u00bbyes\u00bb custom_css=\u00bbmargin-top: 0%;margin-bottom: 0%;padding-top: 4%;padding-bottom: 4%;\u00bb border_styling_global=\u00bbdefault\u00bb width=\u00bb1\/1&#8243; el_position=\u00bbfirst last\u00bb] [spb_image image=\u00bb4239&#8243; image_size=\u00bbfull\u00bb frame=\u00bbnoframe\u00bb caption_pos=\u00bbhover\u00bb remove_rounded=\u00bbyes\u00bb fullwidth=\u00bbno\u00bb overflow_mode=\u00bbnone\u00bb link_target=\u00bb_self\u00bb lightbox=\u00bbno\u00bb intro_animation=\u00bbnone\u00bb animation_delay=\u00bb200&#8243; width=\u00bb1\/3&#8243; el_position=\u00bbfirst\u00bb][\/spb_image] [spb_text_block animation=\u00bbnone\u00bb animation_delay=\u00bb0&#8243; simplified_controls=\u00bbyes\u00bb custom_css_percentage=\u00bbno\u00bb padding_vertical=\u00bb0&#8243; padding_horizontal=\u00bb0&#8243; margin_vertical=\u00bb0&#8243; custom_css=\u00bbmargin-top: 0px;margin-bottom: 0px;\u00bb [&hellip;]","og_url":"https:\/\/lali-begood.com\/audiocontes\/","og_site_name":"Lali BeGood","article_publisher":"https:\/\/es-es.facebook.com\/lali.begood\/","article_modified_time":"2021-04-30T11:43:51+00:00","twitter_card":"summary_large_image","twitter_site":"@LaliBeGood","twitter_misc":{"Tiempo de lectura":"4 minutos"},"schema":{"@context":"https:\/\/schema.org","@graph":[{"@type":"WebPage","@id":"https:\/\/lali-begood.com\/audiocontes\/","url":"https:\/\/lali-begood.com\/audiocontes\/","name":"Audiocuentos personalizados - Lali BeGood","isPartOf":{"@id":"https:\/\/lali-begood.com\/#website"},"datePublished":"2020-06-29T19:52:32+00:00","dateModified":"2021-04-30T11:43:51+00:00","breadcrumb":{"@id":"https:\/\/lali-begood.com\/audiocontes\/#breadcrumb"},"inLanguage":"es","potentialAction":[{"@type":"ReadAction","target":["https:\/\/lali-begood.com\/audiocontes\/"]}]},{"@type":"BreadcrumbList","@id":"https:\/\/lali-begood.com\/audiocontes\/#breadcrumb","itemListElement":[{"@type":"ListItem","position":1,"name":"Inici","item":"https:\/\/lali-begood.com\/"},{"@type":"ListItem","position":2,"name":"Audiocuentos personalizados"}]},{"@type":"WebSite","@id":"https:\/\/lali-begood.com\/#website","url":"https:\/\/lali-begood.com\/","name":"Lali BeGood","description":"Love&amp;Roll","publisher":{"@id":"https:\/\/lali-begood.com\/#organization"},"potentialAction":[{"@type":"SearchAction","target":{"@type":"EntryPoint","urlTemplate":"https:\/\/lali-begood.com\/?s={search_term_string}"},"query-input":"required name=search_term_string"}],"inLanguage":"es"},{"@type":"Organization","@id":"https:\/\/lali-begood.com\/#organization","name":"Lali BeGood","url":"https:\/\/lali-begood.com\/","logo":{"@type":"ImageObject","inLanguage":"es","@id":"https:\/\/lali-begood.com\/#\/schema\/logo\/image\/","url":"https:\/\/lali-begood.com\/wp-content\/uploads\/2023\/08\/cropped-Logo_LALYBgood_colors.png","contentUrl":"https:\/\/lali-begood.com\/wp-content\/uploads\/2023\/08\/cropped-Logo_LALYBgood_colors.png","width":2354,"height":1811,"caption":"Lali BeGood"},"image":{"@id":"https:\/\/lali-begood.com\/#\/schema\/logo\/image\/"},"sameAs":["https:\/\/es-es.facebook.com\/lali.begood\/","https:\/\/x.com\/LaliBeGood","https:\/\/www.youtube.com\/c\/LaliBeGood","https:\/\/www.instagram.com\/lali.begood\/","https:\/\/www.tiktok.com\/@lali.begood"]}]}},"jetpack_sharing_enabled":true,"jetpack_shortlink":"https:\/\/wp.me\/P7KfQ8-15O","_links":{"self":[{"href":"https:\/\/lali-begood.com\/es\/wp-json\/wp\/v2\/pages\/4204"}],"collection":[{"href":"https:\/\/lali-begood.com\/es\/wp-json\/wp\/v2\/pages"}],"about":[{"href":"https:\/\/lali-begood.com\/es\/wp-json\/wp\/v2\/types\/page"}],"author":[{"embeddable":true,"href":"https:\/\/lali-begood.com\/es\/wp-json\/wp\/v2\/users\/1"}],"replies":[{"embeddable":true,"href":"https:\/\/lali-begood.com\/es\/wp-json\/wp\/v2\/comments?post=4204"}],"version-history":[{"count":0,"href":"https:\/\/lali-begood.com\/es\/wp-json\/wp\/v2\/pages\/4204\/revisions"}],"wp:attachment":[{"href":"https:\/\/lali-begood.com\/es\/wp-json\/wp\/v2\/media?parent=4204"}],"curies":[{"name":"wp","href":"https:\/\/api.w.org\/{rel}","templated":true}]}}