{"id":3836,"date":"2019-06-20T10:27:18","date_gmt":"2019-06-20T10:27:18","guid":{"rendered":"http:\/\/lali-begood.com\/?page_id=3836"},"modified":"2020-04-03T15:07:53","modified_gmt":"2020-04-03T15:07:53","slug":"talleres","status":"publish","type":"page","link":"https:\/\/lali-begood.com\/es\/talleres\/","title":{"rendered":"Talleres creativos"},"content":{"rendered":"<p>[spb_text_block animation=\u00bbfadeInUp\u00bb animation_delay=\u00bb0&#8243; simplified_controls=\u00bbyes\u00bb custom_css_percentage=\u00bbno\u00bb padding_vertical=\u00bb0&#8243; padding_horizontal=\u00bb0&#8243; margin_vertical=\u00bb0&#8243; custom_css=\u00bbmargin-top: 0px;margin-bottom: 0px;\u00bb border_size=\u00bb0&#8243; border_styling_global=\u00bbdefault\u00bb width=\u00bb1\/1&#8243; el_position=\u00bbfirst last\u00bb]<\/p>\n<h6 style=\"text-align: center;\">Lali BeGood y su equipo imparten divertidos talleres orientados a estimular la creatividad musical de l@s ni\u00f1@s, potenciando el aprendizaje cooperativo y vivencial<\/h6>\n<p>[\/spb_text_block] [spb_divider type=\u00bbheading\u00bb heading_text=\u00bbCaracter\u00edsticas\u00bb text=\u00bbGo to top\u00bb top_margin=\u00bb130px\u00bb bottom_margin=\u00bb80px\u00bb fullwidth=\u00bbno\u00bb width=\u00bb1\/1&#8243; el_position=\u00bbfirst last\u00bb] [spb_row element_name=\u00bbRow\u00bb wrap_type=\u00bbfull-width-stretch\u00bb row_bg_type=\u00bbcolor\u00bb color_row_height=\u00bbcontent-height\u00bb bg_type=\u00bbcover\u00bb parallax_image_height=\u00bbcontent-height\u00bb parallax_image_movement=\u00bbfixed\u00bb parallax_image_speed=\u00bbstandard\u00bb bg_video_loop=\u00bbyes\u00bb parallax_video_height=\u00bbwindow-height\u00bb row_top_style=\u00bbnone\u00bb row_bottom_style=\u00bbnone\u00bb parallax_video_overlay=\u00bbcolor\u00bb row_overlay_opacity=\u00bb0&#8243; remove_element_spacing=\u00bbno\u00bb row_col_spacing=\u00bb30&#8243; row_col_pos=\u00bbtop\u00bb row_col_content_pos=\u00bbtop\u00bb row_col_equal_heights=\u00bbyes\u00bb row_expanding=\u00bbno\u00bb row_animation=\u00bbnone\u00bb row_animation_delay=\u00bb0&#8243; minimize_row=\u00bbno\u00bb simplified_controls=\u00bbyes\u00bb custom_css_percentage=\u00bbyes\u00bb custom_css=\u00bbmargin-top: 0%;margin-bottom: 0%;padding-top: 4%;padding-left: 6%;padding-right: 6%;padding-bottom: 4%;\u00bb border_styling_global=\u00bbdefault\u00bb width=\u00bb1\/1&#8243; el_position=\u00bbfirst last\u00bb] [spb_column col_sm=\u00bb4&#8243; col_animation=\u00bbfadeInLeft\u00bb col_animation_delay=\u00bb10&#8243; col_bg_type=\u00bbcover\u00bb col_parallax_image_movement=\u00bbfixed\u00bb col_parallax_image_speed=\u00bb0.5&#8243; col_padding=\u00bb0&#8243; col_vertical_offset=\u00bb0&#8243; col_horizontal_offset=\u00bb0&#8243; col_custom_zindex=\u00bb0&#8243; simplified_controls=\u00bbyes\u00bb custom_css_percentage=\u00bbno\u00bb padding_vertical=\u00bb400&#8243; padding_horizontal=\u00bb0&#8243; margin_vertical=\u00bb0&#8243; custom_css=\u00bbmargin-top: 0px;margin-bottom: 0px;\u00bb border_styling_global=\u00bbdefault\u00bb width=\u00bb1\/3&#8243; el_position=\u00bbfirst\u00bb] [spb_icon_box element_name=\u00bbObjetivo de los talleres\u00bb title=\u00bbObjetivo de los talleres\u00bb box_type=\u00bbboxed-three\u00bb box_icon_type=\u00bbicon\u00bb icon=\u00bbfas fa-flag-checkered\u00bb animate_svg=\u00bbno\u00bb target=\u00bb_self\u00bb animation=\u00bbfadeIn\u00bb animation_delay=\u00bb0&#8243; icon_color=\u00bb#ffffff\u00bb icon_bg_color=\u00bb#009cf3&#8243; text_color=\u00bb#454750&#8243; bg_color=\u00bb#f2f2f2&#8243; animated_box_style=\u00bbcoloured\u00bb animated_box_rounded=\u00bbyes\u00bb width=\u00bb1\/1&#8243; el_position=\u00bbfirst last\u00bb]<\/p>\n<p style=\"text-align: center;\">Conseguir que l@s ni\u00f1@s se adentren en el mundo de la creaci\u00f3n musical sin necesitar conocimientos t\u00e9cnicos o dominio de un instrumento. Siempre con una mirada basada en la educaci\u00f3n viva, libre de juicio y favoreciendo las vivencias y aprendizajes de cada ni\u00f1@.<\/p>\n<p>[\/spb_icon_box] [\/spb_column] [spb_column col_sm=\u00bb4&#8243; col_animation=\u00bbfadeInUp\u00bb col_animation_delay=\u00bb500&#8243; col_bg_type=\u00bbcover\u00bb col_parallax_image_movement=\u00bbfixed\u00bb col_parallax_image_speed=\u00bb0.5&#8243; col_padding=\u00bb0&#8243; col_vertical_offset=\u00bb0&#8243; col_horizontal_offset=\u00bb0&#8243; col_custom_zindex=\u00bb0&#8243; simplified_controls=\u00bbyes\u00bb custom_css_percentage=\u00bbno\u00bb padding_vertical=\u00bb400&#8243; padding_horizontal=\u00bb0&#8243; margin_vertical=\u00bb0&#8243; custom_css=\u00bbmargin-top: 0px;margin-bottom: 0px;\u00bb border_styling_global=\u00bbdefault\u00bb width=\u00bb1\/3&#8243;] [spb_icon_box element_name=\u00bbC\u00f3mo trabajaremos\u00bb title=\u00bbC\u00f3mo trabajaremos\u00bb box_type=\u00bbboxed-three\u00bb box_icon_type=\u00bbicon\u00bb icon=\u00bbfar fa-laugh-beam\u00bb animate_svg=\u00bbno\u00bb target=\u00bb_self\u00bb animation=\u00bbfadeIn\u00bb animation_delay=\u00bb0&#8243; icon_color=\u00bb#ffffff\u00bb icon_bg_color=\u00bb#009cf3&#8243; text_color=\u00bb#454750&#8243; bg_color=\u00bb#f2f2f2&#8243; animated_box_style=\u00bbcoloured\u00bb animated_box_rounded=\u00bbyes\u00bb width=\u00bb1\/1&#8243; el_position=\u00bbfirst last\u00bb]<\/p>\n<p style=\"text-align: center;\">Utilizaremos las herramientas innatas de que disponemos: nuestra voz, el o\u00eddo, la imaginaci\u00f3n y la improvisaci\u00f3n. Trabajaremos aspectos como el ritmo, la musicalidad, la creaci\u00f3n de melod\u00edas y la escritura de letras rimadas.<\/p>\n<p>[\/spb_icon_box] [\/spb_column] [spb_column col_sm=\u00bb4&#8243; col_animation=\u00bbfadeInRight\u00bb col_animation_delay=\u00bb1000&#8243; col_bg_type=\u00bbcover\u00bb col_parallax_image_movement=\u00bbfixed\u00bb col_parallax_image_speed=\u00bb0.5&#8243; col_padding=\u00bb0&#8243; col_vertical_offset=\u00bb0&#8243; col_horizontal_offset=\u00bb0&#8243; col_custom_zindex=\u00bb0&#8243; simplified_controls=\u00bbyes\u00bb custom_css_percentage=\u00bbno\u00bb padding_vertical=\u00bb400&#8243; padding_horizontal=\u00bb0&#8243; margin_vertical=\u00bb0&#8243; custom_css=\u00bbmargin-top: 0px;margin-bottom: 0px;\u00bb border_styling_global=\u00bbdefault\u00bb width=\u00bb1\/3&#8243; el_position=\u00bblast\u00bb] [spb_icon_box element_name=\u00bbA qui\u00e9n van dirigidos\u00bb title=\u00bbA qui\u00e9n van dirigidos\u00bb box_type=\u00bbboxed-three\u00bb box_icon_type=\u00bbicon\u00bb icon=\u00bbfas fa-user-check\u00bb animate_svg=\u00bbno\u00bb target=\u00bb_self\u00bb animation=\u00bbfadeIn\u00bb animation_delay=\u00bb0&#8243; icon_color=\u00bb#ffffff\u00bb icon_bg_color=\u00bb#009cf3&#8243; text_color=\u00bb#454750&#8243; bg_color=\u00bb#f2f2f2&#8243; animated_box_style=\u00bbcoloured\u00bb animated_box_rounded=\u00bbyes\u00bb width=\u00bb1\/1&#8243; el_position=\u00bbfirst last\u00bb]<\/p>\n<p style=\"text-align: center;\">Los talleres est\u00e1n dise\u00f1ados para escuelas, para las etapas de infantil, primaria y secundaria seg\u00fan el taller. Tambi\u00e9n pueden ser usuarios centros c\u00edvicos, centros de verano y creativos, o grupos de ni\u00f1@s y familias que compartan este inter\u00e9s.<\/p>\n<p>[\/spb_icon_box] [\/spb_column] [\/spb_row] [spb_divider type=\u00bbheading\u00bb heading_text=\u00bbLos talleres\u00bb text=\u00bbGo to top\u00bb top_margin=\u00bb100px\u00bb bottom_margin=\u00bb90px\u00bb fullwidth=\u00bbno\u00bb width=\u00bb1\/1&#8243; el_position=\u00bbfirst last\u00bb] [spb_row element_name=\u00bbRow\u00bb wrap_type=\u00bbstandard-width\u00bb row_bg_type=\u00bbcolor\u00bb color_row_height=\u00bbcontent-height\u00bb bg_type=\u00bbcover\u00bb parallax_image_height=\u00bbcontent-height\u00bb parallax_image_movement=\u00bbfixed\u00bb parallax_image_speed=\u00bbstandard\u00bb bg_video_loop=\u00bbyes\u00bb parallax_video_height=\u00bbwindow-height\u00bb row_top_style=\u00bbnone\u00bb row_bottom_style=\u00bbnone\u00bb parallax_video_overlay=\u00bbcolor\u00bb row_overlay_opacity=\u00bb50&#8243; remove_element_spacing=\u00bbno\u00bb row_col_spacing=\u00bb0&#8243; row_col_pos=\u00bbdefault\u00bb row_col_equal_heights=\u00bbyes\u00bb row_expanding=\u00bbno\u00bb row_animation=\u00bbnone\u00bb row_animation_delay=\u00bb0&#8243; minimize_row=\u00bbno\u00bb simplified_controls=\u00bbyes\u00bb custom_css_percentage=\u00bbyes\u00bb custom_css=\u00bbmargin-top: 0%;margin-bottom: 0%;padding-top: 4%;padding-bottom: 4%;\u00bb border_styling_global=\u00bbdefault\u00bb width=\u00bb1\/1&#8243; el_position=\u00bbfirst last\u00bb] [spb_video link=\u00bbhttps:\/\/www.youtube.com\/watch?v=QkoAn3cNqoo\u00bb remove_related=\u00bbyes\u00bb autoplay=\u00bbno\u00bb full_width=\u00bbno\u00bb width=\u00bb1\/2&#8243; el_position=\u00bbfirst\u00bb] [spb_text_block title=\u00bb\u00a1Hagamos un Kid-Hop!\u00bb animation=\u00bbfadeInUp\u00bb animation_delay=\u00bb0&#8243; simplified_controls=\u00bbyes\u00bb custom_css_percentage=\u00bbno\u00bb padding_vertical=\u00bb0&#8243; padding_horizontal=\u00bb0&#8243; margin_vertical=\u00bb0&#8243; custom_css=\u00bbmargin-top: 0px;margin-bottom: 0px;\u00bb border_size=\u00bb0&#8243; border_styling_global=\u00bbdefault\u00bb width=\u00bb1\/2&#8243; el_position=\u00bblast\u00bb]<\/p>\n<p>Con este taller l@s ni\u00f1@s de toda una clase <strong>lanzar\u00e1n su mensaje al mundo<\/strong>! Y de una manera alineada a nuestros tiempos: escribiendo un hip-hop, <strong>grabando la canci\u00f3n<\/strong> con un equipo m\u00f3vil profesional y creando su <strong>videoclip<\/strong> para colgar en Youtube. Un proyecto musical, educativo y transversal!<\/p>\n<a class=\"sf-button standard accent default  sf-button-rounded sf-button-has-icon\" href=\"https:\/\/docs.google.com\/document\/d\/1I8D6AmbqZhsd36GwruZJYaeY__wsAfHwrac-SaT139A\/edit?usp=sharing\" target=\"_blank\" rel=\"\"><span class=\"text\">Dossier<\/span><i class=\"fas fa-angle-right\"><\/i><\/a>\n<p>[\/spb_text_block] [spb_divider type=\u00bbdotted\u00bb text=\u00bbGo to top\u00bb top_margin=\u00bb60px\u00bb bottom_margin=\u00bb100px\u00bb fullwidth=\u00bbno\u00bb width=\u00bb1\/1&#8243; el_position=\u00bbfirst last\u00bb] [spb_text_block title=\u00bbMi primera canci\u00f3n\u00bb animation=\u00bbfadeInUp\u00bb animation_delay=\u00bb0&#8243; simplified_controls=\u00bbyes\u00bb custom_css_percentage=\u00bbno\u00bb padding_vertical=\u00bb0&#8243; padding_horizontal=\u00bb0&#8243; margin_vertical=\u00bb0&#8243; custom_css=\u00bbmargin-top: 0px;margin-bottom: 0px;\u00bb border_size=\u00bb0&#8243; border_styling_global=\u00bbdefault\u00bb width=\u00bb1\/2&#8243; el_position=\u00bbfirst\u00bb]<\/p>\n<p style=\"text-align: left;\">\u00bfA tus alumnos les gustar\u00eda <strong>crear una canci\u00f3n<\/strong>? \u00bfUna que sea totalmente <strong>suya<\/strong>? \u00bfY a tus hijos? Con Lali, un ukelele y su propia creatividad, lo podr\u00e1n hacer. Tanto si tienen 4 a\u00f1os como si tienen 14!<\/p>\n<p style=\"text-align: left;\"><a class=\"sf-button standard accent default  sf-button-rounded sf-button-has-icon\" href=\"http:\/\/\" target=\"_self\" rel=\"\"><span class=\"text\">Dossier<\/span><i class=\"fas fa-angle-right\"><\/i><\/a><\/p>\n<p>[\/spb_text_block] [spb_text_block animation=\u00bbnone\u00bb animation_delay=\u00bb0&#8243; simplified_controls=\u00bbyes\u00bb custom_css_percentage=\u00bbno\u00bb padding_vertical=\u00bb0&#8243; padding_horizontal=\u00bb0&#8243; margin_vertical=\u00bb0&#8243; custom_css=\u00bbmargin-top: 0px;margin-bottom: 0px;\u00bb border_size=\u00bb0&#8243; border_styling_global=\u00bbdefault\u00bb width=\u00bb1\/2&#8243; el_position=\u00bblast\u00bb]<\/p>\n<p><iframe loading=\"lazy\" title=\"Canciones del Taller &quot;Mi primera canci\u00f3n&quot; by Lali BeGood\" width=\"500\" height=\"450\" scrolling=\"no\" frameborder=\"no\" src=\"https:\/\/w.soundcloud.com\/player\/?visual=true&#038;url=https%3A%2F%2Fapi.soundcloud.com%2Fplaylists%2F875987059&#038;show_artwork=true&#038;maxheight=750&#038;maxwidth=500\"><\/iframe><\/p>\n<p>[\/spb_text_block] [spb_divider type=\u00bbdotted\u00bb text=\u00bbGo to top\u00bb top_margin=\u00bb60px\u00bb bottom_margin=\u00bb100px\u00bb fullwidth=\u00bbno\u00bb width=\u00bb1\/1&#8243; el_position=\u00bbfirst last\u00bb] [spb_video link=\u00bbhttps:\/\/www.youtube.com\/watch?v=9_M84fTFm3g\u00bb remove_related=\u00bbyes\u00bb autoplay=\u00bbno\u00bb full_width=\u00bbno\u00bb width=\u00bb1\/2&#8243; el_position=\u00bbfirst\u00bb] [spb_text_block title=\u00bbViaje al coraz\u00f3n de una canci\u00f3n\u00bb animation=\u00bbfadeInUp\u00bb animation_delay=\u00bb0&#8243; simplified_controls=\u00bbyes\u00bb custom_css_percentage=\u00bbno\u00bb padding_vertical=\u00bb0&#8243; padding_horizontal=\u00bb0&#8243; margin_vertical=\u00bb0&#8243; custom_css=\u00bbmargin-top: 0px;margin-bottom: 0px;\u00bb border_size=\u00bb0&#8243; border_styling_global=\u00bbdefault\u00bb width=\u00bb1\/2&#8243; el_position=\u00bblast\u00bb]<\/p>\n<p>\u00bfQu\u00e9 canci\u00f3n de Lali le atrapa m\u00e1s? \u00bfLeiru el lobo? \u00bfSantorini? \u00bfElla y yo? En este taller podr\u00e9is <strong>trabajar los valores que hay detr\u00e1s de la canci\u00f3n elegida<\/strong> y cantarla con la base instrumental original.<\/p>\n<p><strong>Lali vendr\u00e1 un d\u00eda en la escuela<\/strong> para estar con vosotros, ensayarla juntos, explicar c\u00f3mo la ha escrito y responder todo lo que los ni\u00f1os quieran saber sobre la historia que cuenta. Y tambi\u00e9n vendr\u00e1 a <strong>presentarla<\/strong> con vosotros en la gala de fin de curso ante padres y amigos!<\/p>\n<a class=\"sf-button standard accent default  sf-button-rounded sf-button-has-icon\" href=\"https:\/\/docs.google.com\/document\/d\/1Ar8KiLlkrq2SFgSPy-W6dMvjz_lIaxLZWlhkygw-cqs\/edit?usp=sharing\" target=\"_blank\" rel=\"\"><span class=\"text\">Dossier<\/span><i class=\"fas fa-angle-right\"><\/i><\/a>\n<p>[\/spb_text_block] [spb_blank_spacer height=\u00bb30px\u00bb width=\u00bb1\/1&#8243; el_position=\u00bbfirst last\u00bb] [\/spb_row] [spb_section spb_section_id=\u00bb4157&#8243; width=\u00bb1\/1&#8243; el_position=\u00bbfirst last\u00bb] [spb_section spb_section_id=\u00bb1604&#8243; width=\u00bb1\/1&#8243; el_position=\u00bbfirst last\u00bb]<\/p>\n","protected":false},"excerpt":{"rendered":"<p>[spb_text_block animation=\u00bbfadeInUp\u00bb animation_delay=\u00bb0&#8243; simplified_controls=\u00bbyes\u00bb custom_css_percentage=\u00bbno\u00bb padding_vertical=\u00bb0&#8243; padding_horizontal=\u00bb0&#8243; margin_vertical=\u00bb0&#8243; custom_css=\u00bbmargin-top: 0px;margin-bottom: 0px;\u00bb border_size=\u00bb0&#8243; border_styling_global=\u00bbdefault\u00bb width=\u00bb1\/1&#8243; el_position=\u00bbfirst last\u00bb] Lali BeGood y su equipo imparten divertidos talleres orientados a estimular la creatividad musical de l@s ni\u00f1@s, potenciando el aprendizaje cooperativo y vivencial [\/spb_text_block] [spb_divider type=\u00bbheading\u00bb heading_text=\u00bbCaracter\u00edsticas\u00bb text=\u00bbGo to top\u00bb top_margin=\u00bb130px\u00bb bottom_margin=\u00bb80px\u00bb fullwidth=\u00bbno\u00bb width=\u00bb1\/1&#8243; el_position=\u00bbfirst last\u00bb] [spb_row element_name=\u00bbRow\u00bb wrap_type=\u00bbfull-width-stretch\u00bb row_bg_type=\u00bbcolor\u00bb color_row_height=\u00bbcontent-height\u00bb bg_type=\u00bbcover\u00bb parallax_image_height=\u00bbcontent-height\u00bb parallax_image_movement=\u00bbfixed\u00bb [&hellip;]<\/p>\n","protected":false},"author":1,"featured_media":0,"parent":0,"menu_order":0,"comment_status":"closed","ping_status":"closed","template":"","meta":{"jetpack_post_was_ever_published":false,"footnotes":""},"yoast_head":"<!-- This site is optimized with the Yoast SEO plugin v23.0 - https:\/\/yoast.com\/wordpress\/plugins\/seo\/ -->\n<title>Talleres creativos - Lali BeGood<\/title>\n<meta name=\"robots\" content=\"index, follow, max-snippet:-1, max-image-preview:large, max-video-preview:-1\" \/>\n<link rel=\"canonical\" href=\"https:\/\/lali-begood.com\/es\/talleres\/\" \/>\n<meta property=\"og:locale\" content=\"es_ES\" \/>\n<meta property=\"og:type\" content=\"article\" \/>\n<meta property=\"og:title\" content=\"Talleres creativos - Lali BeGood\" \/>\n<meta property=\"og:description\" content=\"[spb_text_block animation=\u00bbfadeInUp\u00bb animation_delay=\u00bb0&#8243; simplified_controls=\u00bbyes\u00bb custom_css_percentage=\u00bbno\u00bb padding_vertical=\u00bb0&#8243; padding_horizontal=\u00bb0&#8243; margin_vertical=\u00bb0&#8243; custom_css=\u00bbmargin-top: 0px;margin-bottom: 0px;\u00bb border_size=\u00bb0&#8243; border_styling_global=\u00bbdefault\u00bb width=\u00bb1\/1&#8243; el_position=\u00bbfirst last\u00bb] Lali BeGood y su equipo imparten divertidos talleres orientados a estimular la creatividad musical de l@s ni\u00f1@s, potenciando el aprendizaje cooperativo y vivencial [\/spb_text_block] [spb_divider type=\u00bbheading\u00bb heading_text=\u00bbCaracter\u00edsticas\u00bb text=\u00bbGo to top\u00bb top_margin=\u00bb130px\u00bb bottom_margin=\u00bb80px\u00bb fullwidth=\u00bbno\u00bb width=\u00bb1\/1&#8243; el_position=\u00bbfirst last\u00bb] [spb_row element_name=\u00bbRow\u00bb wrap_type=\u00bbfull-width-stretch\u00bb row_bg_type=\u00bbcolor\u00bb color_row_height=\u00bbcontent-height\u00bb bg_type=\u00bbcover\u00bb parallax_image_height=\u00bbcontent-height\u00bb parallax_image_movement=\u00bbfixed\u00bb [&hellip;]\" \/>\n<meta property=\"og:url\" content=\"https:\/\/lali-begood.com\/es\/talleres\/\" \/>\n<meta property=\"og:site_name\" content=\"Lali BeGood\" \/>\n<meta property=\"article:publisher\" content=\"https:\/\/es-es.facebook.com\/lali.begood\/\" \/>\n<meta property=\"article:modified_time\" content=\"2020-04-03T15:07:53+00:00\" \/>\n<meta name=\"twitter:card\" content=\"summary_large_image\" \/>\n<meta name=\"twitter:site\" content=\"@LaliBeGood\" \/>\n<meta name=\"twitter:label1\" content=\"Tiempo de lectura\" \/>\n\t<meta name=\"twitter:data1\" content=\"7 minutos\" \/>\n<script type=\"application\/ld+json\" class=\"yoast-schema-graph\">{\"@context\":\"https:\/\/schema.org\",\"@graph\":[{\"@type\":\"WebPage\",\"@id\":\"https:\/\/lali-begood.com\/es\/talleres\/\",\"url\":\"https:\/\/lali-begood.com\/es\/talleres\/\",\"name\":\"Talleres creativos - Lali BeGood\",\"isPartOf\":{\"@id\":\"https:\/\/lali-begood.com\/#website\"},\"datePublished\":\"2019-06-20T10:27:18+00:00\",\"dateModified\":\"2020-04-03T15:07:53+00:00\",\"breadcrumb\":{\"@id\":\"https:\/\/lali-begood.com\/es\/talleres\/#breadcrumb\"},\"inLanguage\":\"es\",\"potentialAction\":[{\"@type\":\"ReadAction\",\"target\":[\"https:\/\/lali-begood.com\/es\/talleres\/\"]}]},{\"@type\":\"BreadcrumbList\",\"@id\":\"https:\/\/lali-begood.com\/es\/talleres\/#breadcrumb\",\"itemListElement\":[{\"@type\":\"ListItem\",\"position\":1,\"name\":\"Inici\",\"item\":\"https:\/\/lali-begood.com\/\"},{\"@type\":\"ListItem\",\"position\":2,\"name\":\"Talleres creativos\"}]},{\"@type\":\"WebSite\",\"@id\":\"https:\/\/lali-begood.com\/#website\",\"url\":\"https:\/\/lali-begood.com\/\",\"name\":\"Lali BeGood\",\"description\":\"Love&amp;Roll\",\"publisher\":{\"@id\":\"https:\/\/lali-begood.com\/#organization\"},\"potentialAction\":[{\"@type\":\"SearchAction\",\"target\":{\"@type\":\"EntryPoint\",\"urlTemplate\":\"https:\/\/lali-begood.com\/?s={search_term_string}\"},\"query-input\":\"required name=search_term_string\"}],\"inLanguage\":\"es\"},{\"@type\":\"Organization\",\"@id\":\"https:\/\/lali-begood.com\/#organization\",\"name\":\"Lali BeGood\",\"url\":\"https:\/\/lali-begood.com\/\",\"logo\":{\"@type\":\"ImageObject\",\"inLanguage\":\"es\",\"@id\":\"https:\/\/lali-begood.com\/#\/schema\/logo\/image\/\",\"url\":\"https:\/\/lali-begood.com\/wp-content\/uploads\/2023\/08\/cropped-Logo_LALYBgood_colors.png\",\"contentUrl\":\"https:\/\/lali-begood.com\/wp-content\/uploads\/2023\/08\/cropped-Logo_LALYBgood_colors.png\",\"width\":2354,\"height\":1811,\"caption\":\"Lali BeGood\"},\"image\":{\"@id\":\"https:\/\/lali-begood.com\/#\/schema\/logo\/image\/\"},\"sameAs\":[\"https:\/\/es-es.facebook.com\/lali.begood\/\",\"https:\/\/x.com\/LaliBeGood\",\"https:\/\/www.youtube.com\/c\/LaliBeGood\",\"https:\/\/www.instagram.com\/lali.begood\/\",\"https:\/\/www.tiktok.com\/@lali.begood\"]}]}<\/script>\n<!-- \/ Yoast SEO plugin. -->","yoast_head_json":{"title":"Talleres creativos - Lali BeGood","robots":{"index":"index","follow":"follow","max-snippet":"max-snippet:-1","max-image-preview":"max-image-preview:large","max-video-preview":"max-video-preview:-1"},"canonical":"https:\/\/lali-begood.com\/es\/talleres\/","og_locale":"es_ES","og_type":"article","og_title":"Talleres creativos - Lali BeGood","og_description":"[spb_text_block animation=\u00bbfadeInUp\u00bb animation_delay=\u00bb0&#8243; simplified_controls=\u00bbyes\u00bb custom_css_percentage=\u00bbno\u00bb padding_vertical=\u00bb0&#8243; padding_horizontal=\u00bb0&#8243; margin_vertical=\u00bb0&#8243; custom_css=\u00bbmargin-top: 0px;margin-bottom: 0px;\u00bb border_size=\u00bb0&#8243; border_styling_global=\u00bbdefault\u00bb width=\u00bb1\/1&#8243; el_position=\u00bbfirst last\u00bb] Lali BeGood y su equipo imparten divertidos talleres orientados a estimular la creatividad musical de l@s ni\u00f1@s, potenciando el aprendizaje cooperativo y vivencial [\/spb_text_block] [spb_divider type=\u00bbheading\u00bb heading_text=\u00bbCaracter\u00edsticas\u00bb text=\u00bbGo to top\u00bb top_margin=\u00bb130px\u00bb bottom_margin=\u00bb80px\u00bb fullwidth=\u00bbno\u00bb width=\u00bb1\/1&#8243; el_position=\u00bbfirst last\u00bb] [spb_row element_name=\u00bbRow\u00bb wrap_type=\u00bbfull-width-stretch\u00bb row_bg_type=\u00bbcolor\u00bb color_row_height=\u00bbcontent-height\u00bb bg_type=\u00bbcover\u00bb parallax_image_height=\u00bbcontent-height\u00bb parallax_image_movement=\u00bbfixed\u00bb [&hellip;]","og_url":"https:\/\/lali-begood.com\/es\/talleres\/","og_site_name":"Lali BeGood","article_publisher":"https:\/\/es-es.facebook.com\/lali.begood\/","article_modified_time":"2020-04-03T15:07:53+00:00","twitter_card":"summary_large_image","twitter_site":"@LaliBeGood","twitter_misc":{"Tiempo de lectura":"7 minutos"},"schema":{"@context":"https:\/\/schema.org","@graph":[{"@type":"WebPage","@id":"https:\/\/lali-begood.com\/es\/talleres\/","url":"https:\/\/lali-begood.com\/es\/talleres\/","name":"Talleres creativos - Lali BeGood","isPartOf":{"@id":"https:\/\/lali-begood.com\/#website"},"datePublished":"2019-06-20T10:27:18+00:00","dateModified":"2020-04-03T15:07:53+00:00","breadcrumb":{"@id":"https:\/\/lali-begood.com\/es\/talleres\/#breadcrumb"},"inLanguage":"es","potentialAction":[{"@type":"ReadAction","target":["https:\/\/lali-begood.com\/es\/talleres\/"]}]},{"@type":"BreadcrumbList","@id":"https:\/\/lali-begood.com\/es\/talleres\/#breadcrumb","itemListElement":[{"@type":"ListItem","position":1,"name":"Inici","item":"https:\/\/lali-begood.com\/"},{"@type":"ListItem","position":2,"name":"Talleres creativos"}]},{"@type":"WebSite","@id":"https:\/\/lali-begood.com\/#website","url":"https:\/\/lali-begood.com\/","name":"Lali BeGood","description":"Love&amp;Roll","publisher":{"@id":"https:\/\/lali-begood.com\/#organization"},"potentialAction":[{"@type":"SearchAction","target":{"@type":"EntryPoint","urlTemplate":"https:\/\/lali-begood.com\/?s={search_term_string}"},"query-input":"required name=search_term_string"}],"inLanguage":"es"},{"@type":"Organization","@id":"https:\/\/lali-begood.com\/#organization","name":"Lali BeGood","url":"https:\/\/lali-begood.com\/","logo":{"@type":"ImageObject","inLanguage":"es","@id":"https:\/\/lali-begood.com\/#\/schema\/logo\/image\/","url":"https:\/\/lali-begood.com\/wp-content\/uploads\/2023\/08\/cropped-Logo_LALYBgood_colors.png","contentUrl":"https:\/\/lali-begood.com\/wp-content\/uploads\/2023\/08\/cropped-Logo_LALYBgood_colors.png","width":2354,"height":1811,"caption":"Lali BeGood"},"image":{"@id":"https:\/\/lali-begood.com\/#\/schema\/logo\/image\/"},"sameAs":["https:\/\/es-es.facebook.com\/lali.begood\/","https:\/\/x.com\/LaliBeGood","https:\/\/www.youtube.com\/c\/LaliBeGood","https:\/\/www.instagram.com\/lali.begood\/","https:\/\/www.tiktok.com\/@lali.begood"]}]}},"jetpack_sharing_enabled":true,"jetpack_shortlink":"https:\/\/wp.me\/P7KfQ8-ZS","_links":{"self":[{"href":"https:\/\/lali-begood.com\/es\/wp-json\/wp\/v2\/pages\/3836"}],"collection":[{"href":"https:\/\/lali-begood.com\/es\/wp-json\/wp\/v2\/pages"}],"about":[{"href":"https:\/\/lali-begood.com\/es\/wp-json\/wp\/v2\/types\/page"}],"author":[{"embeddable":true,"href":"https:\/\/lali-begood.com\/es\/wp-json\/wp\/v2\/users\/1"}],"replies":[{"embeddable":true,"href":"https:\/\/lali-begood.com\/es\/wp-json\/wp\/v2\/comments?post=3836"}],"version-history":[{"count":0,"href":"https:\/\/lali-begood.com\/es\/wp-json\/wp\/v2\/pages\/3836\/revisions"}],"wp:attachment":[{"href":"https:\/\/lali-begood.com\/es\/wp-json\/wp\/v2\/media?parent=3836"}],"curies":[{"name":"wp","href":"https:\/\/api.w.org\/{rel}","templated":true}]}}