{"id":3820,"date":"2019-06-15T14:21:32","date_gmt":"2019-06-15T14:21:32","guid":{"rendered":"http:\/\/lali-begood.com\/?page_id=3820"},"modified":"2020-10-13T22:47:10","modified_gmt":"2020-10-13T22:47:10","slug":"espectaculos","status":"publish","type":"page","link":"https:\/\/lali-begood.com\/es\/espectaculos\/","title":{"rendered":"Espect\u00e1culos"},"content":{"rendered":"<p>[spb_text_block animation=\u00bbzoomInUp\u00bb animation_delay=\u00bb0&#8243; simplified_controls=\u00bbyes\u00bb custom_css_percentage=\u00bbno\u00bb padding_vertical=\u00bb0&#8243; padding_horizontal=\u00bb0&#8243; margin_vertical=\u00bb0&#8243; custom_css=\u00bbmargin-top: 0px;margin-bottom: 0px;\u00bb border_size=\u00bb0&#8243; border_styling_global=\u00bbdefault\u00bb width=\u00bb1\/1&#8243; el_position=\u00bbfirst last\u00bb]<\/p>\n<h6 style=\"text-align: center;\">Nuestros espect\u00e1culos, de peque\u00f1o y gran formato, se adaptan a las necesidades de cada evento y pueden incluir el equipo t\u00e9cnico necesario para llevarse a cabo<\/h6>\n<p>[\/spb_text_block] [spb_divider type=\u00bbheading\u00bb heading_text=\u00bbLos espect\u00e1culos\u00bb text=\u00bbGo to top\u00bb top_margin=\u00bb100px\u00bb bottom_margin=\u00bb90px\u00bb fullwidth=\u00bbno\u00bb width=\u00bb1\/1&#8243; el_position=\u00bbfirst last\u00bb] [spb_row element_name=\u00bbRow\u00bb wrap_type=\u00bbstandard-width\u00bb row_bg_type=\u00bbcolor\u00bb color_row_height=\u00bbcontent-height\u00bb bg_type=\u00bbcover\u00bb parallax_image_height=\u00bbcontent-height\u00bb parallax_image_movement=\u00bbfixed\u00bb parallax_image_speed=\u00bbstandard\u00bb bg_video_loop=\u00bbyes\u00bb parallax_video_height=\u00bbwindow-height\u00bb row_top_style=\u00bbnone\u00bb row_bottom_style=\u00bbnone\u00bb parallax_video_overlay=\u00bbcolor\u00bb row_overlay_opacity=\u00bb50&#8243; remove_element_spacing=\u00bbno\u00bb row_col_spacing=\u00bb0&#8243; row_col_pos=\u00bbdefault\u00bb row_col_equal_heights=\u00bbyes\u00bb row_expanding=\u00bbno\u00bb row_animation=\u00bbnone\u00bb row_animation_delay=\u00bb0&#8243; minimize_row=\u00bbno\u00bb simplified_controls=\u00bbyes\u00bb custom_css_percentage=\u00bbyes\u00bb custom_css=\u00bbmargin-top: 0%;margin-bottom: 0%;padding-top: 4%;padding-bottom: 4%;\u00bb border_styling_global=\u00bbdefault\u00bb width=\u00bb1\/1&#8243; el_position=\u00bbfirst last\u00bb] [spb_video link=\u00bbhttps:\/\/www.youtube.com\/watch?v=DF9vukEddtE\u00bb remove_related=\u00bbyes\u00bb autoplay=\u00bbno\u00bb full_width=\u00bbno\u00bb width=\u00bb1\/3&#8243; el_position=\u00bbfirst\u00bb] [spb_text_block title=\u00bbFUTUR-OH!\u00bb animation=\u00bbfadeInUp\u00bb animation_delay=\u00bb0&#8243; simplified_controls=\u00bbyes\u00bb custom_css_percentage=\u00bbno\u00bb padding_vertical=\u00bb0&#8243; padding_horizontal=\u00bb0&#8243; margin_vertical=\u00bb0&#8243; custom_css=\u00bbmargin-top: 0px;margin-bottom: 0px;\u00bb border_size=\u00bb0&#8243; border_styling_global=\u00bbdefault\u00bb width=\u00bb2\/3&#8243; el_position=\u00bblast\u00bb]<\/p>\n<h5>Un gran show para el ni\u00f1o que llevas de la mano y el que llevas dentro<\/h5>\n<p>El espect\u00e1culo del nuevo \u00e1lbum <em><strong>Futuro-Oh!<\/strong><\/em> desprende energ\u00eda y buen humor a raudales. Once temas que transitan por el funky, el kid-hop, el country, el reggae, el folk, el rock, el pop, la cumbia y la m\u00fasica balc\u00e1nica. Sin complejos ni tab\u00faes, con letras que tocan vivencias y valores compartidos por padres e hijos, Lali va tejiendo un di\u00e1logo que borra la barrera entre escenario y p\u00fablico.<\/p>\n<p><strong>Formato con banda completa, ideal para<\/strong>: festivales, fiestas, eventos culturales.<\/p>\n<p><a class=\"sf-button standard accent default  sf-button-rounded sf-button-has-icon\" href=\"https:\/\/docs.google.com\/document\/d\/1Wqqi3DOvetfveArMCb44RvTbAhWrH1GKiaNZriGTmj0\/edit?usp=sharing\" target=\"_blank\" rel=\"\"><span class=\"text\">Dossier<\/span><i class=\"fas fa-angle-right\"><\/i><\/a>\u00a0 \u00a0<a class=\"sf-button standard accent default  sf-button-rounded sf-button-has-icon\" href=\"https:\/\/lali-begood.bandcamp.com\/album\/futur-oh\" target=\"_blank\" rel=\"\"><span class=\"text\">Canciones<\/span><i class=\"fas fa-angle-right\"><\/i><\/a><\/p>\n<p>[\/spb_text_block] [spb_divider type=\u00bbdotted\u00bb text=\u00bbGo to top\u00bb top_margin=\u00bb60px\u00bb bottom_margin=\u00bb100px\u00bb fullwidth=\u00bbno\u00bb width=\u00bb1\/1&#8243; el_position=\u00bbfirst last\u00bb] [spb_video link=\u00bbhttps:\/\/www.youtube.com\/watch?v=-ifQo1TdhQE&amp;feature=youtu.be\u00bb remove_related=\u00bbyes\u00bb autoplay=\u00bbno\u00bb full_width=\u00bbno\u00bb width=\u00bb1\/3&#8243; el_position=\u00bbfirst\u00bb] [spb_text_block title=\u00bbDANCING FEET\u00bb animation=\u00bbzoomInUp\u00bb animation_delay=\u00bb0&#8243; simplified_controls=\u00bbyes\u00bb custom_css_percentage=\u00bbno\u00bb padding_vertical=\u00bb0&#8243; padding_horizontal=\u00bb0&#8243; margin_vertical=\u00bb0&#8243; custom_css=\u00bbmargin-top: 0px;margin-bottom: 0px;\u00bb border_size=\u00bb0&#8243; border_styling_global=\u00bbdefault\u00bb width=\u00bb2\/3&#8243; el_position=\u00bblast\u00bb]<\/p>\n<h5>Disfruta de nuestro <em>love&#8217;n&#8217;roll<\/em> de muy cerquita \ud83d\ude42<\/h5>\n<p><strong><em>Dancing Feet<\/em><\/strong> es nuestro espect\u00e1culo de proximidad y peque\u00f1o formato, un concierto realmente familiar y altamente bailable, donde la improvisaci\u00f3n y la interacci\u00f3n con el p\u00fablico es la clave para que cada actuaci\u00f3n sea irrepetible.<br \/>\nEl repertorio incluye los mejores temas de los tres discos de Lali BeGood -Futur-Oh!, En un planeta azul y Canciones para llevar- y se adapta en funci\u00f3n de la edad del p\u00fablico (etapas infantil, primaria o secundaria).<\/p>\n<p><strong>Formato d\u00fao, ideal para<\/strong>: escuelas, fiestas de fin de curso, bibliotecas, centros c\u00edvicos, eventos culturales y guarder\u00edas.<\/p>\n<p><a class=\"sf-button standard accent default  sf-button-rounded sf-button-has-icon\" href=\"https:\/\/docs.google.com\/document\/d\/1rQSNeE6vNhNT7lsjDl6JP6KGcdPfuLTw3dLJXhh5HtQ\/edit?usp=sharing\" target=\"_blank\" rel=\"\"><span class=\"text\">Dossier<\/span><i class=\"fas fa-angle-right\"><\/i><\/a>\u00a0 \u00a0<a class=\"sf-button standard accent default  sf-button-rounded sf-button-has-icon\" href=\"https:\/\/lali-begood.bandcamp.com\/album\/futur-oh\" target=\"_blank\" rel=\"\"><span class=\"text\">Canciones<\/span><i class=\"fas fa-angle-right\"><\/i><\/a><\/p>\n<p>[\/spb_text_block] [spb_divider type=\u00bbdotted\u00bb text=\u00bbGo to top\u00bb top_margin=\u00bb60px\u00bb bottom_margin=\u00bb100px\u00bb fullwidth=\u00bbno\u00bb width=\u00bb1\/1&#8243; el_position=\u00bbfirst last\u00bb] [spb_video link=\u00bbhttps:\/\/www.youtube.com\/watch?v=lv-c_aj9Gq4&#8243; remove_related=\u00bbyes\u00bb autoplay=\u00bbno\u00bb full_width=\u00bbno\u00bb width=\u00bb1\/3&#8243; el_position=\u00bbfirst\u00bb] [spb_text_block title=\u00bbLOVE\u2019N\u2019ROLL FEVER!\u00bb animation=\u00bbfadeInRight\u00bb animation_delay=\u00bb0&#8243; simplified_controls=\u00bbyes\u00bb custom_css_percentage=\u00bbno\u00bb padding_vertical=\u00bb0&#8243; padding_horizontal=\u00bb0&#8243; margin_vertical=\u00bb0&#8243; custom_css=\u00bbmargin-top: 0px;margin-bottom: 0px;\u00bb border_size=\u00bb0&#8243; border_styling_global=\u00bbdefault\u00bb width=\u00bb2\/3&#8243; el_position=\u00bblast\u00bb]<\/p>\n<h5>Los mejores temas de rock cl\u00e1sico reinterpretados por Lali<\/h5>\n<p>Beatles, Elvis, Chuck Berry, Jackson5, Police, Queen, AC\/DC &#8230;<br \/>\nUn concierto de aut\u00e9ntico rock para toda la familia, con mucho ritmo y letras de lo m\u00e1s divertidas.<\/p>\n<p><strong>Formato con banda completa, ideal para<\/strong>: festivales, fiestas mayores y eventos culturales.<\/p>\n<a class=\"sf-button standard accent default  sf-button-rounded sf-button-has-icon\" href=\"https:\/\/docs.google.com\/document\/d\/1MiOFa8QGWJD341XK8_w5wnY87U0CDTcMgm9VjrhQNok\/edit?usp=sharing\" target=\"_blank\" rel=\"\"><span class=\"text\">Dossier<\/span><i class=\"fas fa-angle-right\"><\/i><\/a>\n<p>[\/spb_text_block] [spb_blank_spacer height=\u00bb30px\u00bb width=\u00bb1\/1&#8243; el_position=\u00bbfirst last\u00bb] [\/spb_row] [spb_section spb_section_id=\u00bb4155&#8243; width=\u00bb1\/1&#8243; el_position=\u00bbfirst last\u00bb] [spb_section spb_section_id=\u00bb1604&#8243; width=\u00bb1\/1&#8243; el_position=\u00bbfirst last\u00bb]<\/p>\n","protected":false},"excerpt":{"rendered":"<p>[spb_text_block animation=\u00bbzoomInUp\u00bb animation_delay=\u00bb0&#8243; simplified_controls=\u00bbyes\u00bb custom_css_percentage=\u00bbno\u00bb padding_vertical=\u00bb0&#8243; padding_horizontal=\u00bb0&#8243; margin_vertical=\u00bb0&#8243; custom_css=\u00bbmargin-top: 0px;margin-bottom: 0px;\u00bb border_size=\u00bb0&#8243; border_styling_global=\u00bbdefault\u00bb width=\u00bb1\/1&#8243; el_position=\u00bbfirst last\u00bb] Nuestros espect\u00e1culos, de peque\u00f1o y gran formato, se adaptan a las necesidades de cada evento y pueden incluir el equipo t\u00e9cnico necesario para llevarse a cabo [\/spb_text_block] [spb_divider type=\u00bbheading\u00bb heading_text=\u00bbLos espect\u00e1culos\u00bb text=\u00bbGo to top\u00bb top_margin=\u00bb100px\u00bb bottom_margin=\u00bb90px\u00bb fullwidth=\u00bbno\u00bb width=\u00bb1\/1&#8243; el_position=\u00bbfirst last\u00bb] [spb_row element_name=\u00bbRow\u00bb wrap_type=\u00bbstandard-width\u00bb row_bg_type=\u00bbcolor\u00bb [&hellip;]<\/p>\n","protected":false},"author":1,"featured_media":0,"parent":0,"menu_order":0,"comment_status":"closed","ping_status":"closed","template":"","meta":{"jetpack_post_was_ever_published":false,"footnotes":""},"yoast_head":"<!-- This site is optimized with the Yoast SEO plugin v23.0 - https:\/\/yoast.com\/wordpress\/plugins\/seo\/ -->\n<title>Espect\u00e1culos - Lali BeGood<\/title>\n<meta name=\"robots\" content=\"index, follow, max-snippet:-1, max-image-preview:large, max-video-preview:-1\" \/>\n<link rel=\"canonical\" href=\"https:\/\/lali-begood.com\/es\/espectaculos\/\" \/>\n<meta property=\"og:locale\" content=\"es_ES\" \/>\n<meta property=\"og:type\" content=\"article\" \/>\n<meta property=\"og:title\" content=\"Espect\u00e1culos - Lali BeGood\" \/>\n<meta property=\"og:description\" content=\"[spb_text_block animation=\u00bbzoomInUp\u00bb animation_delay=\u00bb0&#8243; simplified_controls=\u00bbyes\u00bb custom_css_percentage=\u00bbno\u00bb padding_vertical=\u00bb0&#8243; padding_horizontal=\u00bb0&#8243; margin_vertical=\u00bb0&#8243; custom_css=\u00bbmargin-top: 0px;margin-bottom: 0px;\u00bb border_size=\u00bb0&#8243; border_styling_global=\u00bbdefault\u00bb width=\u00bb1\/1&#8243; el_position=\u00bbfirst last\u00bb] Nuestros espect\u00e1culos, de peque\u00f1o y gran formato, se adaptan a las necesidades de cada evento y pueden incluir el equipo t\u00e9cnico necesario para llevarse a cabo [\/spb_text_block] [spb_divider type=\u00bbheading\u00bb heading_text=\u00bbLos espect\u00e1culos\u00bb text=\u00bbGo to top\u00bb top_margin=\u00bb100px\u00bb bottom_margin=\u00bb90px\u00bb fullwidth=\u00bbno\u00bb width=\u00bb1\/1&#8243; el_position=\u00bbfirst last\u00bb] [spb_row element_name=\u00bbRow\u00bb wrap_type=\u00bbstandard-width\u00bb row_bg_type=\u00bbcolor\u00bb [&hellip;]\" \/>\n<meta property=\"og:url\" content=\"https:\/\/lali-begood.com\/es\/espectaculos\/\" \/>\n<meta property=\"og:site_name\" content=\"Lali BeGood\" \/>\n<meta property=\"article:publisher\" content=\"https:\/\/es-es.facebook.com\/lali.begood\/\" \/>\n<meta property=\"article:modified_time\" content=\"2020-10-13T22:47:10+00:00\" \/>\n<meta name=\"twitter:card\" content=\"summary_large_image\" \/>\n<meta name=\"twitter:site\" content=\"@LaliBeGood\" \/>\n<meta name=\"twitter:label1\" content=\"Tiempo de lectura\" \/>\n\t<meta name=\"twitter:data1\" content=\"5 minutos\" \/>\n<script type=\"application\/ld+json\" class=\"yoast-schema-graph\">{\"@context\":\"https:\/\/schema.org\",\"@graph\":[{\"@type\":\"WebPage\",\"@id\":\"https:\/\/lali-begood.com\/es\/espectaculos\/\",\"url\":\"https:\/\/lali-begood.com\/es\/espectaculos\/\",\"name\":\"Espect\u00e1culos - Lali BeGood\",\"isPartOf\":{\"@id\":\"https:\/\/lali-begood.com\/#website\"},\"datePublished\":\"2019-06-15T14:21:32+00:00\",\"dateModified\":\"2020-10-13T22:47:10+00:00\",\"breadcrumb\":{\"@id\":\"https:\/\/lali-begood.com\/es\/espectaculos\/#breadcrumb\"},\"inLanguage\":\"es\",\"potentialAction\":[{\"@type\":\"ReadAction\",\"target\":[\"https:\/\/lali-begood.com\/es\/espectaculos\/\"]}]},{\"@type\":\"BreadcrumbList\",\"@id\":\"https:\/\/lali-begood.com\/es\/espectaculos\/#breadcrumb\",\"itemListElement\":[{\"@type\":\"ListItem\",\"position\":1,\"name\":\"Inici\",\"item\":\"https:\/\/lali-begood.com\/\"},{\"@type\":\"ListItem\",\"position\":2,\"name\":\"Espect\u00e1culos\"}]},{\"@type\":\"WebSite\",\"@id\":\"https:\/\/lali-begood.com\/#website\",\"url\":\"https:\/\/lali-begood.com\/\",\"name\":\"Lali BeGood\",\"description\":\"Love&amp;Roll\",\"publisher\":{\"@id\":\"https:\/\/lali-begood.com\/#organization\"},\"potentialAction\":[{\"@type\":\"SearchAction\",\"target\":{\"@type\":\"EntryPoint\",\"urlTemplate\":\"https:\/\/lali-begood.com\/?s={search_term_string}\"},\"query-input\":\"required name=search_term_string\"}],\"inLanguage\":\"es\"},{\"@type\":\"Organization\",\"@id\":\"https:\/\/lali-begood.com\/#organization\",\"name\":\"Lali BeGood\",\"url\":\"https:\/\/lali-begood.com\/\",\"logo\":{\"@type\":\"ImageObject\",\"inLanguage\":\"es\",\"@id\":\"https:\/\/lali-begood.com\/#\/schema\/logo\/image\/\",\"url\":\"https:\/\/lali-begood.com\/wp-content\/uploads\/2023\/08\/cropped-Logo_LALYBgood_colors.png\",\"contentUrl\":\"https:\/\/lali-begood.com\/wp-content\/uploads\/2023\/08\/cropped-Logo_LALYBgood_colors.png\",\"width\":2354,\"height\":1811,\"caption\":\"Lali BeGood\"},\"image\":{\"@id\":\"https:\/\/lali-begood.com\/#\/schema\/logo\/image\/\"},\"sameAs\":[\"https:\/\/es-es.facebook.com\/lali.begood\/\",\"https:\/\/x.com\/LaliBeGood\",\"https:\/\/www.youtube.com\/c\/LaliBeGood\",\"https:\/\/www.instagram.com\/lali.begood\/\",\"https:\/\/www.tiktok.com\/@lali.begood\"]}]}<\/script>\n<!-- \/ Yoast SEO plugin. -->","yoast_head_json":{"title":"Espect\u00e1culos - Lali BeGood","robots":{"index":"index","follow":"follow","max-snippet":"max-snippet:-1","max-image-preview":"max-image-preview:large","max-video-preview":"max-video-preview:-1"},"canonical":"https:\/\/lali-begood.com\/es\/espectaculos\/","og_locale":"es_ES","og_type":"article","og_title":"Espect\u00e1culos - Lali BeGood","og_description":"[spb_text_block animation=\u00bbzoomInUp\u00bb animation_delay=\u00bb0&#8243; simplified_controls=\u00bbyes\u00bb custom_css_percentage=\u00bbno\u00bb padding_vertical=\u00bb0&#8243; padding_horizontal=\u00bb0&#8243; margin_vertical=\u00bb0&#8243; custom_css=\u00bbmargin-top: 0px;margin-bottom: 0px;\u00bb border_size=\u00bb0&#8243; border_styling_global=\u00bbdefault\u00bb width=\u00bb1\/1&#8243; el_position=\u00bbfirst last\u00bb] Nuestros espect\u00e1culos, de peque\u00f1o y gran formato, se adaptan a las necesidades de cada evento y pueden incluir el equipo t\u00e9cnico necesario para llevarse a cabo [\/spb_text_block] [spb_divider type=\u00bbheading\u00bb heading_text=\u00bbLos espect\u00e1culos\u00bb text=\u00bbGo to top\u00bb top_margin=\u00bb100px\u00bb bottom_margin=\u00bb90px\u00bb fullwidth=\u00bbno\u00bb width=\u00bb1\/1&#8243; el_position=\u00bbfirst last\u00bb] [spb_row element_name=\u00bbRow\u00bb wrap_type=\u00bbstandard-width\u00bb row_bg_type=\u00bbcolor\u00bb [&hellip;]","og_url":"https:\/\/lali-begood.com\/es\/espectaculos\/","og_site_name":"Lali BeGood","article_publisher":"https:\/\/es-es.facebook.com\/lali.begood\/","article_modified_time":"2020-10-13T22:47:10+00:00","twitter_card":"summary_large_image","twitter_site":"@LaliBeGood","twitter_misc":{"Tiempo de lectura":"5 minutos"},"schema":{"@context":"https:\/\/schema.org","@graph":[{"@type":"WebPage","@id":"https:\/\/lali-begood.com\/es\/espectaculos\/","url":"https:\/\/lali-begood.com\/es\/espectaculos\/","name":"Espect\u00e1culos - Lali BeGood","isPartOf":{"@id":"https:\/\/lali-begood.com\/#website"},"datePublished":"2019-06-15T14:21:32+00:00","dateModified":"2020-10-13T22:47:10+00:00","breadcrumb":{"@id":"https:\/\/lali-begood.com\/es\/espectaculos\/#breadcrumb"},"inLanguage":"es","potentialAction":[{"@type":"ReadAction","target":["https:\/\/lali-begood.com\/es\/espectaculos\/"]}]},{"@type":"BreadcrumbList","@id":"https:\/\/lali-begood.com\/es\/espectaculos\/#breadcrumb","itemListElement":[{"@type":"ListItem","position":1,"name":"Inici","item":"https:\/\/lali-begood.com\/"},{"@type":"ListItem","position":2,"name":"Espect\u00e1culos"}]},{"@type":"WebSite","@id":"https:\/\/lali-begood.com\/#website","url":"https:\/\/lali-begood.com\/","name":"Lali BeGood","description":"Love&amp;Roll","publisher":{"@id":"https:\/\/lali-begood.com\/#organization"},"potentialAction":[{"@type":"SearchAction","target":{"@type":"EntryPoint","urlTemplate":"https:\/\/lali-begood.com\/?s={search_term_string}"},"query-input":"required name=search_term_string"}],"inLanguage":"es"},{"@type":"Organization","@id":"https:\/\/lali-begood.com\/#organization","name":"Lali BeGood","url":"https:\/\/lali-begood.com\/","logo":{"@type":"ImageObject","inLanguage":"es","@id":"https:\/\/lali-begood.com\/#\/schema\/logo\/image\/","url":"https:\/\/lali-begood.com\/wp-content\/uploads\/2023\/08\/cropped-Logo_LALYBgood_colors.png","contentUrl":"https:\/\/lali-begood.com\/wp-content\/uploads\/2023\/08\/cropped-Logo_LALYBgood_colors.png","width":2354,"height":1811,"caption":"Lali BeGood"},"image":{"@id":"https:\/\/lali-begood.com\/#\/schema\/logo\/image\/"},"sameAs":["https:\/\/es-es.facebook.com\/lali.begood\/","https:\/\/x.com\/LaliBeGood","https:\/\/www.youtube.com\/c\/LaliBeGood","https:\/\/www.instagram.com\/lali.begood\/","https:\/\/www.tiktok.com\/@lali.begood"]}]}},"jetpack_sharing_enabled":true,"jetpack_shortlink":"https:\/\/wp.me\/P7KfQ8-ZC","_links":{"self":[{"href":"https:\/\/lali-begood.com\/es\/wp-json\/wp\/v2\/pages\/3820"}],"collection":[{"href":"https:\/\/lali-begood.com\/es\/wp-json\/wp\/v2\/pages"}],"about":[{"href":"https:\/\/lali-begood.com\/es\/wp-json\/wp\/v2\/types\/page"}],"author":[{"embeddable":true,"href":"https:\/\/lali-begood.com\/es\/wp-json\/wp\/v2\/users\/1"}],"replies":[{"embeddable":true,"href":"https:\/\/lali-begood.com\/es\/wp-json\/wp\/v2\/comments?post=3820"}],"version-history":[{"count":0,"href":"https:\/\/lali-begood.com\/es\/wp-json\/wp\/v2\/pages\/3820\/revisions"}],"wp:attachment":[{"href":"https:\/\/lali-begood.com\/es\/wp-json\/wp\/v2\/media?parent=3820"}],"curies":[{"name":"wp","href":"https:\/\/api.w.org\/{rel}","templated":true}]}}