{"id":2983,"date":"2016-12-19T22:16:08","date_gmt":"2016-12-19T22:16:08","guid":{"rendered":"http:\/\/lali-begood.com\/?page_id=2983\/"},"modified":"2018-04-14T11:11:49","modified_gmt":"2018-04-14T11:11:49","slug":"contratacion","status":"publish","type":"page","link":"https:\/\/lali-begood.com\/es\/contratacion\/","title":{"rendered":"Contrataci\u00f3n"},"content":{"rendered":"<p>[spb_row element_name=\u00bbRow\u00bb wrap_type=\u00bbstandard-width\u00bb row_bg_type=\u00bbcolor\u00bb color_row_height=\u00bbcontent-height\u00bb bg_type=\u00bbcover\u00bb parallax_image_height=\u00bbcontent-height\u00bb parallax_image_movement=\u00bbfixed\u00bb parallax_image_speed=\u00bbstandard\u00bb bg_video_loop=\u00bbyes\u00bb parallax_video_height=\u00bbwindow-height\u00bb row_top_style=\u00bbnone\u00bb row_bottom_style=\u00bbnone\u00bb parallax_video_overlay=\u00bbnone\u00bb row_overlay_opacity=\u00bb0&#8243; remove_element_spacing=\u00bbno\u00bb row_col_spacing=\u00bb0&#8243; row_col_pos=\u00bbdefault\u00bb row_col_equal_heights=\u00bbno\u00bb row_expanding=\u00bbno\u00bb row_animation=\u00bbnone\u00bb row_animation_delay=\u00bb0&#8243; minimize_row=\u00bbno\u00bb simplified_controls=\u00bbno\u00bb custom_css_percentage=\u00bbno\u00bb custom_css=\u00bbmargin-top: 0px;margin-bottom: 0px;padding-top: 90px;padding-bottom: 90px;\u00bb border_styling_global=\u00bbdefault\u00bb width=\u00bb1\/1&#8243; el_position=\u00bbfirst last\u00bb] [spb_image image=\u00bb3053&#8243; image_size=\u00bbfull\u00bb frame=\u00bbnoframe\u00bb caption_pos=\u00bbhover\u00bb remove_rounded=\u00bbyes\u00bb fullwidth=\u00bbno\u00bb overflow_mode=\u00bbnone\u00bb link_target=\u00bb_self\u00bb lightbox=\u00bbno\u00bb intro_animation=\u00bbrubberBand\u00bb animation_delay=\u00bb200&#8243; width=\u00bb1\/2&#8243; el_position=\u00bbfirst\u00bb][\/spb_image] [spb_text_block animation=\u00bbnone\u00bb animation_delay=\u00bb0&#8243; simplified_controls=\u00bbno\u00bb custom_css_percentage=\u00bbno\u00bb padding_vertical=\u00bb0&#8243; padding_horizontal=\u00bb0&#8243; margin_vertical=\u00bb0&#8243; custom_css=\u00bbmargin-top: 0px;margin-bottom: 0px;\u00bb border_size=\u00bb0&#8243; border_styling_global=\u00bbdefault\u00bb width=\u00bb1\/2&#8243; el_position=\u00bblast\u00bb]<\/p>\n<h1 style=\"text-align: center;\">LOVE&#8217;N&#8217;ROLL FEVER!<\/h1>\n<p style=\"text-align: center;\">El mejor\u00a0rock con letras made in Lali<\/p>\n<p style=\"text-align: center;\">\u00a1Por fin los mejores temas de rock cl\u00e1sico reinterpretados por Lali!<br \/>\nBeatles, Elvis, Chuck Berry, Jackson5, Police, Queen, AC\/DC&#8230;<br \/>\nUn concierto de aut\u00e9ntico rock para toda la familia, con mucho ritmo y letras s\u00faper-divertidas. Disponible en castellano y catal\u00e1n, y formato quinteto.<\/p>\n<p style=\"text-align: center;\">Let &#8216;s love&#8217;n&#8217;roll, babies!<\/p>\n<p style=\"text-align: center;\">Ideal para: festivales, fiestas mayores y eventos culturales.<\/p>\n<p style=\"text-align: center;\"><div class=\"one_fourth\"> \u00a0 \u00a0 \u00a0 \u00a0 \u00a0 \u00a0 \u00a0<\/div><br \/>\n<div class=\"one_fourth\"><a href=\"#\" class=\"fw-video-link fw-video-link-text sf-button sf-icon-stroke accent \" data-video=\"https:\/\/www.youtube.com\/embed\/lv-c_aj9Gq4?autoplay=1\"><i class=\"ss-play\"><\/i><span class=\"text\">V\u00eddeo<\/span><\/a><\/div><br \/>\n<div class=\"one_fourth\"><a class=\"sf-button standard accent default \" href=\"https:\/\/docs.google.com\/document\/d\/1MiOFa8QGWJD341XK8_w5wnY87U0CDTcMgm9VjrhQNok\/edit?usp=sharing\" target=\"_blank\" rel=\"\"><span class=\"text\">Dossier<\/span><\/a><\/div><br \/>\n<div class=\"one_fourth last\"> \u00a0 \u00a0 \u00a0 \u00a0 \u00a0 <\/div><div class=\"clearboth\"><\/div><\/p>\n<p>[\/spb_text_block] [\/spb_row] [spb_divider type=\u00bbthin\u00bb text=\u00bbGo to top\u00bb top_margin=\u00bb0px\u00bb bottom_margin=\u00bb0&#8243; fullwidth=\u00bbno\u00bb width=\u00bb1\/1&#8243; el_position=\u00bbfirst last\u00bb] [spb_row element_name=\u00bbRow\u00bb wrap_type=\u00bbcontent-width\u00bb row_bg_type=\u00bbcolor\u00bb color_row_height=\u00bbcontent-height\u00bb bg_type=\u00bbcover\u00bb parallax_image_height=\u00bbcontent-height\u00bb parallax_image_movement=\u00bbfixed\u00bb parallax_image_speed=\u00bb0.5&#8243; bg_video_loop=\u00bbyes\u00bb parallax_video_height=\u00bbwindow-height\u00bb row_top_style=\u00bbnone\u00bb row_bottom_style=\u00bbnone\u00bb parallax_video_overlay=\u00bbnone\u00bb row_overlay_opacity=\u00bb0&#8243; remove_element_spacing=\u00bbno\u00bb row_col_pos=\u00bbdefault\u00bb row_expanding=\u00bbno\u00bb row_animation=\u00bbnone\u00bb row_animation_delay=\u00bb0&#8243; minimize_row=\u00bbno\u00bb simplified_controls=\u00bbno\u00bb custom_css_percentage=\u00bbno\u00bb custom_css=\u00bbmargin-top: 0px;margin-bottom: 0px;border-top: 0px ;border-left: 0px ;border-right: 0px ;border-bottom: 0px ;padding-top: 90px;padding-left: 0px;padding-right: 0px;padding-bottom: 90px;\u00bb border_styling_global=\u00bbdefault\u00bb width=\u00bb1\/1&#8243; el_position=\u00bbfirst last\u00bb] [spb_gallery gallery_id=\u00bb395&#8243; display_type=\u00bbslider\u00bb columns=\u00bb5&#8243; fullwidth=\u00bbno\u00bb gutters=\u00bbyes\u00bb image_size=\u00bbfull\u00bb slider_transition=\u00bbslide\u00bb show_thumbs=\u00bbno\u00bb autoplay=\u00bbyes\u00bb show_captions=\u00bbno\u00bb enable_lightbox=\u00bbno\u00bb width=\u00bb1\/2&#8243; el_position=\u00bbfirst\u00bb] [spb_text_block animation=\u00bbnone\u00bb animation_delay=\u00bb0&#8243; simplified_controls=\u00bbno\u00bb custom_css_percentage=\u00bbno\u00bb padding_vertical=\u00bb0&#8243; padding_horizontal=\u00bb0&#8243; margin_vertical=\u00bb0&#8243; custom_css=\u00bbmargin-top: 0px;margin-bottom: 0px;\u00bb border_size=\u00bb0&#8243; border_styling_global=\u00bbdefault\u00bb width=\u00bb1\/2&#8243; el_position=\u00bblast\u00bb]<\/p>\n<h1 style=\"text-align: center;\">EN UN PLANETA\u00a0AZUL<\/h1>\n<p style=\"text-align: center;\">Concierto de canciones intergal\u00e1cticas para ni\u00f1os de 0 a 100 a\u00f1os<\/p>\n<p style=\"text-align: center;\">Canciones originales de Lali, llenas de ritmo y buenas vibraciones. Un viaje sonoro a trav\u00e9s de diferentes estilos musicales que gustar\u00e1 a peques y mayores. Letras con mensaje que invitan a repensar el mundo, siempre de una forma cercana y con grandes dosis de humor \ud83d\ude42<\/p>\n<p style=\"text-align: center;\">\u00a1En formato tr\u00edo, cuarteto o banda completa!<br \/>\nIdeal para: festivales, fiestas mayores, conciertos de peque\u00f1o formato, etc.<\/p>\n<p style=\"text-align: center;\"><div class=\"one_fourth\"> \u00a0 \u00a0 \u00a0 \u00a0 \u00a0 \u00a0 \u00a0<\/div><br \/>\n<div class=\"one_fourth\"><a href=\"#\" class=\"fw-video-link fw-video-link-text sf-button sf-icon-stroke accent \" data-video=\"https:\/\/www.youtube.com\/embed\/vm-hKq46Tp4?autoplay=1\"><i class=\"ss-play\"><\/i><span class=\"text\">V\u00eddeo<\/span><\/a><\/div><br \/>\n<div class=\"one_fourth\"><a class=\"sf-button standard accent default \" href=\"https:\/\/docs.google.com\/document\/d\/1eolhCRxmhr7HgKnmcZWaMtoLQwGiwGE27GuY7z2QsVw\/edit?usp=sharing\" target=\"_blank\" rel=\"\"><span class=\"text\">Dosier<\/span><\/a><\/div><br \/>\n<div class=\"one_fourth last\"> \u00a0 \u00a0 \u00a0 \u00a0 \u00a0 <\/div><div class=\"clearboth\"><\/div><\/p>\n<p style=\"text-align: center;\"><a class=\"modal-text-link\" href=\"#modal-1\" role=\"button\" data-toggle=\"modal\">\u00bfQuieres escuchar las canciones?<\/a><div class=\"modal fade\" id=\"modal-1\" tabindex=\"-1\" aria-labelledby=\"Canciones del espect\u00e1culo\" aria-hidden=\"true\"><div class=\"modal-dialog\"><div class=\"modal-content\"><div class=\"modal-header\"><button type=\"button\" class=\"close\" data-dismiss=\"modal\" aria-hidden=\"true\"><i class=\"ss-delete\"><\/i><\/button><h3 id=\"modal-label\">Canciones del espect\u00e1culo<\/h3><\/div><div class=\"modal-body\"><\/p>\n<p style=\"text-align: center;\"><\/div><\/div><\/div><\/div><\/p>\n<p>[\/spb_text_block] [\/spb_row] [spb_row element_name=\u00bbRow\u00bb wrap_type=\u00bbcontent-width\u00bb row_bg_type=\u00bbcolor\u00bb row_bg_color=\u00bb#f9615c\u00bb color_row_height=\u00bbcontent-height\u00bb bg_type=\u00bbcover\u00bb parallax_image_height=\u00bbcontent-height\u00bb parallax_image_movement=\u00bbfixed\u00bb parallax_image_speed=\u00bb0.5&#8243; bg_video_loop=\u00bbyes\u00bb parallax_video_height=\u00bbwindow-height\u00bb row_top_style=\u00bbnone\u00bb row_bottom_style=\u00bbnone\u00bb parallax_video_overlay=\u00bbnone\u00bb row_overlay_opacity=\u00bb0&#8243; remove_element_spacing=\u00bbno\u00bb row_col_pos=\u00bbdefault\u00bb row_expanding=\u00bbno\u00bb row_animation=\u00bbnone\u00bb row_animation_delay=\u00bb0&#8243; minimize_row=\u00bbno\u00bb simplified_controls=\u00bbno\u00bb custom_css=\u00bbmargin-top: 0px;margin-bottom: 0px;border-top: 0px default ;border-left: 0px default ;border-right: 0px default ;border-bottom: 0px default ;padding-top: 90px;padding-left: 0px;padding-right: 0px;padding-bottom: 90px;\u00bb border_styling_global=\u00bbdefault\u00bb width=\u00bb1\/1&#8243; el_position=\u00bbfirst last\u00bb] [spb_gallery gallery_id=\u00bb552&#8243; display_type=\u00bbslider\u00bb columns=\u00bb5&#8243; fullwidth=\u00bbno\u00bb gutters=\u00bbyes\u00bb image_size=\u00bbfull\u00bb slider_transition=\u00bbslide\u00bb show_thumbs=\u00bbno\u00bb autoplay=\u00bbyes\u00bb show_captions=\u00bbno\u00bb enable_lightbox=\u00bbno\u00bb width=\u00bb1\/2&#8243; el_position=\u00bbfirst\u00bb] [spb_text_block animation=\u00bbnone\u00bb animation_delay=\u00bb0&#8243; simplified_controls=\u00bbno\u00bb custom_css_percentage=\u00bbno\u00bb padding_vertical=\u00bb0&#8243; padding_horizontal=\u00bb0&#8243; margin_vertical=\u00bb0&#8243; custom_css=\u00bbmargin-top: 0px;margin-bottom: 0px;\u00bb border_size=\u00bb0&#8243; border_styling_global=\u00bbdefault\u00bb width=\u00bb1\/2&#8243; el_position=\u00bblast\u00bb]<\/p>\n<h1 style=\"text-align: center;\"><span style=\"color: #ffffff;\">AMIGOS DEL\u00a0MUNDO<\/span><\/h1>\n<p style=\"text-align: center;\"><span style=\"color: #ffffff;\">Canciones de ahora y de siempre en un escenario m\u00e1gico y revelador<\/span><\/p>\n<p style=\"text-align: center;\"><span style=\"color: #ffffff;\">En este bosque los animales tienen canciones propias y los \u00e1rboles (globos de helio) despegan para llevar bonitos mensajes al otro lado del mundo. Adem\u00e1s de cantar y bailar, entre canci\u00f3n y canci\u00f3n los ni\u00f1os ser\u00e1n protagonistas de adivinanzas y actos po\u00e9ticos, subiendo al escenario con Lali, protagonista en solitario de este divertido concierto-performance.<\/span><\/p>\n<p style=\"text-align: center;\"><span style=\"color: #ffffff;\">Ideal para: fiestas municipales, eventos culturales, fiestas de final de curso, etc.<\/span><\/p>\n<p style=\"text-align: center;\"><span style=\"color: #ffffff;\"><div class=\"one_fourth\"> \u00a0 \u00a0 \u00a0 \u00a0 \u00a0 \u00a0 \u00a0<\/div><\/span><br \/>\n<span style=\"color: #ffffff;\"><div class=\"one_fourth\"><a href=\"#\" class=\"fw-video-link fw-video-link-text sf-button sf-icon-stroke accent \" data-video=\"https:\/\/www.youtube.com\/embed\/7e8YtQfL5_8?autoplay=1\"><i class=\"ss-play\"><\/i><span class=\"text\">V\u00eddeo<\/span><\/a><\/div><\/span><br \/>\n<span style=\"color: #ffffff;\"><div class=\"one_fourth\"><a class=\"sf-button standard accent default \" href=\"https:\/\/docs.google.com\/document\/d\/1-4BgflrPOa9qXsXlTB1k6_BUtvxho30eurzWiH0YyHM\/edit\" target=\"_blank\" rel=\"\"><span class=\"text\">Dossier<\/span><\/a><\/div><\/span><br \/>\n<span style=\"color: #ffffff;\"><div class=\"one_fourth last\"> \u00a0 \u00a0 \u00a0 \u00a0 \u00a0 <\/div><div class=\"clearboth\"><\/div><\/span><\/p>\n<p style=\"text-align: center;\"><span style=\"color: #ffffff;\"><a class=\"modal-text-link\" href=\"#modal-2\" role=\"button\" data-toggle=\"modal\">\u00bfQuieres escuchar las canciones?<\/a><div class=\"modal fade\" id=\"modal-2\" tabindex=\"-1\" aria-labelledby=\"Canciones del espect\u00e1culo\" aria-hidden=\"true\"><div class=\"modal-dialog\"><div class=\"modal-content\"><div class=\"modal-header\"><button type=\"button\" class=\"close\" data-dismiss=\"modal\" aria-hidden=\"true\"><i class=\"ss-delete\"><\/i><\/button><h3 id=\"modal-label\">Canciones del espect\u00e1culo<\/h3><\/div><div class=\"modal-body\"><\/span><\/p>\n<p style=\"text-align: center;\"><span style=\"color: #ffffff;\"><\/div><\/div><\/div><\/div><\/span><\/p>\n<p>[\/spb_text_block] [\/spb_row] [spb_section spb_section_id=\u00bb1604&#8243; width=\u00bb1\/1&#8243; el_position=\u00bbfirst last\u00bb]<\/p>\n","protected":false},"excerpt":{"rendered":"<p>[spb_row element_name=\u00bbRow\u00bb wrap_type=\u00bbstandard-width\u00bb row_bg_type=\u00bbcolor\u00bb color_row_height=\u00bbcontent-height\u00bb bg_type=\u00bbcover\u00bb parallax_image_height=\u00bbcontent-height\u00bb parallax_image_movement=\u00bbfixed\u00bb parallax_image_speed=\u00bbstandard\u00bb bg_video_loop=\u00bbyes\u00bb parallax_video_height=\u00bbwindow-height\u00bb row_top_style=\u00bbnone\u00bb row_bottom_style=\u00bbnone\u00bb parallax_video_overlay=\u00bbnone\u00bb row_overlay_opacity=\u00bb0&#8243; remove_element_spacing=\u00bbno\u00bb row_col_spacing=\u00bb0&#8243; row_col_pos=\u00bbdefault\u00bb row_col_equal_heights=\u00bbno\u00bb row_expanding=\u00bbno\u00bb row_animation=\u00bbnone\u00bb row_animation_delay=\u00bb0&#8243; minimize_row=\u00bbno\u00bb simplified_controls=\u00bbno\u00bb custom_css_percentage=\u00bbno\u00bb custom_css=\u00bbmargin-top: 0px;margin-bottom: 0px;padding-top: 90px;padding-bottom: 90px;\u00bb border_styling_global=\u00bbdefault\u00bb width=\u00bb1\/1&#8243; el_position=\u00bbfirst last\u00bb] [spb_image image=\u00bb3053&#8243; image_size=\u00bbfull\u00bb frame=\u00bbnoframe\u00bb caption_pos=\u00bbhover\u00bb remove_rounded=\u00bbyes\u00bb fullwidth=\u00bbno\u00bb overflow_mode=\u00bbnone\u00bb link_target=\u00bb_self\u00bb lightbox=\u00bbno\u00bb intro_animation=\u00bbrubberBand\u00bb animation_delay=\u00bb200&#8243; width=\u00bb1\/2&#8243; el_position=\u00bbfirst\u00bb][\/spb_image] [spb_text_block animation=\u00bbnone\u00bb animation_delay=\u00bb0&#8243; simplified_controls=\u00bbno\u00bb custom_css_percentage=\u00bbno\u00bb padding_vertical=\u00bb0&#8243; padding_horizontal=\u00bb0&#8243; margin_vertical=\u00bb0&#8243; custom_css=\u00bbmargin-top: 0px;margin-bottom: 0px;\u00bb border_size=\u00bb0&#8243; [&hellip;]<\/p>\n","protected":false},"author":1,"featured_media":0,"parent":0,"menu_order":0,"comment_status":"closed","ping_status":"closed","template":"","meta":{"jetpack_post_was_ever_published":false,"footnotes":""},"yoast_head":"<!-- This site is optimized with the Yoast SEO plugin v23.0 - https:\/\/yoast.com\/wordpress\/plugins\/seo\/ -->\n<title>Contrataci\u00f3n - Lali BeGood<\/title>\n<meta name=\"robots\" content=\"index, follow, max-snippet:-1, max-image-preview:large, max-video-preview:-1\" \/>\n<link rel=\"canonical\" href=\"https:\/\/lali-begood.com\/es\/contratacion\/\" \/>\n<meta property=\"og:locale\" content=\"es_ES\" \/>\n<meta property=\"og:type\" content=\"article\" \/>\n<meta property=\"og:title\" content=\"Contrataci\u00f3n - Lali BeGood\" \/>\n<meta property=\"og:description\" content=\"[spb_row element_name=\u00bbRow\u00bb wrap_type=\u00bbstandard-width\u00bb row_bg_type=\u00bbcolor\u00bb color_row_height=\u00bbcontent-height\u00bb bg_type=\u00bbcover\u00bb parallax_image_height=\u00bbcontent-height\u00bb parallax_image_movement=\u00bbfixed\u00bb parallax_image_speed=\u00bbstandard\u00bb bg_video_loop=\u00bbyes\u00bb parallax_video_height=\u00bbwindow-height\u00bb row_top_style=\u00bbnone\u00bb row_bottom_style=\u00bbnone\u00bb parallax_video_overlay=\u00bbnone\u00bb row_overlay_opacity=\u00bb0&#8243; remove_element_spacing=\u00bbno\u00bb row_col_spacing=\u00bb0&#8243; row_col_pos=\u00bbdefault\u00bb row_col_equal_heights=\u00bbno\u00bb row_expanding=\u00bbno\u00bb row_animation=\u00bbnone\u00bb row_animation_delay=\u00bb0&#8243; minimize_row=\u00bbno\u00bb simplified_controls=\u00bbno\u00bb custom_css_percentage=\u00bbno\u00bb custom_css=\u00bbmargin-top: 0px;margin-bottom: 0px;padding-top: 90px;padding-bottom: 90px;\u00bb border_styling_global=\u00bbdefault\u00bb width=\u00bb1\/1&#8243; el_position=\u00bbfirst last\u00bb] [spb_image image=\u00bb3053&#8243; image_size=\u00bbfull\u00bb frame=\u00bbnoframe\u00bb caption_pos=\u00bbhover\u00bb remove_rounded=\u00bbyes\u00bb fullwidth=\u00bbno\u00bb overflow_mode=\u00bbnone\u00bb link_target=\u00bb_self\u00bb lightbox=\u00bbno\u00bb intro_animation=\u00bbrubberBand\u00bb animation_delay=\u00bb200&#8243; width=\u00bb1\/2&#8243; el_position=\u00bbfirst\u00bb][\/spb_image] [spb_text_block animation=\u00bbnone\u00bb animation_delay=\u00bb0&#8243; simplified_controls=\u00bbno\u00bb custom_css_percentage=\u00bbno\u00bb padding_vertical=\u00bb0&#8243; padding_horizontal=\u00bb0&#8243; margin_vertical=\u00bb0&#8243; custom_css=\u00bbmargin-top: 0px;margin-bottom: 0px;\u00bb border_size=\u00bb0&#8243; [&hellip;]\" \/>\n<meta property=\"og:url\" content=\"https:\/\/lali-begood.com\/es\/contratacion\/\" \/>\n<meta property=\"og:site_name\" content=\"Lali BeGood\" \/>\n<meta property=\"article:publisher\" content=\"https:\/\/es-es.facebook.com\/lali.begood\/\" \/>\n<meta property=\"article:modified_time\" content=\"2018-04-14T11:11:49+00:00\" \/>\n<meta name=\"twitter:card\" content=\"summary_large_image\" \/>\n<meta name=\"twitter:site\" content=\"@LaliBeGood\" \/>\n<meta name=\"twitter:label1\" content=\"Tiempo de lectura\" \/>\n\t<meta name=\"twitter:data1\" content=\"6 minutos\" \/>\n<script type=\"application\/ld+json\" class=\"yoast-schema-graph\">{\"@context\":\"https:\/\/schema.org\",\"@graph\":[{\"@type\":\"WebPage\",\"@id\":\"https:\/\/lali-begood.com\/es\/contratacion\/\",\"url\":\"https:\/\/lali-begood.com\/es\/contratacion\/\",\"name\":\"Contrataci\u00f3n - Lali BeGood\",\"isPartOf\":{\"@id\":\"https:\/\/lali-begood.com\/#website\"},\"datePublished\":\"2016-12-19T22:16:08+00:00\",\"dateModified\":\"2018-04-14T11:11:49+00:00\",\"breadcrumb\":{\"@id\":\"https:\/\/lali-begood.com\/es\/contratacion\/#breadcrumb\"},\"inLanguage\":\"es\",\"potentialAction\":[{\"@type\":\"ReadAction\",\"target\":[\"https:\/\/lali-begood.com\/es\/contratacion\/\"]}]},{\"@type\":\"BreadcrumbList\",\"@id\":\"https:\/\/lali-begood.com\/es\/contratacion\/#breadcrumb\",\"itemListElement\":[{\"@type\":\"ListItem\",\"position\":1,\"name\":\"Inici\",\"item\":\"https:\/\/lali-begood.com\/\"},{\"@type\":\"ListItem\",\"position\":2,\"name\":\"Contrataci\u00f3n\"}]},{\"@type\":\"WebSite\",\"@id\":\"https:\/\/lali-begood.com\/#website\",\"url\":\"https:\/\/lali-begood.com\/\",\"name\":\"Lali BeGood\",\"description\":\"Love&amp;Roll\",\"publisher\":{\"@id\":\"https:\/\/lali-begood.com\/#organization\"},\"potentialAction\":[{\"@type\":\"SearchAction\",\"target\":{\"@type\":\"EntryPoint\",\"urlTemplate\":\"https:\/\/lali-begood.com\/?s={search_term_string}\"},\"query-input\":\"required name=search_term_string\"}],\"inLanguage\":\"es\"},{\"@type\":\"Organization\",\"@id\":\"https:\/\/lali-begood.com\/#organization\",\"name\":\"Lali BeGood\",\"url\":\"https:\/\/lali-begood.com\/\",\"logo\":{\"@type\":\"ImageObject\",\"inLanguage\":\"es\",\"@id\":\"https:\/\/lali-begood.com\/#\/schema\/logo\/image\/\",\"url\":\"https:\/\/lali-begood.com\/wp-content\/uploads\/2023\/08\/cropped-Logo_LALYBgood_colors.png\",\"contentUrl\":\"https:\/\/lali-begood.com\/wp-content\/uploads\/2023\/08\/cropped-Logo_LALYBgood_colors.png\",\"width\":2354,\"height\":1811,\"caption\":\"Lali BeGood\"},\"image\":{\"@id\":\"https:\/\/lali-begood.com\/#\/schema\/logo\/image\/\"},\"sameAs\":[\"https:\/\/es-es.facebook.com\/lali.begood\/\",\"https:\/\/x.com\/LaliBeGood\",\"https:\/\/www.youtube.com\/c\/LaliBeGood\",\"https:\/\/www.instagram.com\/lali.begood\/\",\"https:\/\/www.tiktok.com\/@lali.begood\"]}]}<\/script>\n<!-- \/ Yoast SEO plugin. -->","yoast_head_json":{"title":"Contrataci\u00f3n - Lali BeGood","robots":{"index":"index","follow":"follow","max-snippet":"max-snippet:-1","max-image-preview":"max-image-preview:large","max-video-preview":"max-video-preview:-1"},"canonical":"https:\/\/lali-begood.com\/es\/contratacion\/","og_locale":"es_ES","og_type":"article","og_title":"Contrataci\u00f3n - Lali BeGood","og_description":"[spb_row element_name=\u00bbRow\u00bb wrap_type=\u00bbstandard-width\u00bb row_bg_type=\u00bbcolor\u00bb color_row_height=\u00bbcontent-height\u00bb bg_type=\u00bbcover\u00bb parallax_image_height=\u00bbcontent-height\u00bb parallax_image_movement=\u00bbfixed\u00bb parallax_image_speed=\u00bbstandard\u00bb bg_video_loop=\u00bbyes\u00bb parallax_video_height=\u00bbwindow-height\u00bb row_top_style=\u00bbnone\u00bb row_bottom_style=\u00bbnone\u00bb parallax_video_overlay=\u00bbnone\u00bb row_overlay_opacity=\u00bb0&#8243; remove_element_spacing=\u00bbno\u00bb row_col_spacing=\u00bb0&#8243; row_col_pos=\u00bbdefault\u00bb row_col_equal_heights=\u00bbno\u00bb row_expanding=\u00bbno\u00bb row_animation=\u00bbnone\u00bb row_animation_delay=\u00bb0&#8243; minimize_row=\u00bbno\u00bb simplified_controls=\u00bbno\u00bb custom_css_percentage=\u00bbno\u00bb custom_css=\u00bbmargin-top: 0px;margin-bottom: 0px;padding-top: 90px;padding-bottom: 90px;\u00bb border_styling_global=\u00bbdefault\u00bb width=\u00bb1\/1&#8243; el_position=\u00bbfirst last\u00bb] [spb_image image=\u00bb3053&#8243; image_size=\u00bbfull\u00bb frame=\u00bbnoframe\u00bb caption_pos=\u00bbhover\u00bb remove_rounded=\u00bbyes\u00bb fullwidth=\u00bbno\u00bb overflow_mode=\u00bbnone\u00bb link_target=\u00bb_self\u00bb lightbox=\u00bbno\u00bb intro_animation=\u00bbrubberBand\u00bb animation_delay=\u00bb200&#8243; width=\u00bb1\/2&#8243; el_position=\u00bbfirst\u00bb][\/spb_image] [spb_text_block animation=\u00bbnone\u00bb animation_delay=\u00bb0&#8243; simplified_controls=\u00bbno\u00bb custom_css_percentage=\u00bbno\u00bb padding_vertical=\u00bb0&#8243; padding_horizontal=\u00bb0&#8243; margin_vertical=\u00bb0&#8243; custom_css=\u00bbmargin-top: 0px;margin-bottom: 0px;\u00bb border_size=\u00bb0&#8243; [&hellip;]","og_url":"https:\/\/lali-begood.com\/es\/contratacion\/","og_site_name":"Lali BeGood","article_publisher":"https:\/\/es-es.facebook.com\/lali.begood\/","article_modified_time":"2018-04-14T11:11:49+00:00","twitter_card":"summary_large_image","twitter_site":"@LaliBeGood","twitter_misc":{"Tiempo de lectura":"6 minutos"},"schema":{"@context":"https:\/\/schema.org","@graph":[{"@type":"WebPage","@id":"https:\/\/lali-begood.com\/es\/contratacion\/","url":"https:\/\/lali-begood.com\/es\/contratacion\/","name":"Contrataci\u00f3n - Lali BeGood","isPartOf":{"@id":"https:\/\/lali-begood.com\/#website"},"datePublished":"2016-12-19T22:16:08+00:00","dateModified":"2018-04-14T11:11:49+00:00","breadcrumb":{"@id":"https:\/\/lali-begood.com\/es\/contratacion\/#breadcrumb"},"inLanguage":"es","potentialAction":[{"@type":"ReadAction","target":["https:\/\/lali-begood.com\/es\/contratacion\/"]}]},{"@type":"BreadcrumbList","@id":"https:\/\/lali-begood.com\/es\/contratacion\/#breadcrumb","itemListElement":[{"@type":"ListItem","position":1,"name":"Inici","item":"https:\/\/lali-begood.com\/"},{"@type":"ListItem","position":2,"name":"Contrataci\u00f3n"}]},{"@type":"WebSite","@id":"https:\/\/lali-begood.com\/#website","url":"https:\/\/lali-begood.com\/","name":"Lali BeGood","description":"Love&amp;Roll","publisher":{"@id":"https:\/\/lali-begood.com\/#organization"},"potentialAction":[{"@type":"SearchAction","target":{"@type":"EntryPoint","urlTemplate":"https:\/\/lali-begood.com\/?s={search_term_string}"},"query-input":"required name=search_term_string"}],"inLanguage":"es"},{"@type":"Organization","@id":"https:\/\/lali-begood.com\/#organization","name":"Lali BeGood","url":"https:\/\/lali-begood.com\/","logo":{"@type":"ImageObject","inLanguage":"es","@id":"https:\/\/lali-begood.com\/#\/schema\/logo\/image\/","url":"https:\/\/lali-begood.com\/wp-content\/uploads\/2023\/08\/cropped-Logo_LALYBgood_colors.png","contentUrl":"https:\/\/lali-begood.com\/wp-content\/uploads\/2023\/08\/cropped-Logo_LALYBgood_colors.png","width":2354,"height":1811,"caption":"Lali BeGood"},"image":{"@id":"https:\/\/lali-begood.com\/#\/schema\/logo\/image\/"},"sameAs":["https:\/\/es-es.facebook.com\/lali.begood\/","https:\/\/x.com\/LaliBeGood","https:\/\/www.youtube.com\/c\/LaliBeGood","https:\/\/www.instagram.com\/lali.begood\/","https:\/\/www.tiktok.com\/@lali.begood"]}]}},"jetpack_sharing_enabled":true,"jetpack_shortlink":"https:\/\/wp.me\/P7KfQ8-M7","_links":{"self":[{"href":"https:\/\/lali-begood.com\/es\/wp-json\/wp\/v2\/pages\/2983"}],"collection":[{"href":"https:\/\/lali-begood.com\/es\/wp-json\/wp\/v2\/pages"}],"about":[{"href":"https:\/\/lali-begood.com\/es\/wp-json\/wp\/v2\/types\/page"}],"author":[{"embeddable":true,"href":"https:\/\/lali-begood.com\/es\/wp-json\/wp\/v2\/users\/1"}],"replies":[{"embeddable":true,"href":"https:\/\/lali-begood.com\/es\/wp-json\/wp\/v2\/comments?post=2983"}],"version-history":[{"count":0,"href":"https:\/\/lali-begood.com\/es\/wp-json\/wp\/v2\/pages\/2983\/revisions"}],"wp:attachment":[{"href":"https:\/\/lali-begood.com\/es\/wp-json\/wp\/v2\/media?parent=2983"}],"curies":[{"name":"wp","href":"https:\/\/api.w.org\/{rel}","templated":true}]}}