{"id":1964,"date":"2016-06-01T12:52:27","date_gmt":"2016-06-01T12:52:27","guid":{"rendered":"http:\/\/lali-begood.com\/?page_id=1964"},"modified":"2019-02-01T16:41:49","modified_gmt":"2019-02-01T16:41:49","slug":"bio","status":"publish","type":"page","link":"https:\/\/lali-begood.com\/es\/bio\/","title":{"rendered":"Bio"},"content":{"rendered":"<p>[spb_row element_name=\u00bbRow\u00bb wrap_type=\u00bbcontent-width\u00bb row_bg_type=\u00bbcolor\u00bb color_row_height=\u00bbcontent-height\u00bb bg_type=\u00bbcover\u00bb parallax_image_height=\u00bbcontent-height\u00bb parallax_image_movement=\u00bbfixed\u00bb parallax_image_speed=\u00bb0.5&#8243; bg_video_loop=\u00bbyes\u00bb parallax_video_height=\u00bbwindow-height\u00bb row_top_style=\u00bbnone\u00bb row_bottom_style=\u00bbnone\u00bb parallax_video_overlay=\u00bbnone\u00bb row_overlay_opacity=\u00bb0&#8243; remove_element_spacing=\u00bbno\u00bb row_col_pos=\u00bbdefault\u00bb row_expanding=\u00bbno\u00bb row_animation=\u00bbnone\u00bb row_animation_delay=\u00bb0&#8243; minimize_row=\u00bbno\u00bb simplified_controls=\u00bbyes\u00bb custom_css=\u00bbmargin-top: 0px;margin-bottom: 0px;border-top: 0px default ;border-left: 0px default ;border-right: 0px default ;border-bottom: 0px default ;padding-top: 0px;padding-left: 0px;padding-right: 0px;padding-bottom: 0px;\u00bb border_styling_global=\u00bbdefault\u00bb width=\u00bb1\/1&#8243; el_position=\u00bbfirst last\u00bb] [spb_blank_spacer height=\u00bb40px\u00bb width=\u00bb1\/1&#8243; el_position=\u00bbfirst last\u00bb] [spb_text_block animation=\u00bbnone\u00bb animation_delay=\u00bb0&#8243; simplified_controls=\u00bbyes\u00bb custom_css_percentage=\u00bbyes\u00bb padding_vertical=\u00bb0&#8243; padding_horizontal=\u00bb16&#8243; margin_vertical=\u00bb0&#8243; custom_css=\u00bbmargin-top: 0%;margin-bottom: 0%;padding-left: 16%;padding-right: 16%;\u00bb border_size=\u00bb0&#8243; border_styling_global=\u00bbdefault\u00bb width=\u00bb1\/1&#8243; el_position=\u00bbfirst last\u00bb]<\/p>\n<h3 style=\"text-align: center;\"><span style=\"color: #ffffff;\">\u00bfQUI\u00c9N ES LALI BeGOOD?<\/span><\/h3>\n<p style=\"text-align: center;\"><span style=\"color: #ffffff;\">Lali BeGood, antes conocida como Lali Rondalla, es una cantautora barcelonesa que hace<em> kindie rock<\/em> para el ni\u00f1o que llevas de la mano y el que llevas dentro. Su <em>love&#8217;n&#8217;roll<\/em> es una propuesta <strong>no infantilizada, fresca y personal<\/strong> en la manera de crear m\u00fasica y hablar a padres y ni\u00f1os. Letras inteligentes e historias cotidianas llenas de ritmo, humor y buenas vibraciones.<\/span><\/p>\n<p style=\"text-align: center;\"><span style=\"color: #ffffff;\">Ex-creativa publicitaria, formada en piano y canto, en 2008 Lali cre\u00f3 junto con el Salvador Fornieles <a style=\"color: #ffffff;\" href=\"http:\/\/rimsky-music.com\" target=\"_blank\" rel=\"noopener\"><strong>RimskyMusic<\/strong><\/a>, su estudio de m\u00fasica especializado en composici\u00f3n y songwriting para TV, publicidad, videojuegos y todo tipo de producciones multimedia.<\/span><\/p>\n<p style=\"text-align: center;\"><span style=\"color: #ffffff;\">En 2010, de la uni\u00f3n entre la escritura y la m\u00fasica (sus dos pasiones), nace Lali Rondalla como proyecto familiar. Desde entonces ha editado <strong>3 discos de canciones, 5 audiocuentos originales y un EP<\/strong>.<\/span><\/p>\n<p style=\"text-align: center;\"><span style=\"color: #ffffff;\">Su \u00faltimo \u00e1lbum, <em>Futuro-Oh!<\/em>, es una nueva entrega del <em>kindie rock<\/em> m\u00e1s familiar y transversal: once temas que transitan por el funky, el kid-hop, el country, el reggae, el folk, el rock, el pop, la cumbia y la m\u00fasica balc\u00e1nica. <strong>Sin complejos ni tab\u00faes<\/strong>, en castellano y catal\u00e1n, el disco cuenta con la presencia de m\u00fasicos de la talla de Xarim Arest\u00e9 (guitarras), Roser Monforte (saxos) y Abraham Cruces (bajo).<\/span><\/p>\n<p style=\"text-align: center;\"><span style=\"color: #ffffff;\"><strong>\u00a1Let &#8216;s love&#8217;n&#8217;roll, familias!<\/strong><\/span><\/p>\n<p style=\"text-align: center;\"><a class=\"sf-button standard white sf-icon-reveal  sf-button-rounded dropshadow sf-button-has-icon\" href=\"https:\/\/open.spotify.com\/album\/0pAOnEqBrDi2kQtR7wTOKC\" target=\"_blank\" rel=\"\"><i class=\"fa-angle-right\"><\/i><span class=\"text\">\u00a1Escucha a Lali BeGood!<\/span><\/a><\/p>\n<p>[\/spb_text_block] [spb_blank_spacer height=\u00bb30px\u00bb width=\u00bb1\/1&#8243; el_position=\u00bbfirst last\u00bb] [spb_section spb_section_id=\u00bb1604&#8243; width=\u00bb1\/1&#8243; el_position=\u00bbfirst last\u00bb] [\/spb_row]<\/p>\n","protected":false},"excerpt":{"rendered":"<p>[spb_row element_name=\u00bbRow\u00bb wrap_type=\u00bbcontent-width\u00bb row_bg_type=\u00bbcolor\u00bb color_row_height=\u00bbcontent-height\u00bb bg_type=\u00bbcover\u00bb parallax_image_height=\u00bbcontent-height\u00bb parallax_image_movement=\u00bbfixed\u00bb parallax_image_speed=\u00bb0.5&#8243; bg_video_loop=\u00bbyes\u00bb parallax_video_height=\u00bbwindow-height\u00bb row_top_style=\u00bbnone\u00bb row_bottom_style=\u00bbnone\u00bb parallax_video_overlay=\u00bbnone\u00bb row_overlay_opacity=\u00bb0&#8243; remove_element_spacing=\u00bbno\u00bb row_col_pos=\u00bbdefault\u00bb row_expanding=\u00bbno\u00bb row_animation=\u00bbnone\u00bb row_animation_delay=\u00bb0&#8243; minimize_row=\u00bbno\u00bb simplified_controls=\u00bbyes\u00bb custom_css=\u00bbmargin-top: 0px;margin-bottom: 0px;border-top: 0px default ;border-left: 0px default ;border-right: 0px default ;border-bottom: 0px default ;padding-top: 0px;padding-left: 0px;padding-right: 0px;padding-bottom: 0px;\u00bb border_styling_global=\u00bbdefault\u00bb width=\u00bb1\/1&#8243; el_position=\u00bbfirst last\u00bb] [spb_blank_spacer height=\u00bb40px\u00bb width=\u00bb1\/1&#8243; el_position=\u00bbfirst last\u00bb] [spb_text_block animation=\u00bbnone\u00bb animation_delay=\u00bb0&#8243; simplified_controls=\u00bbyes\u00bb custom_css_percentage=\u00bbyes\u00bb padding_vertical=\u00bb0&#8243; padding_horizontal=\u00bb16&#8243; margin_vertical=\u00bb0&#8243; custom_css=\u00bbmargin-top: 0%;margin-bottom: [&hellip;]<\/p>\n","protected":false},"author":1,"featured_media":0,"parent":0,"menu_order":0,"comment_status":"closed","ping_status":"closed","template":"","meta":{"jetpack_post_was_ever_published":false,"footnotes":""},"yoast_head":"<!-- This site is optimized with the Yoast SEO plugin v23.0 - https:\/\/yoast.com\/wordpress\/plugins\/seo\/ -->\n<title>Bio - Lali BeGood<\/title>\n<meta name=\"robots\" content=\"index, follow, max-snippet:-1, max-image-preview:large, max-video-preview:-1\" \/>\n<link rel=\"canonical\" href=\"https:\/\/lali-begood.com\/bio\/\" \/>\n<meta property=\"og:locale\" content=\"es_ES\" \/>\n<meta property=\"og:type\" content=\"article\" \/>\n<meta property=\"og:title\" content=\"Bio - Lali BeGood\" \/>\n<meta property=\"og:description\" content=\"[spb_row element_name=\u00bbRow\u00bb wrap_type=\u00bbcontent-width\u00bb row_bg_type=\u00bbcolor\u00bb color_row_height=\u00bbcontent-height\u00bb bg_type=\u00bbcover\u00bb parallax_image_height=\u00bbcontent-height\u00bb parallax_image_movement=\u00bbfixed\u00bb parallax_image_speed=\u00bb0.5&#8243; bg_video_loop=\u00bbyes\u00bb parallax_video_height=\u00bbwindow-height\u00bb row_top_style=\u00bbnone\u00bb row_bottom_style=\u00bbnone\u00bb parallax_video_overlay=\u00bbnone\u00bb row_overlay_opacity=\u00bb0&#8243; remove_element_spacing=\u00bbno\u00bb row_col_pos=\u00bbdefault\u00bb row_expanding=\u00bbno\u00bb row_animation=\u00bbnone\u00bb row_animation_delay=\u00bb0&#8243; minimize_row=\u00bbno\u00bb simplified_controls=\u00bbyes\u00bb custom_css=\u00bbmargin-top: 0px;margin-bottom: 0px;border-top: 0px default ;border-left: 0px default ;border-right: 0px default ;border-bottom: 0px default ;padding-top: 0px;padding-left: 0px;padding-right: 0px;padding-bottom: 0px;\u00bb border_styling_global=\u00bbdefault\u00bb width=\u00bb1\/1&#8243; el_position=\u00bbfirst last\u00bb] [spb_blank_spacer height=\u00bb40px\u00bb width=\u00bb1\/1&#8243; el_position=\u00bbfirst last\u00bb] [spb_text_block animation=\u00bbnone\u00bb animation_delay=\u00bb0&#8243; simplified_controls=\u00bbyes\u00bb custom_css_percentage=\u00bbyes\u00bb padding_vertical=\u00bb0&#8243; padding_horizontal=\u00bb16&#8243; margin_vertical=\u00bb0&#8243; custom_css=\u00bbmargin-top: 0%;margin-bottom: [&hellip;]\" \/>\n<meta property=\"og:url\" content=\"https:\/\/lali-begood.com\/bio\/\" \/>\n<meta property=\"og:site_name\" content=\"Lali BeGood\" \/>\n<meta property=\"article:publisher\" content=\"https:\/\/es-es.facebook.com\/lali.begood\/\" \/>\n<meta property=\"article:modified_time\" content=\"2019-02-01T16:41:49+00:00\" \/>\n<meta name=\"twitter:card\" content=\"summary_large_image\" \/>\n<meta name=\"twitter:site\" content=\"@LaliBeGood\" \/>\n<meta name=\"twitter:label1\" content=\"Tiempo de lectura\" \/>\n\t<meta name=\"twitter:data1\" content=\"2 minutos\" \/>\n<script type=\"application\/ld+json\" class=\"yoast-schema-graph\">{\"@context\":\"https:\/\/schema.org\",\"@graph\":[{\"@type\":\"WebPage\",\"@id\":\"https:\/\/lali-begood.com\/bio\/\",\"url\":\"https:\/\/lali-begood.com\/bio\/\",\"name\":\"Bio - Lali BeGood\",\"isPartOf\":{\"@id\":\"https:\/\/lali-begood.com\/#website\"},\"datePublished\":\"2016-06-01T12:52:27+00:00\",\"dateModified\":\"2019-02-01T16:41:49+00:00\",\"breadcrumb\":{\"@id\":\"https:\/\/lali-begood.com\/bio\/#breadcrumb\"},\"inLanguage\":\"es\",\"potentialAction\":[{\"@type\":\"ReadAction\",\"target\":[\"https:\/\/lali-begood.com\/bio\/\"]}]},{\"@type\":\"BreadcrumbList\",\"@id\":\"https:\/\/lali-begood.com\/bio\/#breadcrumb\",\"itemListElement\":[{\"@type\":\"ListItem\",\"position\":1,\"name\":\"Inici\",\"item\":\"https:\/\/lali-begood.com\/\"},{\"@type\":\"ListItem\",\"position\":2,\"name\":\"Bio\"}]},{\"@type\":\"WebSite\",\"@id\":\"https:\/\/lali-begood.com\/#website\",\"url\":\"https:\/\/lali-begood.com\/\",\"name\":\"Lali BeGood\",\"description\":\"Love&amp;Roll\",\"publisher\":{\"@id\":\"https:\/\/lali-begood.com\/#organization\"},\"potentialAction\":[{\"@type\":\"SearchAction\",\"target\":{\"@type\":\"EntryPoint\",\"urlTemplate\":\"https:\/\/lali-begood.com\/?s={search_term_string}\"},\"query-input\":\"required name=search_term_string\"}],\"inLanguage\":\"es\"},{\"@type\":\"Organization\",\"@id\":\"https:\/\/lali-begood.com\/#organization\",\"name\":\"Lali BeGood\",\"url\":\"https:\/\/lali-begood.com\/\",\"logo\":{\"@type\":\"ImageObject\",\"inLanguage\":\"es\",\"@id\":\"https:\/\/lali-begood.com\/#\/schema\/logo\/image\/\",\"url\":\"https:\/\/lali-begood.com\/wp-content\/uploads\/2023\/08\/cropped-Logo_LALYBgood_colors.png\",\"contentUrl\":\"https:\/\/lali-begood.com\/wp-content\/uploads\/2023\/08\/cropped-Logo_LALYBgood_colors.png\",\"width\":2354,\"height\":1811,\"caption\":\"Lali BeGood\"},\"image\":{\"@id\":\"https:\/\/lali-begood.com\/#\/schema\/logo\/image\/\"},\"sameAs\":[\"https:\/\/es-es.facebook.com\/lali.begood\/\",\"https:\/\/x.com\/LaliBeGood\",\"https:\/\/www.youtube.com\/c\/LaliBeGood\",\"https:\/\/www.instagram.com\/lali.begood\/\",\"https:\/\/www.tiktok.com\/@lali.begood\"]}]}<\/script>\n<!-- \/ Yoast SEO plugin. -->","yoast_head_json":{"title":"Bio - Lali BeGood","robots":{"index":"index","follow":"follow","max-snippet":"max-snippet:-1","max-image-preview":"max-image-preview:large","max-video-preview":"max-video-preview:-1"},"canonical":"https:\/\/lali-begood.com\/bio\/","og_locale":"es_ES","og_type":"article","og_title":"Bio - Lali BeGood","og_description":"[spb_row element_name=\u00bbRow\u00bb wrap_type=\u00bbcontent-width\u00bb row_bg_type=\u00bbcolor\u00bb color_row_height=\u00bbcontent-height\u00bb bg_type=\u00bbcover\u00bb parallax_image_height=\u00bbcontent-height\u00bb parallax_image_movement=\u00bbfixed\u00bb parallax_image_speed=\u00bb0.5&#8243; bg_video_loop=\u00bbyes\u00bb parallax_video_height=\u00bbwindow-height\u00bb row_top_style=\u00bbnone\u00bb row_bottom_style=\u00bbnone\u00bb parallax_video_overlay=\u00bbnone\u00bb row_overlay_opacity=\u00bb0&#8243; remove_element_spacing=\u00bbno\u00bb row_col_pos=\u00bbdefault\u00bb row_expanding=\u00bbno\u00bb row_animation=\u00bbnone\u00bb row_animation_delay=\u00bb0&#8243; minimize_row=\u00bbno\u00bb simplified_controls=\u00bbyes\u00bb custom_css=\u00bbmargin-top: 0px;margin-bottom: 0px;border-top: 0px default ;border-left: 0px default ;border-right: 0px default ;border-bottom: 0px default ;padding-top: 0px;padding-left: 0px;padding-right: 0px;padding-bottom: 0px;\u00bb border_styling_global=\u00bbdefault\u00bb width=\u00bb1\/1&#8243; el_position=\u00bbfirst last\u00bb] [spb_blank_spacer height=\u00bb40px\u00bb width=\u00bb1\/1&#8243; el_position=\u00bbfirst last\u00bb] [spb_text_block animation=\u00bbnone\u00bb animation_delay=\u00bb0&#8243; simplified_controls=\u00bbyes\u00bb custom_css_percentage=\u00bbyes\u00bb padding_vertical=\u00bb0&#8243; padding_horizontal=\u00bb16&#8243; margin_vertical=\u00bb0&#8243; custom_css=\u00bbmargin-top: 0%;margin-bottom: [&hellip;]","og_url":"https:\/\/lali-begood.com\/bio\/","og_site_name":"Lali BeGood","article_publisher":"https:\/\/es-es.facebook.com\/lali.begood\/","article_modified_time":"2019-02-01T16:41:49+00:00","twitter_card":"summary_large_image","twitter_site":"@LaliBeGood","twitter_misc":{"Tiempo de lectura":"2 minutos"},"schema":{"@context":"https:\/\/schema.org","@graph":[{"@type":"WebPage","@id":"https:\/\/lali-begood.com\/bio\/","url":"https:\/\/lali-begood.com\/bio\/","name":"Bio - Lali BeGood","isPartOf":{"@id":"https:\/\/lali-begood.com\/#website"},"datePublished":"2016-06-01T12:52:27+00:00","dateModified":"2019-02-01T16:41:49+00:00","breadcrumb":{"@id":"https:\/\/lali-begood.com\/bio\/#breadcrumb"},"inLanguage":"es","potentialAction":[{"@type":"ReadAction","target":["https:\/\/lali-begood.com\/bio\/"]}]},{"@type":"BreadcrumbList","@id":"https:\/\/lali-begood.com\/bio\/#breadcrumb","itemListElement":[{"@type":"ListItem","position":1,"name":"Inici","item":"https:\/\/lali-begood.com\/"},{"@type":"ListItem","position":2,"name":"Bio"}]},{"@type":"WebSite","@id":"https:\/\/lali-begood.com\/#website","url":"https:\/\/lali-begood.com\/","name":"Lali BeGood","description":"Love&amp;Roll","publisher":{"@id":"https:\/\/lali-begood.com\/#organization"},"potentialAction":[{"@type":"SearchAction","target":{"@type":"EntryPoint","urlTemplate":"https:\/\/lali-begood.com\/?s={search_term_string}"},"query-input":"required name=search_term_string"}],"inLanguage":"es"},{"@type":"Organization","@id":"https:\/\/lali-begood.com\/#organization","name":"Lali BeGood","url":"https:\/\/lali-begood.com\/","logo":{"@type":"ImageObject","inLanguage":"es","@id":"https:\/\/lali-begood.com\/#\/schema\/logo\/image\/","url":"https:\/\/lali-begood.com\/wp-content\/uploads\/2023\/08\/cropped-Logo_LALYBgood_colors.png","contentUrl":"https:\/\/lali-begood.com\/wp-content\/uploads\/2023\/08\/cropped-Logo_LALYBgood_colors.png","width":2354,"height":1811,"caption":"Lali BeGood"},"image":{"@id":"https:\/\/lali-begood.com\/#\/schema\/logo\/image\/"},"sameAs":["https:\/\/es-es.facebook.com\/lali.begood\/","https:\/\/x.com\/LaliBeGood","https:\/\/www.youtube.com\/c\/LaliBeGood","https:\/\/www.instagram.com\/lali.begood\/","https:\/\/www.tiktok.com\/@lali.begood"]}]}},"jetpack_sharing_enabled":true,"jetpack_shortlink":"https:\/\/wp.me\/P7KfQ8-vG","_links":{"self":[{"href":"https:\/\/lali-begood.com\/es\/wp-json\/wp\/v2\/pages\/1964"}],"collection":[{"href":"https:\/\/lali-begood.com\/es\/wp-json\/wp\/v2\/pages"}],"about":[{"href":"https:\/\/lali-begood.com\/es\/wp-json\/wp\/v2\/types\/page"}],"author":[{"embeddable":true,"href":"https:\/\/lali-begood.com\/es\/wp-json\/wp\/v2\/users\/1"}],"replies":[{"embeddable":true,"href":"https:\/\/lali-begood.com\/es\/wp-json\/wp\/v2\/comments?post=1964"}],"version-history":[{"count":0,"href":"https:\/\/lali-begood.com\/es\/wp-json\/wp\/v2\/pages\/1964\/revisions"}],"wp:attachment":[{"href":"https:\/\/lali-begood.com\/es\/wp-json\/wp\/v2\/media?parent=1964"}],"curies":[{"name":"wp","href":"https:\/\/api.w.org\/{rel}","templated":true}]}}