{"id":1954,"date":"2016-06-01T11:57:09","date_gmt":"2016-06-01T11:57:09","guid":{"rendered":"http:\/\/lali-begood.com\/?page_id=1954"},"modified":"2016-07-10T16:55:21","modified_gmt":"2016-07-10T16:55:21","slug":"guias-didacticas","status":"publish","type":"page","link":"https:\/\/lali-begood.com\/es\/guias-didacticas\/","title":{"rendered":"Gu\u00edas did\u00e1cticas"},"content":{"rendered":"<p>[spb_blank_spacer height=\u00bb40px\u00bb width=\u00bb1\/1&#8243; el_position=\u00bbfirst last\u00bb] [spb_row element_name=\u00bbRow\u00bb wrap_type=\u00bbcontent-width\u00bb row_bg_type=\u00bbcolor\u00bb color_row_height=\u00bbcontent-height\u00bb bg_type=\u00bbcover\u00bb parallax_image_height=\u00bbcontent-height\u00bb parallax_image_movement=\u00bbfixed\u00bb parallax_image_speed=\u00bb0.5&#8243; bg_video_loop=\u00bbyes\u00bb parallax_video_height=\u00bbwindow-height\u00bb row_top_style=\u00bbnone\u00bb row_bottom_style=\u00bbnone\u00bb parallax_video_overlay=\u00bbnone\u00bb row_overlay_opacity=\u00bb0&#8243; row_padding_vertical=\u00bb0&#8243; row_padding_horizontal=\u00bb0&#8243; row_margin_vertical=\u00bb0&#8243; remove_element_spacing=\u00bbno\u00bb vertical_center=\u00bbtrue\u00bb inner_column_height=\u00bbcol-natural\u00bb row_expanding=\u00bbno\u00bb row_animation=\u00bbnone\u00bb row_animation_delay=\u00bb0&#8243; minimize_row=\u00bbno\u00bb simplified_controls=\u00bbno\u00bb custom_css=\u00bbmargin-top: 0px;margin-bottom: 0px;border-top: 0px default ;border-left: 0px default ;border-right: 0px default ;border-bottom: 0px default ;padding-top: 0px;padding-left: 0px;padding-right: 0px;padding-bottom: 0px;\u00bb border_styling_global=\u00bbdefault\u00bb width=\u00bb1\/1&#8243; el_position=\u00bbfirst last\u00bb] [spb_image image=\u00bb2425&#8243; image_size=\u00bbfull\u00bb frame=\u00bbnoframe\u00bb caption_pos=\u00bbhover\u00bb remove_rounded=\u00bbyes\u00bb fullwidth=\u00bbno\u00bb overflow_mode=\u00bbnone\u00bb link_target=\u00bb_self\u00bb lightbox=\u00bbno\u00bb intro_animation=\u00bbnone\u00bb animation_delay=\u00bb200&#8243; width=\u00bb1\/3&#8243; el_position=\u00bbfirst\u00bb] [spb_text_block animation=\u00bbnone\u00bb animation_delay=\u00bb0&#8243; simplified_controls=\u00bbyes\u00bb custom_css_percentage=\u00bbno\u00bb padding_vertical=\u00bb0&#8243; padding_horizontal=\u00bb0&#8243; margin_vertical=\u00bb0&#8243; custom_css=\u00bbmargin-top: 0px;margin-bottom: 0px;border-top: 0px ;border-left: 0px ;border-right: 0px ;border-bottom: 0px ;padding-top: 0px;padding-left: 0px;padding-right: 0px;padding-bottom: 0px;\u00bb border_size=\u00bb0&#8243; border_styling_global=\u00bbdefault\u00bb width=\u00bb2\/3&#8243; el_position=\u00bblast\u00bb]<\/p>\n<h1 style=\"text-align: left;\">QUICO EL GRILLO<\/h1>\n<h4>Gu\u00eda did\u00e1ctica<\/h4>\n<p style=\"text-align: left;\">Encontrar\u00e1s diferentes actividades relacionadas con el audiocuento, clasificadas en dos franjas de edad (de 0 a 12 meses y de 1 a 4 a\u00f1os). Incluye unas m\u00e1scaras recortables de los personajes de la historia, as\u00ed como la letra de las canciones.<\/p>\n<p style=\"text-align: left;\"><span style=\"line-height: 1.5;\"><a class=\"sf-button standard accent sf-icon-reveal  sf-button-rounded dropshadow sf-button-has-icon\" href=\"http:\/\/lali-begood.com\/wp-content\/uploads\/2016\/02\/Guia-El-grill-Cric.pdf\" target=\"_blank\" rel=\"\"><i class=\"fa-angle-right\"><\/i><span class=\"text\">Descargar gu\u00eda<\/span><\/a><\/span><\/p>\n<p>[\/spb_text_block] [spb_divider type=\u00bbdotted\u00bb text=\u00bbGo to top\u00bb top_margin=\u00bb5px\u00bb bottom_margin=\u00bb30px\u00bb fullwidth=\u00bbno\u00bb width=\u00bb1\/1&#8243; el_position=\u00bbfirst last\u00bb] [spb_image image=\u00bb2421&#8243; image_size=\u00bbfull\u00bb frame=\u00bbnoframe\u00bb caption_pos=\u00bbhover\u00bb remove_rounded=\u00bbyes\u00bb fullwidth=\u00bbno\u00bb overflow_mode=\u00bbnone\u00bb link_target=\u00bb_self\u00bb lightbox=\u00bbno\u00bb intro_animation=\u00bbnone\u00bb animation_delay=\u00bb200&#8243; width=\u00bb1\/3&#8243; el_position=\u00bbfirst\u00bb] [spb_text_block animation=\u00bbnone\u00bb animation_delay=\u00bb0&#8243; simplified_controls=\u00bbyes\u00bb custom_css_percentage=\u00bbno\u00bb padding_vertical=\u00bb0&#8243; padding_horizontal=\u00bb0&#8243; margin_vertical=\u00bb0&#8243; custom_css=\u00bbmargin-top: 0px;margin-bottom: 0px;border-top: 0px ;border-left: 0px ;border-right: 0px ;border-bottom: 0px ;padding-top: 0px;padding-left: 0px;padding-right: 0px;padding-bottom: 0px;\u00bb border_size=\u00bb0&#8243; border_styling_global=\u00bbdefault\u00bb width=\u00bb2\/3&#8243; el_position=\u00bblast\u00bb]<\/p>\n<h1 style=\"text-align: left;\">UN LE\u00d3N EN\u00a0EL COLEGIO<\/h1>\n<h4>Gu\u00eda did\u00e1ctica<\/h4>\n<p style=\"text-align: left;\">Encontrar\u00e1s diferentes actividades relacionadas con el audiocuento, dirigidas a ni\u00f1os y ni\u00f1as de 1 a 4 a\u00f1os. Incluye ilustraciones para colorear vinculadas con la historia, as\u00ed como la letra de la canci\u00f3n \u00abEl le\u00f3n dormil\u00f3n\u00bb.<\/p>\n<p style=\"text-align: left;\"><span style=\"line-height: 1.5;\"><a class=\"sf-button standard accent sf-icon-reveal  sf-button-rounded dropshadow sf-button-has-icon\" href=\"http:\/\/lali-begood.com\/wp-content\/uploads\/2016\/02\/Guia-Un-lleo\u0301-a-lescola.pdf\" target=\"_blank\" rel=\"\"><i class=\"fa-angle-right\"><\/i><span class=\"text\">Descargar gu\u00eda<\/span><\/a><\/span><\/p>\n<p>[\/spb_text_block] [spb_divider type=\u00bbdotted\u00bb text=\u00bbGo to top\u00bb top_margin=\u00bb5px\u00bb bottom_margin=\u00bb30px\u00bb fullwidth=\u00bbno\u00bb width=\u00bb1\/1&#8243; el_position=\u00bbfirst last\u00bb] [spb_image image=\u00bb161&#8243; image_size=\u00bbfull\u00bb frame=\u00bbnoframe\u00bb caption_pos=\u00bbhover\u00bb remove_rounded=\u00bbyes\u00bb fullwidth=\u00bbno\u00bb overflow_mode=\u00bbnone\u00bb link_target=\u00bb_self\u00bb lightbox=\u00bbno\u00bb intro_animation=\u00bbnone\u00bb animation_delay=\u00bb200&#8243; width=\u00bb1\/3&#8243; el_position=\u00bbfirst\u00bb] [spb_text_block animation=\u00bbnone\u00bb animation_delay=\u00bb0&#8243; simplified_controls=\u00bbyes\u00bb custom_css_percentage=\u00bbno\u00bb padding_vertical=\u00bb0&#8243; padding_horizontal=\u00bb0&#8243; margin_vertical=\u00bb0&#8243; custom_css=\u00bbmargin-top: 0px;margin-bottom: 0px;border-top: 0px ;border-left: 0px ;border-right: 0px ;border-bottom: 0px ;padding-top: 0px;padding-left: 0px;padding-right: 0px;padding-bottom: 0px;\u00bb border_size=\u00bb0&#8243; border_styling_global=\u00bbdefault\u00bb width=\u00bb2\/3&#8243; el_position=\u00bblast\u00bb]<\/p>\n<h1 style=\"text-align: left;\">AVENTURA DE CUMPLEA\u00d1OS<\/h1>\n<h4>Gu\u00eda did\u00e1ctica<\/h4>\n<p style=\"text-align: left;\">Encontrar\u00e1s diferentes actividades relacionadas con el audiocuento, clasificadas en 3 franjas de edad (4-8, 4-6 y 6-8 a\u00f1os). Incluye ilustraciones para colorear vinculadas con la historia.<\/p>\n<p style=\"text-align: left;\"><span style=\"line-height: 1.5;\"><a class=\"sf-button standard accent sf-icon-reveal  sf-button-rounded dropshadow sf-button-has-icon\" href=\"http:\/\/lali-begood.com\/wp-content\/uploads\/2016\/02\/Guia-Aventura-daniversari.pdf\" target=\"_blank\" rel=\"\"><i class=\"fa-angle-right\"><\/i><span class=\"text\">Descargar gu\u00eda<\/span><\/a><\/span><\/p>\n<p>[\/spb_text_block] [\/spb_row] [spb_section spb_section_id=\u00bb1604&#8243; width=\u00bb1\/1&#8243; el_position=\u00bbfirst last\u00bb]<\/p>\n","protected":false},"excerpt":{"rendered":"<p>[spb_blank_spacer height=\u00bb40px\u00bb width=\u00bb1\/1&#8243; el_position=\u00bbfirst last\u00bb] [spb_row element_name=\u00bbRow\u00bb wrap_type=\u00bbcontent-width\u00bb row_bg_type=\u00bbcolor\u00bb color_row_height=\u00bbcontent-height\u00bb bg_type=\u00bbcover\u00bb parallax_image_height=\u00bbcontent-height\u00bb parallax_image_movement=\u00bbfixed\u00bb parallax_image_speed=\u00bb0.5&#8243; bg_video_loop=\u00bbyes\u00bb parallax_video_height=\u00bbwindow-height\u00bb row_top_style=\u00bbnone\u00bb row_bottom_style=\u00bbnone\u00bb parallax_video_overlay=\u00bbnone\u00bb row_overlay_opacity=\u00bb0&#8243; row_padding_vertical=\u00bb0&#8243; row_padding_horizontal=\u00bb0&#8243; row_margin_vertical=\u00bb0&#8243; remove_element_spacing=\u00bbno\u00bb vertical_center=\u00bbtrue\u00bb inner_column_height=\u00bbcol-natural\u00bb row_expanding=\u00bbno\u00bb row_animation=\u00bbnone\u00bb row_animation_delay=\u00bb0&#8243; minimize_row=\u00bbno\u00bb simplified_controls=\u00bbno\u00bb custom_css=\u00bbmargin-top: 0px;margin-bottom: 0px;border-top: 0px default ;border-left: 0px default ;border-right: 0px default ;border-bottom: 0px default ;padding-top: 0px;padding-left: 0px;padding-right: 0px;padding-bottom: 0px;\u00bb border_styling_global=\u00bbdefault\u00bb width=\u00bb1\/1&#8243; el_position=\u00bbfirst last\u00bb] [spb_image image=\u00bb2425&#8243; image_size=\u00bbfull\u00bb frame=\u00bbnoframe\u00bb caption_pos=\u00bbhover\u00bb remove_rounded=\u00bbyes\u00bb [&hellip;]<\/p>\n","protected":false},"author":1,"featured_media":0,"parent":0,"menu_order":0,"comment_status":"closed","ping_status":"closed","template":"","meta":{"jetpack_post_was_ever_published":false,"footnotes":""},"yoast_head":"<!-- This site is optimized with the Yoast SEO plugin v23.0 - https:\/\/yoast.com\/wordpress\/plugins\/seo\/ -->\n<title>Gu\u00edas did\u00e1cticas - Lali BeGood<\/title>\n<meta name=\"robots\" content=\"index, follow, max-snippet:-1, max-image-preview:large, max-video-preview:-1\" \/>\n<link rel=\"canonical\" href=\"https:\/\/lali-begood.com\/guies-didactiques\/\" \/>\n<meta property=\"og:locale\" content=\"es_ES\" \/>\n<meta property=\"og:type\" content=\"article\" \/>\n<meta property=\"og:title\" content=\"Gu\u00edas did\u00e1cticas - Lali BeGood\" \/>\n<meta property=\"og:description\" content=\"[spb_blank_spacer height=\u00bb40px\u00bb width=\u00bb1\/1&#8243; el_position=\u00bbfirst last\u00bb] [spb_row element_name=\u00bbRow\u00bb wrap_type=\u00bbcontent-width\u00bb row_bg_type=\u00bbcolor\u00bb color_row_height=\u00bbcontent-height\u00bb bg_type=\u00bbcover\u00bb parallax_image_height=\u00bbcontent-height\u00bb parallax_image_movement=\u00bbfixed\u00bb parallax_image_speed=\u00bb0.5&#8243; bg_video_loop=\u00bbyes\u00bb parallax_video_height=\u00bbwindow-height\u00bb row_top_style=\u00bbnone\u00bb row_bottom_style=\u00bbnone\u00bb parallax_video_overlay=\u00bbnone\u00bb row_overlay_opacity=\u00bb0&#8243; row_padding_vertical=\u00bb0&#8243; row_padding_horizontal=\u00bb0&#8243; row_margin_vertical=\u00bb0&#8243; remove_element_spacing=\u00bbno\u00bb vertical_center=\u00bbtrue\u00bb inner_column_height=\u00bbcol-natural\u00bb row_expanding=\u00bbno\u00bb row_animation=\u00bbnone\u00bb row_animation_delay=\u00bb0&#8243; minimize_row=\u00bbno\u00bb simplified_controls=\u00bbno\u00bb custom_css=\u00bbmargin-top: 0px;margin-bottom: 0px;border-top: 0px default ;border-left: 0px default ;border-right: 0px default ;border-bottom: 0px default ;padding-top: 0px;padding-left: 0px;padding-right: 0px;padding-bottom: 0px;\u00bb border_styling_global=\u00bbdefault\u00bb width=\u00bb1\/1&#8243; el_position=\u00bbfirst last\u00bb] [spb_image image=\u00bb2425&#8243; image_size=\u00bbfull\u00bb frame=\u00bbnoframe\u00bb caption_pos=\u00bbhover\u00bb remove_rounded=\u00bbyes\u00bb [&hellip;]\" \/>\n<meta property=\"og:url\" content=\"https:\/\/lali-begood.com\/guies-didactiques\/\" \/>\n<meta property=\"og:site_name\" content=\"Lali BeGood\" \/>\n<meta property=\"article:publisher\" content=\"https:\/\/es-es.facebook.com\/lali.begood\/\" \/>\n<meta property=\"article:modified_time\" content=\"2016-07-10T16:55:21+00:00\" \/>\n<meta name=\"twitter:card\" content=\"summary_large_image\" \/>\n<meta name=\"twitter:site\" content=\"@LaliBeGood\" \/>\n<meta name=\"twitter:label1\" content=\"Tiempo de lectura\" \/>\n\t<meta name=\"twitter:data1\" content=\"3 minutos\" \/>\n<script type=\"application\/ld+json\" class=\"yoast-schema-graph\">{\"@context\":\"https:\/\/schema.org\",\"@graph\":[{\"@type\":\"WebPage\",\"@id\":\"https:\/\/lali-begood.com\/guies-didactiques\/\",\"url\":\"https:\/\/lali-begood.com\/guies-didactiques\/\",\"name\":\"Gu\u00edas did\u00e1cticas - Lali BeGood\",\"isPartOf\":{\"@id\":\"https:\/\/lali-begood.com\/#website\"},\"datePublished\":\"2016-06-01T11:57:09+00:00\",\"dateModified\":\"2016-07-10T16:55:21+00:00\",\"breadcrumb\":{\"@id\":\"https:\/\/lali-begood.com\/guies-didactiques\/#breadcrumb\"},\"inLanguage\":\"es\",\"potentialAction\":[{\"@type\":\"ReadAction\",\"target\":[\"https:\/\/lali-begood.com\/guies-didactiques\/\"]}]},{\"@type\":\"BreadcrumbList\",\"@id\":\"https:\/\/lali-begood.com\/guies-didactiques\/#breadcrumb\",\"itemListElement\":[{\"@type\":\"ListItem\",\"position\":1,\"name\":\"Inici\",\"item\":\"https:\/\/lali-begood.com\/\"},{\"@type\":\"ListItem\",\"position\":2,\"name\":\"Gu\u00edas did\u00e1cticas\"}]},{\"@type\":\"WebSite\",\"@id\":\"https:\/\/lali-begood.com\/#website\",\"url\":\"https:\/\/lali-begood.com\/\",\"name\":\"Lali BeGood\",\"description\":\"Love&amp;Roll\",\"publisher\":{\"@id\":\"https:\/\/lali-begood.com\/#organization\"},\"potentialAction\":[{\"@type\":\"SearchAction\",\"target\":{\"@type\":\"EntryPoint\",\"urlTemplate\":\"https:\/\/lali-begood.com\/?s={search_term_string}\"},\"query-input\":\"required name=search_term_string\"}],\"inLanguage\":\"es\"},{\"@type\":\"Organization\",\"@id\":\"https:\/\/lali-begood.com\/#organization\",\"name\":\"Lali BeGood\",\"url\":\"https:\/\/lali-begood.com\/\",\"logo\":{\"@type\":\"ImageObject\",\"inLanguage\":\"es\",\"@id\":\"https:\/\/lali-begood.com\/#\/schema\/logo\/image\/\",\"url\":\"https:\/\/lali-begood.com\/wp-content\/uploads\/2023\/08\/cropped-Logo_LALYBgood_colors.png\",\"contentUrl\":\"https:\/\/lali-begood.com\/wp-content\/uploads\/2023\/08\/cropped-Logo_LALYBgood_colors.png\",\"width\":2354,\"height\":1811,\"caption\":\"Lali BeGood\"},\"image\":{\"@id\":\"https:\/\/lali-begood.com\/#\/schema\/logo\/image\/\"},\"sameAs\":[\"https:\/\/es-es.facebook.com\/lali.begood\/\",\"https:\/\/x.com\/LaliBeGood\",\"https:\/\/www.youtube.com\/c\/LaliBeGood\",\"https:\/\/www.instagram.com\/lali.begood\/\",\"https:\/\/www.tiktok.com\/@lali.begood\"]}]}<\/script>\n<!-- \/ Yoast SEO plugin. -->","yoast_head_json":{"title":"Gu\u00edas did\u00e1cticas - Lali BeGood","robots":{"index":"index","follow":"follow","max-snippet":"max-snippet:-1","max-image-preview":"max-image-preview:large","max-video-preview":"max-video-preview:-1"},"canonical":"https:\/\/lali-begood.com\/guies-didactiques\/","og_locale":"es_ES","og_type":"article","og_title":"Gu\u00edas did\u00e1cticas - Lali BeGood","og_description":"[spb_blank_spacer height=\u00bb40px\u00bb width=\u00bb1\/1&#8243; el_position=\u00bbfirst last\u00bb] [spb_row element_name=\u00bbRow\u00bb wrap_type=\u00bbcontent-width\u00bb row_bg_type=\u00bbcolor\u00bb color_row_height=\u00bbcontent-height\u00bb bg_type=\u00bbcover\u00bb parallax_image_height=\u00bbcontent-height\u00bb parallax_image_movement=\u00bbfixed\u00bb parallax_image_speed=\u00bb0.5&#8243; bg_video_loop=\u00bbyes\u00bb parallax_video_height=\u00bbwindow-height\u00bb row_top_style=\u00bbnone\u00bb row_bottom_style=\u00bbnone\u00bb parallax_video_overlay=\u00bbnone\u00bb row_overlay_opacity=\u00bb0&#8243; row_padding_vertical=\u00bb0&#8243; row_padding_horizontal=\u00bb0&#8243; row_margin_vertical=\u00bb0&#8243; remove_element_spacing=\u00bbno\u00bb vertical_center=\u00bbtrue\u00bb inner_column_height=\u00bbcol-natural\u00bb row_expanding=\u00bbno\u00bb row_animation=\u00bbnone\u00bb row_animation_delay=\u00bb0&#8243; minimize_row=\u00bbno\u00bb simplified_controls=\u00bbno\u00bb custom_css=\u00bbmargin-top: 0px;margin-bottom: 0px;border-top: 0px default ;border-left: 0px default ;border-right: 0px default ;border-bottom: 0px default ;padding-top: 0px;padding-left: 0px;padding-right: 0px;padding-bottom: 0px;\u00bb border_styling_global=\u00bbdefault\u00bb width=\u00bb1\/1&#8243; el_position=\u00bbfirst last\u00bb] [spb_image image=\u00bb2425&#8243; image_size=\u00bbfull\u00bb frame=\u00bbnoframe\u00bb caption_pos=\u00bbhover\u00bb remove_rounded=\u00bbyes\u00bb [&hellip;]","og_url":"https:\/\/lali-begood.com\/guies-didactiques\/","og_site_name":"Lali BeGood","article_publisher":"https:\/\/es-es.facebook.com\/lali.begood\/","article_modified_time":"2016-07-10T16:55:21+00:00","twitter_card":"summary_large_image","twitter_site":"@LaliBeGood","twitter_misc":{"Tiempo de lectura":"3 minutos"},"schema":{"@context":"https:\/\/schema.org","@graph":[{"@type":"WebPage","@id":"https:\/\/lali-begood.com\/guies-didactiques\/","url":"https:\/\/lali-begood.com\/guies-didactiques\/","name":"Gu\u00edas did\u00e1cticas - Lali BeGood","isPartOf":{"@id":"https:\/\/lali-begood.com\/#website"},"datePublished":"2016-06-01T11:57:09+00:00","dateModified":"2016-07-10T16:55:21+00:00","breadcrumb":{"@id":"https:\/\/lali-begood.com\/guies-didactiques\/#breadcrumb"},"inLanguage":"es","potentialAction":[{"@type":"ReadAction","target":["https:\/\/lali-begood.com\/guies-didactiques\/"]}]},{"@type":"BreadcrumbList","@id":"https:\/\/lali-begood.com\/guies-didactiques\/#breadcrumb","itemListElement":[{"@type":"ListItem","position":1,"name":"Inici","item":"https:\/\/lali-begood.com\/"},{"@type":"ListItem","position":2,"name":"Gu\u00edas did\u00e1cticas"}]},{"@type":"WebSite","@id":"https:\/\/lali-begood.com\/#website","url":"https:\/\/lali-begood.com\/","name":"Lali BeGood","description":"Love&amp;Roll","publisher":{"@id":"https:\/\/lali-begood.com\/#organization"},"potentialAction":[{"@type":"SearchAction","target":{"@type":"EntryPoint","urlTemplate":"https:\/\/lali-begood.com\/?s={search_term_string}"},"query-input":"required name=search_term_string"}],"inLanguage":"es"},{"@type":"Organization","@id":"https:\/\/lali-begood.com\/#organization","name":"Lali BeGood","url":"https:\/\/lali-begood.com\/","logo":{"@type":"ImageObject","inLanguage":"es","@id":"https:\/\/lali-begood.com\/#\/schema\/logo\/image\/","url":"https:\/\/lali-begood.com\/wp-content\/uploads\/2023\/08\/cropped-Logo_LALYBgood_colors.png","contentUrl":"https:\/\/lali-begood.com\/wp-content\/uploads\/2023\/08\/cropped-Logo_LALYBgood_colors.png","width":2354,"height":1811,"caption":"Lali BeGood"},"image":{"@id":"https:\/\/lali-begood.com\/#\/schema\/logo\/image\/"},"sameAs":["https:\/\/es-es.facebook.com\/lali.begood\/","https:\/\/x.com\/LaliBeGood","https:\/\/www.youtube.com\/c\/LaliBeGood","https:\/\/www.instagram.com\/lali.begood\/","https:\/\/www.tiktok.com\/@lali.begood"]}]}},"jetpack_sharing_enabled":true,"jetpack_shortlink":"https:\/\/wp.me\/P7KfQ8-vw","_links":{"self":[{"href":"https:\/\/lali-begood.com\/es\/wp-json\/wp\/v2\/pages\/1954"}],"collection":[{"href":"https:\/\/lali-begood.com\/es\/wp-json\/wp\/v2\/pages"}],"about":[{"href":"https:\/\/lali-begood.com\/es\/wp-json\/wp\/v2\/types\/page"}],"author":[{"embeddable":true,"href":"https:\/\/lali-begood.com\/es\/wp-json\/wp\/v2\/users\/1"}],"replies":[{"embeddable":true,"href":"https:\/\/lali-begood.com\/es\/wp-json\/wp\/v2\/comments?post=1954"}],"version-history":[{"count":0,"href":"https:\/\/lali-begood.com\/es\/wp-json\/wp\/v2\/pages\/1954\/revisions"}],"wp:attachment":[{"href":"https:\/\/lali-begood.com\/es\/wp-json\/wp\/v2\/media?parent=1954"}],"curies":[{"name":"wp","href":"https:\/\/api.w.org\/{rel}","templated":true}]}}