{"id":1632,"date":"2016-05-24T16:17:39","date_gmt":"2016-05-24T16:17:39","guid":{"rendered":"http:\/\/lali-begood.com\/?page_id=1632"},"modified":"2019-06-15T14:32:37","modified_gmt":"2019-06-15T14:32:37","slug":"espectaculos-old","status":"publish","type":"page","link":"https:\/\/lali-begood.com\/es\/espectaculos-old\/","title":{"rendered":"Espect\u00e1culos OLD"},"content":{"rendered":"<p>[spb_row element_name=\u00bbRow\u00bb wrap_type=\u00bbstandard-width\u00bb row_bg_type=\u00bbcolor\u00bb color_row_height=\u00bbcontent-height\u00bb bg_type=\u00bbcover\u00bb parallax_image_height=\u00bbcontent-height\u00bb parallax_image_movement=\u00bbfixed\u00bb parallax_image_speed=\u00bbstandard\u00bb bg_video_loop=\u00bbyes\u00bb parallax_video_height=\u00bbwindow-height\u00bb row_top_style=\u00bbnone\u00bb row_bottom_style=\u00bbnone\u00bb parallax_video_overlay=\u00bbnone\u00bb row_overlay_opacity=\u00bb0&#8243; remove_element_spacing=\u00bbno\u00bb row_col_spacing=\u00bb0&#8243; row_col_pos=\u00bbtop\u00bb row_col_content_pos=\u00bbtop\u00bb row_col_equal_heights=\u00bbyes\u00bb row_expanding=\u00bbno\u00bb row_animation=\u00bbnone\u00bb row_animation_delay=\u00bb0&#8243; minimize_row=\u00bbno\u00bb simplified_controls=\u00bbno\u00bb custom_css_percentage=\u00bbno\u00bb custom_css=\u00bbmargin-top: 0px;margin-bottom: 0px;padding-top: 90px;padding-bottom: 70px;\u00bb border_styling_global=\u00bbdefault\u00bb width=\u00bb1\/1&#8243; el_position=\u00bbfirst last\u00bb] [spb_video link=\u00bbhttps:\/\/www.youtube.com\/watch?v=DF9vukEddtE\u00bb remove_related=\u00bbyes\u00bb autoplay=\u00bbno\u00bb full_width=\u00bbno\u00bb width=\u00bb1\/2&#8243; el_position=\u00bbfirst\u00bb] [spb_text_block animation=\u00bbnone\u00bb animation_delay=\u00bb0&#8243; simplified_controls=\u00bbno\u00bb custom_css_percentage=\u00bbno\u00bb padding_vertical=\u00bb0&#8243; padding_horizontal=\u00bb0&#8243; margin_vertical=\u00bb0&#8243; custom_css=\u00bbmargin-top: 0px;margin-bottom: 0px;\u00bb border_size=\u00bb0&#8243; border_styling_global=\u00bbdefault\u00bb width=\u00bb1\/2&#8243; el_position=\u00bblast\u00bb]<\/p>\n<h1 style=\"text-align: center;\">FUTUR-OH!<\/h1>\n<p style=\"text-align: center;\"><strong>Un gran show para el ni\u00f1o que llevas de la mano y el que llevas dentro.<\/strong><\/p>\n<p style=\"text-align: center;\">El espect\u00e1culo del nuevo \u00e1lbum <strong><em>Futur-Oh! (2018)<\/em><\/strong> est\u00e1 cargado de energ\u00eda y humor. Once temas que transitan por el funky, el kid-hop, el country, el reggae, el folk, el rock, el pop, la cumbia y la m\u00fasica balc\u00e1nica. Sin complejos ni tab\u00faes, con letras que tocan vivencias y valores compartidos por padres e hijos, Lali va tejiendo un di\u00e1logo que borra la barrera entre escenario y p\u00fablico.<\/p>\n<p style=\"text-align: center;\">Concierto con la banda completa, ideal para: festivales, fiestas y eventos culturales.\u00a0<em>Let\u2019s love\u2019n\u2019roll, families!<\/em><\/p>\n<p style=\"text-align: center;\"><a class=\"sf-button standard accent default  sf-button-rounded dropshadow sf-button-has-icon\" href=\"https:\/\/docs.google.com\/document\/d\/1Wqqi3DOvetfveArMCb44RvTbAhWrH1GKiaNZriGTmj0\/edit?usp=sharing\" target=\"_blank\" rel=\"\"><span class=\"text\">Dossier<\/span><i class=\"fa-angle-right\"><\/i><\/a>\u00a0\u00a0<a class=\"sf-button standard accent default  sf-button-rounded dropshadow sf-button-has-icon\" href=\"https:\/\/open.spotify.com\/album\/0pAOnEqBrDi2kQtR7wTOKC?si=6NVwbmSfRyuXwbKTpGqqKw\" target=\"_blank\" rel=\"\"><span class=\"text\">Escucha las canciones<\/span><i class=\"fa-angle-right\"><\/i><\/a><\/p>\n<p>[\/spb_text_block] [\/spb_row] [spb_divider type=\u00bbthin\u00bb text=\u00bbGo to top\u00bb top_margin=\u00bb0px\u00bb bottom_margin=\u00bb0&#8243; fullwidth=\u00bbno\u00bb width=\u00bb1\/1&#8243; el_position=\u00bbfirst last\u00bb] [spb_row element_name=\u00bbRow\u00bb wrap_type=\u00bbstandard-width\u00bb row_bg_type=\u00bbcolor\u00bb color_row_height=\u00bbcontent-height\u00bb bg_type=\u00bbcover\u00bb parallax_image_height=\u00bbcontent-height\u00bb parallax_image_movement=\u00bbfixed\u00bb parallax_image_speed=\u00bbstandard\u00bb bg_video_loop=\u00bbyes\u00bb parallax_video_height=\u00bbwindow-height\u00bb row_top_style=\u00bbnone\u00bb row_bottom_style=\u00bbnone\u00bb parallax_video_overlay=\u00bbnone\u00bb row_overlay_opacity=\u00bb0&#8243; remove_element_spacing=\u00bbno\u00bb row_col_spacing=\u00bb0&#8243; row_col_pos=\u00bbtop\u00bb row_col_content_pos=\u00bbtop\u00bb row_col_equal_heights=\u00bbyes\u00bb row_expanding=\u00bbno\u00bb row_animation=\u00bbnone\u00bb row_animation_delay=\u00bb0&#8243; minimize_row=\u00bbno\u00bb simplified_controls=\u00bbno\u00bb custom_css_percentage=\u00bbno\u00bb custom_css=\u00bbmargin-top: 0px;margin-bottom: 0px;padding-top: 90px;padding-bottom: 70px;\u00bb border_styling_global=\u00bbdefault\u00bb width=\u00bb1\/1&#8243; el_position=\u00bbfirst last\u00bb] [spb_video link=\u00bbhttps:\/\/www.youtube.com\/watch?v=GukTShxyh-k\u00bb remove_related=\u00bbyes\u00bb autoplay=\u00bbno\u00bb full_width=\u00bbno\u00bb width=\u00bb1\/2&#8243; el_position=\u00bbfirst\u00bb] [spb_text_block animation=\u00bbnone\u00bb animation_delay=\u00bb0&#8243; simplified_controls=\u00bbno\u00bb custom_css_percentage=\u00bbno\u00bb padding_vertical=\u00bb0&#8243; padding_horizontal=\u00bb0&#8243; margin_vertical=\u00bb0&#8243; custom_css=\u00bbmargin-top: 0px;margin-bottom: 0px;\u00bb border_size=\u00bb0&#8243; border_styling_global=\u00bbdefault\u00bb width=\u00bb1\/2&#8243; el_position=\u00bblast\u00bb]<\/p>\n<h1 style=\"text-align: center;\">AC\u00daSTICOS DE <em>FUTUR-OH!<\/em><\/h1>\n<p style=\"text-align: center;\"><strong>Disfruta del love&#8217;n&#8217;roll muy cerquita<\/strong><\/p>\n<p style=\"text-align: center;\">A ras de suelo o sobre una peque\u00f1a tarima, las canciones del nuevo disco <strong><em>Futur-Oh! (2018)<\/em><\/strong> se transforman una y otra vez. Ya sea con el dueto m\u00e1s festivo \u00abDancing feet\u00bb o con el ac\u00fastico para los m\u00e1s peques \u00abPeque\u00f1o ac\u00fastico\u00bb, Lali y Quico os har\u00e1n vibrar con un concierto de m\u00fasica familiar, interactivo y divertido.<\/p>\n<p style=\"text-align: center;\">Formatos dueto. Ideal para: escuelas, fiestas de final de curso, bibliotecas, centros c\u00edvicos, eventos culturales y guarder\u00edas.<\/p>\n<p style=\"text-align: center;\"><a class=\"sf-button standard accent default  sf-button-rounded dropshadow sf-button-has-icon\" href=\"https:\/\/docs.google.com\/document\/d\/1Wqqi3DOvetfveArMCb44RvTbAhWrH1GKiaNZriGTmj0\/edit?usp=sharing\" target=\"_blank\" rel=\"\"><span class=\"text\">Dossier<\/span><i class=\"fa-angle-right\"><\/i><\/a>\u00a0\u00a0<a class=\"sf-button standard accent default  sf-button-rounded dropshadow sf-button-has-icon\" href=\"https:\/\/open.spotify.com\/album\/0pAOnEqBrDi2kQtR7wTOKC?si=6NVwbmSfRyuXwbKTpGqqKw\" target=\"_blank\" rel=\"\"><span class=\"text\">Escucha las canciones<\/span><i class=\"fa-angle-right\"><\/i><\/a><\/p>\n<p>[\/spb_text_block] [\/spb_row] [spb_divider type=\u00bbthin\u00bb text=\u00bbGo to top\u00bb top_margin=\u00bb0px\u00bb bottom_margin=\u00bb0&#8243; fullwidth=\u00bbno\u00bb width=\u00bb1\/1&#8243; el_position=\u00bbfirst last\u00bb] [spb_row element_name=\u00bbRow\u00bb wrap_type=\u00bbstandard-width\u00bb row_bg_type=\u00bbcolor\u00bb color_row_height=\u00bbcontent-height\u00bb bg_type=\u00bbcover\u00bb parallax_image_height=\u00bbcontent-height\u00bb parallax_image_movement=\u00bbfixed\u00bb parallax_image_speed=\u00bbstandard\u00bb bg_video_loop=\u00bbyes\u00bb parallax_video_height=\u00bbwindow-height\u00bb row_top_style=\u00bbnone\u00bb row_bottom_style=\u00bbnone\u00bb parallax_video_overlay=\u00bbnone\u00bb row_overlay_opacity=\u00bb0&#8243; remove_element_spacing=\u00bbno\u00bb row_col_spacing=\u00bb0&#8243; row_col_pos=\u00bbtop\u00bb row_col_content_pos=\u00bbtop\u00bb row_col_equal_heights=\u00bbyes\u00bb row_expanding=\u00bbno\u00bb row_animation=\u00bbnone\u00bb row_animation_delay=\u00bb0&#8243; minimize_row=\u00bbno\u00bb simplified_controls=\u00bbno\u00bb custom_css_percentage=\u00bbno\u00bb custom_css=\u00bbmargin-top: 0px;margin-bottom: 0px;padding-top: 90px;padding-bottom: 70px;\u00bb border_styling_global=\u00bbdefault\u00bb width=\u00bb1\/1&#8243; el_position=\u00bbfirst last\u00bb] [spb_video link=\u00bbhttps:\/\/www.youtube.com\/watch?v=lv-c_aj9Gq4&#8243; remove_related=\u00bbyes\u00bb autoplay=\u00bbno\u00bb full_width=\u00bbno\u00bb width=\u00bb1\/2&#8243; el_position=\u00bbfirst\u00bb] [spb_text_block animation=\u00bbnone\u00bb animation_delay=\u00bb0&#8243; simplified_controls=\u00bbno\u00bb custom_css_percentage=\u00bbno\u00bb padding_vertical=\u00bb0&#8243; padding_horizontal=\u00bb0&#8243; margin_vertical=\u00bb0&#8243; custom_css=\u00bbmargin-top: 0px;margin-bottom: 0px;\u00bb border_size=\u00bb0&#8243; border_styling_global=\u00bbdefault\u00bb width=\u00bb1\/2&#8243; el_position=\u00bblast\u00bb]<\/p>\n<h1 style=\"text-align: center;\">LOVE&#8217;N&#8217;ROLL FEVER<\/h1>\n<p style=\"text-align: center;\"><strong>\u00a1Los mejores temas de rock cl\u00e1sico reinterpretados por Lali!<\/strong><\/p>\n<p style=\"text-align: center;\">Beatles, Elvis, Chuck Berry, Jackson5, Police, Queen, AC\/DC&#8230;<br \/>\nUn concierto de aut\u00e9ntico rock para toda la familia, con mucho ritmo y letras de lo m\u00e1s divertidas. Disponible en castellano y catal\u00e1n.<\/p>\n<p style=\"text-align: center;\">Concierto con banda completa, ideal para: festivales, fiestas mayores y eventos culturales.\u00a0<em>Let&#8217;s love&#8217;n&#8217;roll, babies!<\/em><\/p>\n<p style=\"text-align: center;\"><a class=\"sf-button standard accent default  sf-button-rounded dropshadow sf-button-has-icon\" href=\"https:\/\/docs.google.com\/document\/d\/1MiOFa8QGWJD341XK8_w5wnY87U0CDTcMgm9VjrhQNok\/edit?usp=sharing\" target=\"_blank\" rel=\"\"><span class=\"text\">Dossier<\/span><i class=\"fa-angle-right\"><\/i><\/a><\/p>\n<p>[\/spb_text_block] [\/spb_row] [spb_divider type=\u00bbthin\u00bb text=\u00bbGo to top\u00bb top_margin=\u00bb0px\u00bb bottom_margin=\u00bb0&#8243; fullwidth=\u00bbno\u00bb width=\u00bb1\/1&#8243; el_position=\u00bbfirst last\u00bb] [spb_row element_name=\u00bbRow\u00bb wrap_type=\u00bbstandard-width\u00bb row_bg_type=\u00bbcolor\u00bb color_row_height=\u00bbcontent-height\u00bb bg_type=\u00bbcover\u00bb parallax_image_height=\u00bbcontent-height\u00bb parallax_image_movement=\u00bbfixed\u00bb parallax_image_speed=\u00bbstandard\u00bb bg_video_loop=\u00bbyes\u00bb parallax_video_height=\u00bbwindow-height\u00bb row_top_style=\u00bbnone\u00bb row_bottom_style=\u00bbnone\u00bb parallax_video_overlay=\u00bbnone\u00bb row_overlay_opacity=\u00bb0&#8243; remove_element_spacing=\u00bbno\u00bb row_col_spacing=\u00bb0&#8243; row_col_pos=\u00bbtop\u00bb row_col_content_pos=\u00bbtop\u00bb row_col_equal_heights=\u00bbyes\u00bb row_expanding=\u00bbno\u00bb row_animation=\u00bbnone\u00bb row_animation_delay=\u00bb0&#8243; minimize_row=\u00bbno\u00bb simplified_controls=\u00bbno\u00bb custom_css_percentage=\u00bbno\u00bb custom_css=\u00bbmargin-top: 0px;margin-bottom: 0px;padding-top: 90px;padding-bottom: 70px;\u00bb border_styling_global=\u00bbdefault\u00bb width=\u00bb1\/1&#8243; el_position=\u00bbfirst last\u00bb] [spb_video link=\u00bbhttps:\/\/www.youtube.com\/watch?v=7e8YtQfL5_8&#8243; remove_related=\u00bbyes\u00bb autoplay=\u00bbno\u00bb full_width=\u00bbno\u00bb width=\u00bb1\/2&#8243; el_position=\u00bbfirst\u00bb] [spb_text_block animation=\u00bbnone\u00bb animation_delay=\u00bb0&#8243; simplified_controls=\u00bbno\u00bb custom_css_percentage=\u00bbno\u00bb padding_vertical=\u00bb0&#8243; padding_horizontal=\u00bb0&#8243; margin_vertical=\u00bb0&#8243; custom_css=\u00bbmargin-top: 0px;margin-bottom: 0px;\u00bb border_size=\u00bb0&#8243; border_styling_global=\u00bbdefault\u00bb width=\u00bb1\/2&#8243; el_position=\u00bblast\u00bb]<\/p>\n<h1 style=\"text-align: center;\">\u00a1CANTEMOS AL MUNDO!<\/h1>\n<p style=\"text-align: center;\"><strong>Canciones de ahora y de siempre en un escenario m\u00e1gico y revelador.<\/strong><\/p>\n<p style=\"text-align: center;\">En este bosque los animales tienen canciones propias y los \u00e1rboles (globos de helio) despegan para llevar bonitos mensajes al otro lado del mundo. Adem\u00e1s de cantar y bailar, entre canci\u00f3n y canci\u00f3n los ni\u00f1os ser\u00e1n protagonistas de adivinanzas y actos po\u00e9ticos, subiendo al escenario con Lali, protagonista en solitario de este divertido concierto-performance.<\/p>\n<p style=\"text-align: center;\">Ideal para: fiestas mayores, eventos culturales, fiestas de fin de curso y guarder\u00edas.<\/p>\n<p style=\"text-align: center;\"><a class=\"sf-button standard accent default  sf-button-rounded dropshadow sf-button-has-icon\" href=\"https:\/\/docs.google.com\/document\/d\/1-4BgflrPOa9qXsXlTB1k6_BUtvxho30eurzWiH0YyHM\/edit?usp=sharing\" target=\"_blank\" rel=\"\"><span class=\"text\">Dossier<\/span><i class=\"fa-angle-right\"><\/i><\/a>\u00a0\u00a0<a class=\"sf-button standard accent default  sf-button-rounded dropshadow sf-button-has-icon\" href=\"https:\/\/open.spotify.com\/album\/1oGREiq5HGoPxu5W6rKJKj?si=9qAmyBwcRJKLok9G8efOuA\" target=\"_blank\" rel=\"\"><span class=\"text\">Escucha las canciones<\/span><i class=\"fa-angle-right\"><\/i><\/a><\/p>\n<p>[\/spb_text_block] [\/spb_row] [spb_section spb_section_id=\u00bb1604&#8243; width=\u00bb1\/1&#8243; el_position=\u00bbfirst last\u00bb]<\/p>\n","protected":false},"excerpt":{"rendered":"<p>[spb_row element_name=\u00bbRow\u00bb wrap_type=\u00bbstandard-width\u00bb row_bg_type=\u00bbcolor\u00bb color_row_height=\u00bbcontent-height\u00bb bg_type=\u00bbcover\u00bb parallax_image_height=\u00bbcontent-height\u00bb parallax_image_movement=\u00bbfixed\u00bb parallax_image_speed=\u00bbstandard\u00bb bg_video_loop=\u00bbyes\u00bb parallax_video_height=\u00bbwindow-height\u00bb row_top_style=\u00bbnone\u00bb row_bottom_style=\u00bbnone\u00bb parallax_video_overlay=\u00bbnone\u00bb row_overlay_opacity=\u00bb0&#8243; remove_element_spacing=\u00bbno\u00bb row_col_spacing=\u00bb0&#8243; row_col_pos=\u00bbtop\u00bb row_col_content_pos=\u00bbtop\u00bb row_col_equal_heights=\u00bbyes\u00bb row_expanding=\u00bbno\u00bb row_animation=\u00bbnone\u00bb row_animation_delay=\u00bb0&#8243; minimize_row=\u00bbno\u00bb simplified_controls=\u00bbno\u00bb custom_css_percentage=\u00bbno\u00bb custom_css=\u00bbmargin-top: 0px;margin-bottom: 0px;padding-top: 90px;padding-bottom: 70px;\u00bb border_styling_global=\u00bbdefault\u00bb width=\u00bb1\/1&#8243; el_position=\u00bbfirst last\u00bb] [spb_video link=\u00bbhttps:\/\/www.youtube.com\/watch?v=DF9vukEddtE\u00bb remove_related=\u00bbyes\u00bb autoplay=\u00bbno\u00bb full_width=\u00bbno\u00bb width=\u00bb1\/2&#8243; el_position=\u00bbfirst\u00bb] [spb_text_block animation=\u00bbnone\u00bb animation_delay=\u00bb0&#8243; simplified_controls=\u00bbno\u00bb custom_css_percentage=\u00bbno\u00bb padding_vertical=\u00bb0&#8243; padding_horizontal=\u00bb0&#8243; margin_vertical=\u00bb0&#8243; custom_css=\u00bbmargin-top: 0px;margin-bottom: 0px;\u00bb border_size=\u00bb0&#8243; border_styling_global=\u00bbdefault\u00bb width=\u00bb1\/2&#8243; el_position=\u00bblast\u00bb] FUTUR-OH! Un gran [&hellip;]<\/p>\n","protected":false},"author":1,"featured_media":0,"parent":0,"menu_order":0,"comment_status":"closed","ping_status":"closed","template":"","meta":{"jetpack_post_was_ever_published":false,"footnotes":""},"yoast_head":"<!-- This site is optimized with the Yoast SEO plugin v23.0 - https:\/\/yoast.com\/wordpress\/plugins\/seo\/ -->\n<title>Espect\u00e1culos OLD - Lali BeGood<\/title>\n<meta name=\"robots\" content=\"index, follow, max-snippet:-1, max-image-preview:large, max-video-preview:-1\" \/>\n<link rel=\"canonical\" href=\"https:\/\/lali-begood.com\/es\/espectaculos-old\/\" \/>\n<meta property=\"og:locale\" content=\"es_ES\" \/>\n<meta property=\"og:type\" content=\"article\" \/>\n<meta property=\"og:title\" content=\"Espect\u00e1culos OLD - Lali BeGood\" \/>\n<meta property=\"og:description\" content=\"[spb_row element_name=\u00bbRow\u00bb wrap_type=\u00bbstandard-width\u00bb row_bg_type=\u00bbcolor\u00bb color_row_height=\u00bbcontent-height\u00bb bg_type=\u00bbcover\u00bb parallax_image_height=\u00bbcontent-height\u00bb parallax_image_movement=\u00bbfixed\u00bb parallax_image_speed=\u00bbstandard\u00bb bg_video_loop=\u00bbyes\u00bb parallax_video_height=\u00bbwindow-height\u00bb row_top_style=\u00bbnone\u00bb row_bottom_style=\u00bbnone\u00bb parallax_video_overlay=\u00bbnone\u00bb row_overlay_opacity=\u00bb0&#8243; remove_element_spacing=\u00bbno\u00bb row_col_spacing=\u00bb0&#8243; row_col_pos=\u00bbtop\u00bb row_col_content_pos=\u00bbtop\u00bb row_col_equal_heights=\u00bbyes\u00bb row_expanding=\u00bbno\u00bb row_animation=\u00bbnone\u00bb row_animation_delay=\u00bb0&#8243; minimize_row=\u00bbno\u00bb simplified_controls=\u00bbno\u00bb custom_css_percentage=\u00bbno\u00bb custom_css=\u00bbmargin-top: 0px;margin-bottom: 0px;padding-top: 90px;padding-bottom: 70px;\u00bb border_styling_global=\u00bbdefault\u00bb width=\u00bb1\/1&#8243; el_position=\u00bbfirst last\u00bb] [spb_video link=\u00bbhttps:\/\/www.youtube.com\/watch?v=DF9vukEddtE\u00bb remove_related=\u00bbyes\u00bb autoplay=\u00bbno\u00bb full_width=\u00bbno\u00bb width=\u00bb1\/2&#8243; el_position=\u00bbfirst\u00bb] [spb_text_block animation=\u00bbnone\u00bb animation_delay=\u00bb0&#8243; simplified_controls=\u00bbno\u00bb custom_css_percentage=\u00bbno\u00bb padding_vertical=\u00bb0&#8243; padding_horizontal=\u00bb0&#8243; margin_vertical=\u00bb0&#8243; custom_css=\u00bbmargin-top: 0px;margin-bottom: 0px;\u00bb border_size=\u00bb0&#8243; border_styling_global=\u00bbdefault\u00bb width=\u00bb1\/2&#8243; el_position=\u00bblast\u00bb] FUTUR-OH! Un gran [&hellip;]\" \/>\n<meta property=\"og:url\" content=\"https:\/\/lali-begood.com\/es\/espectaculos-old\/\" \/>\n<meta property=\"og:site_name\" content=\"Lali BeGood\" \/>\n<meta property=\"article:publisher\" content=\"https:\/\/es-es.facebook.com\/lali.begood\/\" \/>\n<meta property=\"article:modified_time\" content=\"2019-06-15T14:32:37+00:00\" \/>\n<meta name=\"twitter:card\" content=\"summary_large_image\" \/>\n<meta name=\"twitter:site\" content=\"@LaliBeGood\" \/>\n<meta name=\"twitter:label1\" content=\"Tiempo de lectura\" \/>\n\t<meta name=\"twitter:data1\" content=\"7 minutos\" \/>\n<script type=\"application\/ld+json\" class=\"yoast-schema-graph\">{\"@context\":\"https:\/\/schema.org\",\"@graph\":[{\"@type\":\"WebPage\",\"@id\":\"https:\/\/lali-begood.com\/es\/espectaculos-old\/\",\"url\":\"https:\/\/lali-begood.com\/es\/espectaculos-old\/\",\"name\":\"Espect\u00e1culos OLD - Lali BeGood\",\"isPartOf\":{\"@id\":\"https:\/\/lali-begood.com\/#website\"},\"datePublished\":\"2016-05-24T16:17:39+00:00\",\"dateModified\":\"2019-06-15T14:32:37+00:00\",\"breadcrumb\":{\"@id\":\"https:\/\/lali-begood.com\/es\/espectaculos-old\/#breadcrumb\"},\"inLanguage\":\"es\",\"potentialAction\":[{\"@type\":\"ReadAction\",\"target\":[\"https:\/\/lali-begood.com\/es\/espectaculos-old\/\"]}]},{\"@type\":\"BreadcrumbList\",\"@id\":\"https:\/\/lali-begood.com\/es\/espectaculos-old\/#breadcrumb\",\"itemListElement\":[{\"@type\":\"ListItem\",\"position\":1,\"name\":\"Inici\",\"item\":\"https:\/\/lali-begood.com\/\"},{\"@type\":\"ListItem\",\"position\":2,\"name\":\"Espect\u00e1culos OLD\"}]},{\"@type\":\"WebSite\",\"@id\":\"https:\/\/lali-begood.com\/#website\",\"url\":\"https:\/\/lali-begood.com\/\",\"name\":\"Lali BeGood\",\"description\":\"Love&amp;Roll\",\"publisher\":{\"@id\":\"https:\/\/lali-begood.com\/#organization\"},\"potentialAction\":[{\"@type\":\"SearchAction\",\"target\":{\"@type\":\"EntryPoint\",\"urlTemplate\":\"https:\/\/lali-begood.com\/?s={search_term_string}\"},\"query-input\":\"required name=search_term_string\"}],\"inLanguage\":\"es\"},{\"@type\":\"Organization\",\"@id\":\"https:\/\/lali-begood.com\/#organization\",\"name\":\"Lali BeGood\",\"url\":\"https:\/\/lali-begood.com\/\",\"logo\":{\"@type\":\"ImageObject\",\"inLanguage\":\"es\",\"@id\":\"https:\/\/lali-begood.com\/#\/schema\/logo\/image\/\",\"url\":\"https:\/\/lali-begood.com\/wp-content\/uploads\/2023\/08\/cropped-Logo_LALYBgood_colors.png\",\"contentUrl\":\"https:\/\/lali-begood.com\/wp-content\/uploads\/2023\/08\/cropped-Logo_LALYBgood_colors.png\",\"width\":2354,\"height\":1811,\"caption\":\"Lali BeGood\"},\"image\":{\"@id\":\"https:\/\/lali-begood.com\/#\/schema\/logo\/image\/\"},\"sameAs\":[\"https:\/\/es-es.facebook.com\/lali.begood\/\",\"https:\/\/x.com\/LaliBeGood\",\"https:\/\/www.youtube.com\/c\/LaliBeGood\",\"https:\/\/www.instagram.com\/lali.begood\/\",\"https:\/\/www.tiktok.com\/@lali.begood\"]}]}<\/script>\n<!-- \/ Yoast SEO plugin. -->","yoast_head_json":{"title":"Espect\u00e1culos OLD - Lali BeGood","robots":{"index":"index","follow":"follow","max-snippet":"max-snippet:-1","max-image-preview":"max-image-preview:large","max-video-preview":"max-video-preview:-1"},"canonical":"https:\/\/lali-begood.com\/es\/espectaculos-old\/","og_locale":"es_ES","og_type":"article","og_title":"Espect\u00e1culos OLD - Lali BeGood","og_description":"[spb_row element_name=\u00bbRow\u00bb wrap_type=\u00bbstandard-width\u00bb row_bg_type=\u00bbcolor\u00bb color_row_height=\u00bbcontent-height\u00bb bg_type=\u00bbcover\u00bb parallax_image_height=\u00bbcontent-height\u00bb parallax_image_movement=\u00bbfixed\u00bb parallax_image_speed=\u00bbstandard\u00bb bg_video_loop=\u00bbyes\u00bb parallax_video_height=\u00bbwindow-height\u00bb row_top_style=\u00bbnone\u00bb row_bottom_style=\u00bbnone\u00bb parallax_video_overlay=\u00bbnone\u00bb row_overlay_opacity=\u00bb0&#8243; remove_element_spacing=\u00bbno\u00bb row_col_spacing=\u00bb0&#8243; row_col_pos=\u00bbtop\u00bb row_col_content_pos=\u00bbtop\u00bb row_col_equal_heights=\u00bbyes\u00bb row_expanding=\u00bbno\u00bb row_animation=\u00bbnone\u00bb row_animation_delay=\u00bb0&#8243; minimize_row=\u00bbno\u00bb simplified_controls=\u00bbno\u00bb custom_css_percentage=\u00bbno\u00bb custom_css=\u00bbmargin-top: 0px;margin-bottom: 0px;padding-top: 90px;padding-bottom: 70px;\u00bb border_styling_global=\u00bbdefault\u00bb width=\u00bb1\/1&#8243; el_position=\u00bbfirst last\u00bb] [spb_video link=\u00bbhttps:\/\/www.youtube.com\/watch?v=DF9vukEddtE\u00bb remove_related=\u00bbyes\u00bb autoplay=\u00bbno\u00bb full_width=\u00bbno\u00bb width=\u00bb1\/2&#8243; el_position=\u00bbfirst\u00bb] [spb_text_block animation=\u00bbnone\u00bb animation_delay=\u00bb0&#8243; simplified_controls=\u00bbno\u00bb custom_css_percentage=\u00bbno\u00bb padding_vertical=\u00bb0&#8243; padding_horizontal=\u00bb0&#8243; margin_vertical=\u00bb0&#8243; custom_css=\u00bbmargin-top: 0px;margin-bottom: 0px;\u00bb border_size=\u00bb0&#8243; border_styling_global=\u00bbdefault\u00bb width=\u00bb1\/2&#8243; el_position=\u00bblast\u00bb] FUTUR-OH! Un gran [&hellip;]","og_url":"https:\/\/lali-begood.com\/es\/espectaculos-old\/","og_site_name":"Lali BeGood","article_publisher":"https:\/\/es-es.facebook.com\/lali.begood\/","article_modified_time":"2019-06-15T14:32:37+00:00","twitter_card":"summary_large_image","twitter_site":"@LaliBeGood","twitter_misc":{"Tiempo de lectura":"7 minutos"},"schema":{"@context":"https:\/\/schema.org","@graph":[{"@type":"WebPage","@id":"https:\/\/lali-begood.com\/es\/espectaculos-old\/","url":"https:\/\/lali-begood.com\/es\/espectaculos-old\/","name":"Espect\u00e1culos OLD - Lali BeGood","isPartOf":{"@id":"https:\/\/lali-begood.com\/#website"},"datePublished":"2016-05-24T16:17:39+00:00","dateModified":"2019-06-15T14:32:37+00:00","breadcrumb":{"@id":"https:\/\/lali-begood.com\/es\/espectaculos-old\/#breadcrumb"},"inLanguage":"es","potentialAction":[{"@type":"ReadAction","target":["https:\/\/lali-begood.com\/es\/espectaculos-old\/"]}]},{"@type":"BreadcrumbList","@id":"https:\/\/lali-begood.com\/es\/espectaculos-old\/#breadcrumb","itemListElement":[{"@type":"ListItem","position":1,"name":"Inici","item":"https:\/\/lali-begood.com\/"},{"@type":"ListItem","position":2,"name":"Espect\u00e1culos OLD"}]},{"@type":"WebSite","@id":"https:\/\/lali-begood.com\/#website","url":"https:\/\/lali-begood.com\/","name":"Lali BeGood","description":"Love&amp;Roll","publisher":{"@id":"https:\/\/lali-begood.com\/#organization"},"potentialAction":[{"@type":"SearchAction","target":{"@type":"EntryPoint","urlTemplate":"https:\/\/lali-begood.com\/?s={search_term_string}"},"query-input":"required name=search_term_string"}],"inLanguage":"es"},{"@type":"Organization","@id":"https:\/\/lali-begood.com\/#organization","name":"Lali BeGood","url":"https:\/\/lali-begood.com\/","logo":{"@type":"ImageObject","inLanguage":"es","@id":"https:\/\/lali-begood.com\/#\/schema\/logo\/image\/","url":"https:\/\/lali-begood.com\/wp-content\/uploads\/2023\/08\/cropped-Logo_LALYBgood_colors.png","contentUrl":"https:\/\/lali-begood.com\/wp-content\/uploads\/2023\/08\/cropped-Logo_LALYBgood_colors.png","width":2354,"height":1811,"caption":"Lali BeGood"},"image":{"@id":"https:\/\/lali-begood.com\/#\/schema\/logo\/image\/"},"sameAs":["https:\/\/es-es.facebook.com\/lali.begood\/","https:\/\/x.com\/LaliBeGood","https:\/\/www.youtube.com\/c\/LaliBeGood","https:\/\/www.instagram.com\/lali.begood\/","https:\/\/www.tiktok.com\/@lali.begood"]}]}},"jetpack_sharing_enabled":true,"jetpack_shortlink":"https:\/\/wp.me\/P7KfQ8-qk","_links":{"self":[{"href":"https:\/\/lali-begood.com\/es\/wp-json\/wp\/v2\/pages\/1632"}],"collection":[{"href":"https:\/\/lali-begood.com\/es\/wp-json\/wp\/v2\/pages"}],"about":[{"href":"https:\/\/lali-begood.com\/es\/wp-json\/wp\/v2\/types\/page"}],"author":[{"embeddable":true,"href":"https:\/\/lali-begood.com\/es\/wp-json\/wp\/v2\/users\/1"}],"replies":[{"embeddable":true,"href":"https:\/\/lali-begood.com\/es\/wp-json\/wp\/v2\/comments?post=1632"}],"version-history":[{"count":0,"href":"https:\/\/lali-begood.com\/es\/wp-json\/wp\/v2\/pages\/1632\/revisions"}],"wp:attachment":[{"href":"https:\/\/lali-begood.com\/es\/wp-json\/wp\/v2\/media?parent=1632"}],"curies":[{"name":"wp","href":"https:\/\/api.w.org\/{rel}","templated":true}]}}