{"id":1589,"date":"2016-05-23T20:18:26","date_gmt":"2016-05-23T20:18:26","guid":{"rendered":"http:\/\/lali-begood.com\/?page_id=1589"},"modified":"2022-02-23T21:21:30","modified_gmt":"2022-02-23T21:21:30","slug":"contacto","status":"publish","type":"page","link":"https:\/\/lali-begood.com\/es\/contacto\/","title":{"rendered":"Contacto"},"content":{"rendered":"<p>[spb_text_block animation=\u00bbnone\u00bb animation_delay=\u00bb0&#8243; simplified_controls=\u00bbno\u00bb custom_css_percentage=\u00bbno\u00bb padding_vertical=\u00bb0&#8243; padding_horizontal=\u00bb0&#8243; margin_vertical=\u00bb0&#8243; custom_css=\u00bbmargin-top: 0px;margin-bottom: 0px;padding-left: 40px;\u00bb border_size=\u00bb0&#8243; border_color_global=\u00bb#d1cfcf\u00bb border_styling_global=\u00bbdefault\u00bb width=\u00bb1\/1&#8243; el_position=\u00bbfirst last\u00bb]<\/p>\n<h1 style=\"text-align: left;\">\u00bfHablamos?<\/h1>\n<p style=\"text-align: left;\">Escr\u00edbeme un email, ll\u00e1mame o cont\u00e1ctame por redes sociales \ud83d\ude42<\/p>\n<p><img loading=\"lazy\" decoding=\"async\" class=\"alignnone  wp-image-4837\" src=\"http:\/\/lali-begood.com\/wp-content\/uploads\/2022\/02\/Screenshot-2022-02-23-at-22.18.33.png\" alt=\"\" width=\"184\" height=\"26\" srcset=\"https:\/\/lali-begood.com\/wp-content\/uploads\/2022\/02\/Screenshot-2022-02-23-at-22.18.33.png 312w, https:\/\/lali-begood.com\/wp-content\/uploads\/2022\/02\/Screenshot-2022-02-23-at-22.18.33-300x42.png 300w\" sizes=\"(max-width: 184px) 100vw, 184px\" \/><\/p>\n<p style=\"text-align: left;\"><strong>T. 606 007 206<\/strong><br \/>\n<ul class=\"social-icons large \">\n<li class=\"twitter\"><a href=\"http:\/\/www.twitter.com\/LaliBeGood\" target=\"_blank\"><i class=\"fab fa-twitter\"><\/i><i class=\"fab fa-twitter\"><\/i><\/a><\/li>\n<li class=\"facebook\"><a href=\"https:\/\/www.facebook.com\/lali.begood\" target=\"_blank\"><i class=\"fab fa-facebook\"><\/i><i class=\"fab fa-facebook\"><\/i><\/a><\/li>\n<li class=\"youtube\"><a href=\"https:\/\/www.youtube.com\/channel\/UCkmXAbLTsGmTcOhvV9AYXlA\" target=\"_blank\"><i class=\"fab fa-youtube\"><\/i><i class=\"fab fa-youtube\"><\/i><\/a><\/li>\n<li class=\"instagram\"><a href=\"http:\/\/instagram.com\/lali.begood\" target=\"_blank\"><i class=\"fab fa-instagram\"><\/i><i class=\"fab fa-instagram\"><\/i><\/a><\/li>\n<\/ul>\n<br \/>\n\u00bfQuieres recibir mi\u00a0<a href=\"http:\/\/lali-begood.us2.list-manage1.com\/subscribe?u=3e938c7872d389bbbcc16e635&amp;id=1d7638bd0b\" target=\"_blank\" rel=\"noopener\">newsletter<\/a>?<\/p>\n<p>[\/spb_text_block]<\/p>\n","protected":false},"excerpt":{"rendered":"<p>[spb_text_block animation=\u00bbnone\u00bb animation_delay=\u00bb0&#8243; simplified_controls=\u00bbno\u00bb custom_css_percentage=\u00bbno\u00bb padding_vertical=\u00bb0&#8243; padding_horizontal=\u00bb0&#8243; margin_vertical=\u00bb0&#8243; custom_css=\u00bbmargin-top: 0px;margin-bottom: 0px;padding-left: 40px;\u00bb border_size=\u00bb0&#8243; border_color_global=\u00bb#d1cfcf\u00bb border_styling_global=\u00bbdefault\u00bb width=\u00bb1\/1&#8243; el_position=\u00bbfirst last\u00bb] \u00bfHablamos? Escr\u00edbeme un email, ll\u00e1mame o cont\u00e1ctame por redes sociales \ud83d\ude42 T. 606 007 206 \u00bfQuieres recibir mi\u00a0newsletter? [\/spb_text_block]<\/p>\n","protected":false},"author":1,"featured_media":0,"parent":0,"menu_order":0,"comment_status":"closed","ping_status":"closed","template":"","meta":{"jetpack_post_was_ever_published":false,"footnotes":""},"yoast_head":"<!-- This site is optimized with the Yoast SEO plugin v23.0 - https:\/\/yoast.com\/wordpress\/plugins\/seo\/ -->\n<title>Contacto - Lali BeGood<\/title>\n<meta name=\"robots\" content=\"index, follow, max-snippet:-1, max-image-preview:large, max-video-preview:-1\" \/>\n<link rel=\"canonical\" href=\"https:\/\/lali-begood.com\/es\/contacto\/\" \/>\n<meta property=\"og:locale\" content=\"es_ES\" \/>\n<meta property=\"og:type\" content=\"article\" \/>\n<meta property=\"og:title\" content=\"Contacto - Lali BeGood\" \/>\n<meta property=\"og:description\" content=\"[spb_text_block animation=\u00bbnone\u00bb animation_delay=\u00bb0&#8243; simplified_controls=\u00bbno\u00bb custom_css_percentage=\u00bbno\u00bb padding_vertical=\u00bb0&#8243; padding_horizontal=\u00bb0&#8243; margin_vertical=\u00bb0&#8243; custom_css=\u00bbmargin-top: 0px;margin-bottom: 0px;padding-left: 40px;\u00bb border_size=\u00bb0&#8243; border_color_global=\u00bb#d1cfcf\u00bb border_styling_global=\u00bbdefault\u00bb width=\u00bb1\/1&#8243; el_position=\u00bbfirst last\u00bb] \u00bfHablamos? Escr\u00edbeme un email, ll\u00e1mame o cont\u00e1ctame por redes sociales \ud83d\ude42 T. 606 007 206 \u00bfQuieres recibir mi\u00a0newsletter? [\/spb_text_block]\" \/>\n<meta property=\"og:url\" content=\"https:\/\/lali-begood.com\/es\/contacto\/\" \/>\n<meta property=\"og:site_name\" content=\"Lali BeGood\" \/>\n<meta property=\"article:publisher\" content=\"https:\/\/es-es.facebook.com\/lali.begood\/\" \/>\n<meta property=\"article:modified_time\" content=\"2022-02-23T21:21:30+00:00\" \/>\n<meta property=\"og:image\" content=\"http:\/\/lali-begood.com\/wp-content\/uploads\/2022\/02\/Screenshot-2022-02-23-at-22.18.33.png\" \/>\n<meta name=\"twitter:card\" content=\"summary_large_image\" \/>\n<meta name=\"twitter:site\" content=\"@LaliBeGood\" \/>\n<script type=\"application\/ld+json\" class=\"yoast-schema-graph\">{\"@context\":\"https:\/\/schema.org\",\"@graph\":[{\"@type\":\"WebPage\",\"@id\":\"https:\/\/lali-begood.com\/es\/contacto\/\",\"url\":\"https:\/\/lali-begood.com\/es\/contacto\/\",\"name\":\"Contacto - Lali BeGood\",\"isPartOf\":{\"@id\":\"https:\/\/lali-begood.com\/#website\"},\"primaryImageOfPage\":{\"@id\":\"https:\/\/lali-begood.com\/es\/contacto\/#primaryimage\"},\"image\":{\"@id\":\"https:\/\/lali-begood.com\/es\/contacto\/#primaryimage\"},\"thumbnailUrl\":\"http:\/\/lali-begood.com\/wp-content\/uploads\/2022\/02\/Screenshot-2022-02-23-at-22.18.33.png\",\"datePublished\":\"2016-05-23T20:18:26+00:00\",\"dateModified\":\"2022-02-23T21:21:30+00:00\",\"breadcrumb\":{\"@id\":\"https:\/\/lali-begood.com\/es\/contacto\/#breadcrumb\"},\"inLanguage\":\"es\",\"potentialAction\":[{\"@type\":\"ReadAction\",\"target\":[\"https:\/\/lali-begood.com\/es\/contacto\/\"]}]},{\"@type\":\"ImageObject\",\"inLanguage\":\"es\",\"@id\":\"https:\/\/lali-begood.com\/es\/contacto\/#primaryimage\",\"url\":\"http:\/\/lali-begood.com\/wp-content\/uploads\/2022\/02\/Screenshot-2022-02-23-at-22.18.33.png\",\"contentUrl\":\"http:\/\/lali-begood.com\/wp-content\/uploads\/2022\/02\/Screenshot-2022-02-23-at-22.18.33.png\"},{\"@type\":\"BreadcrumbList\",\"@id\":\"https:\/\/lali-begood.com\/es\/contacto\/#breadcrumb\",\"itemListElement\":[{\"@type\":\"ListItem\",\"position\":1,\"name\":\"Inici\",\"item\":\"https:\/\/lali-begood.com\/\"},{\"@type\":\"ListItem\",\"position\":2,\"name\":\"Contacto\"}]},{\"@type\":\"WebSite\",\"@id\":\"https:\/\/lali-begood.com\/#website\",\"url\":\"https:\/\/lali-begood.com\/\",\"name\":\"Lali BeGood\",\"description\":\"Love&amp;Roll\",\"publisher\":{\"@id\":\"https:\/\/lali-begood.com\/#organization\"},\"potentialAction\":[{\"@type\":\"SearchAction\",\"target\":{\"@type\":\"EntryPoint\",\"urlTemplate\":\"https:\/\/lali-begood.com\/?s={search_term_string}\"},\"query-input\":\"required name=search_term_string\"}],\"inLanguage\":\"es\"},{\"@type\":\"Organization\",\"@id\":\"https:\/\/lali-begood.com\/#organization\",\"name\":\"Lali BeGood\",\"url\":\"https:\/\/lali-begood.com\/\",\"logo\":{\"@type\":\"ImageObject\",\"inLanguage\":\"es\",\"@id\":\"https:\/\/lali-begood.com\/#\/schema\/logo\/image\/\",\"url\":\"https:\/\/lali-begood.com\/wp-content\/uploads\/2023\/08\/cropped-Logo_LALYBgood_colors.png\",\"contentUrl\":\"https:\/\/lali-begood.com\/wp-content\/uploads\/2023\/08\/cropped-Logo_LALYBgood_colors.png\",\"width\":2354,\"height\":1811,\"caption\":\"Lali BeGood\"},\"image\":{\"@id\":\"https:\/\/lali-begood.com\/#\/schema\/logo\/image\/\"},\"sameAs\":[\"https:\/\/es-es.facebook.com\/lali.begood\/\",\"https:\/\/x.com\/LaliBeGood\",\"https:\/\/www.youtube.com\/c\/LaliBeGood\",\"https:\/\/www.instagram.com\/lali.begood\/\",\"https:\/\/www.tiktok.com\/@lali.begood\"]}]}<\/script>\n<!-- \/ Yoast SEO plugin. -->","yoast_head_json":{"title":"Contacto - Lali BeGood","robots":{"index":"index","follow":"follow","max-snippet":"max-snippet:-1","max-image-preview":"max-image-preview:large","max-video-preview":"max-video-preview:-1"},"canonical":"https:\/\/lali-begood.com\/es\/contacto\/","og_locale":"es_ES","og_type":"article","og_title":"Contacto - Lali BeGood","og_description":"[spb_text_block animation=\u00bbnone\u00bb animation_delay=\u00bb0&#8243; simplified_controls=\u00bbno\u00bb custom_css_percentage=\u00bbno\u00bb padding_vertical=\u00bb0&#8243; padding_horizontal=\u00bb0&#8243; margin_vertical=\u00bb0&#8243; custom_css=\u00bbmargin-top: 0px;margin-bottom: 0px;padding-left: 40px;\u00bb border_size=\u00bb0&#8243; border_color_global=\u00bb#d1cfcf\u00bb border_styling_global=\u00bbdefault\u00bb width=\u00bb1\/1&#8243; el_position=\u00bbfirst last\u00bb] \u00bfHablamos? Escr\u00edbeme un email, ll\u00e1mame o cont\u00e1ctame por redes sociales \ud83d\ude42 T. 606 007 206 \u00bfQuieres recibir mi\u00a0newsletter? [\/spb_text_block]","og_url":"https:\/\/lali-begood.com\/es\/contacto\/","og_site_name":"Lali BeGood","article_publisher":"https:\/\/es-es.facebook.com\/lali.begood\/","article_modified_time":"2022-02-23T21:21:30+00:00","og_image":[{"url":"http:\/\/lali-begood.com\/wp-content\/uploads\/2022\/02\/Screenshot-2022-02-23-at-22.18.33.png"}],"twitter_card":"summary_large_image","twitter_site":"@LaliBeGood","schema":{"@context":"https:\/\/schema.org","@graph":[{"@type":"WebPage","@id":"https:\/\/lali-begood.com\/es\/contacto\/","url":"https:\/\/lali-begood.com\/es\/contacto\/","name":"Contacto - Lali BeGood","isPartOf":{"@id":"https:\/\/lali-begood.com\/#website"},"primaryImageOfPage":{"@id":"https:\/\/lali-begood.com\/es\/contacto\/#primaryimage"},"image":{"@id":"https:\/\/lali-begood.com\/es\/contacto\/#primaryimage"},"thumbnailUrl":"http:\/\/lali-begood.com\/wp-content\/uploads\/2022\/02\/Screenshot-2022-02-23-at-22.18.33.png","datePublished":"2016-05-23T20:18:26+00:00","dateModified":"2022-02-23T21:21:30+00:00","breadcrumb":{"@id":"https:\/\/lali-begood.com\/es\/contacto\/#breadcrumb"},"inLanguage":"es","potentialAction":[{"@type":"ReadAction","target":["https:\/\/lali-begood.com\/es\/contacto\/"]}]},{"@type":"ImageObject","inLanguage":"es","@id":"https:\/\/lali-begood.com\/es\/contacto\/#primaryimage","url":"http:\/\/lali-begood.com\/wp-content\/uploads\/2022\/02\/Screenshot-2022-02-23-at-22.18.33.png","contentUrl":"http:\/\/lali-begood.com\/wp-content\/uploads\/2022\/02\/Screenshot-2022-02-23-at-22.18.33.png"},{"@type":"BreadcrumbList","@id":"https:\/\/lali-begood.com\/es\/contacto\/#breadcrumb","itemListElement":[{"@type":"ListItem","position":1,"name":"Inici","item":"https:\/\/lali-begood.com\/"},{"@type":"ListItem","position":2,"name":"Contacto"}]},{"@type":"WebSite","@id":"https:\/\/lali-begood.com\/#website","url":"https:\/\/lali-begood.com\/","name":"Lali BeGood","description":"Love&amp;Roll","publisher":{"@id":"https:\/\/lali-begood.com\/#organization"},"potentialAction":[{"@type":"SearchAction","target":{"@type":"EntryPoint","urlTemplate":"https:\/\/lali-begood.com\/?s={search_term_string}"},"query-input":"required name=search_term_string"}],"inLanguage":"es"},{"@type":"Organization","@id":"https:\/\/lali-begood.com\/#organization","name":"Lali BeGood","url":"https:\/\/lali-begood.com\/","logo":{"@type":"ImageObject","inLanguage":"es","@id":"https:\/\/lali-begood.com\/#\/schema\/logo\/image\/","url":"https:\/\/lali-begood.com\/wp-content\/uploads\/2023\/08\/cropped-Logo_LALYBgood_colors.png","contentUrl":"https:\/\/lali-begood.com\/wp-content\/uploads\/2023\/08\/cropped-Logo_LALYBgood_colors.png","width":2354,"height":1811,"caption":"Lali BeGood"},"image":{"@id":"https:\/\/lali-begood.com\/#\/schema\/logo\/image\/"},"sameAs":["https:\/\/es-es.facebook.com\/lali.begood\/","https:\/\/x.com\/LaliBeGood","https:\/\/www.youtube.com\/c\/LaliBeGood","https:\/\/www.instagram.com\/lali.begood\/","https:\/\/www.tiktok.com\/@lali.begood"]}]}},"jetpack_sharing_enabled":true,"jetpack_shortlink":"https:\/\/wp.me\/P7KfQ8-pD","_links":{"self":[{"href":"https:\/\/lali-begood.com\/es\/wp-json\/wp\/v2\/pages\/1589"}],"collection":[{"href":"https:\/\/lali-begood.com\/es\/wp-json\/wp\/v2\/pages"}],"about":[{"href":"https:\/\/lali-begood.com\/es\/wp-json\/wp\/v2\/types\/page"}],"author":[{"embeddable":true,"href":"https:\/\/lali-begood.com\/es\/wp-json\/wp\/v2\/users\/1"}],"replies":[{"embeddable":true,"href":"https:\/\/lali-begood.com\/es\/wp-json\/wp\/v2\/comments?post=1589"}],"version-history":[{"count":0,"href":"https:\/\/lali-begood.com\/es\/wp-json\/wp\/v2\/pages\/1589\/revisions"}],"wp:attachment":[{"href":"https:\/\/lali-begood.com\/es\/wp-json\/wp\/v2\/media?parent=1589"}],"curies":[{"name":"wp","href":"https:\/\/api.w.org\/{rel}","templated":true}]}}